{"id":3779,"date":"2023-06-16T14:22:36","date_gmt":"2023-06-16T12:22:36","guid":{"rendered":"https:\/\/www.hotelalcantara.es\/privacy-policy\/"},"modified":"2023-06-16T14:46:19","modified_gmt":"2023-06-16T12:46:19","slug":"privacy","status":"publish","type":"page","link":"https:\/\/www.hotelalcantara.es\/en\/privacy\/","title":{"rendered":"Privacy policy"},"content":{"rendered":"<h1>Privacy policy<\/h1>\n<p>In compliance with the Organic law 15\/1999 regarding the Protection of Personal Details, we duly inform you that your personal details will be added to an automated file named CLIENTS-SUPPLIERS managed by YSASI HOTELES, S. L. whose aim is the management of clients and suppliers\u2019 details needed for development of the company\u2019s professional activities.<\/p>\n<p>This data will be used for the aforementioned purposes and will not be passed on the third parties.<\/p>\n<p>Should you wish to exercise your rights to access, rectify, cancel or oppose the use of this data, please contact the following address in writing: C\/ XIMENEZ DE ENCISO 28, 41004 SEVILLA.<\/p>\n","protected":false},"excerpt":{"rendered":"<p>Privacy policy In compliance with the Organic law 15\/1999 regarding the Protection of Personal Details, we duly inform you that your personal details will be added to an automated file named CLIENTS-SUPPLIERS managed by YSASI HOTELES, S. L. whose aim is the management of clients and suppliers\u2019 details needed for development of the company\u2019s professional [&hellip;]<\/p>\n","protected":false},"author":1236,"featured_media":0,"parent":0,"menu_order":220,"comment_status":"closed","ping_status":"closed","template":"","meta":{"footnotes":""},"class_list":["post-3779","page","type-page","status-publish","hentry"],"yoast_head":"<!-- This site is optimized with the Yoast SEO Premium plugin v27.2 (Yoast SEO v27.4) - https:\/\/yoast.com\/product\/yoast-seo-premium-wordpress\/ -->\n<title>Privacy policy &#8226; Hotel Alc\u00e1ntara<\/title>\n<meta name=\"description\" content=\"Privacy policy In compliance with the Organic law 15\/1999 regarding the Protection of Personal Details, we duly inform you that your personal details will\" \/>\n<meta name=\"robots\" content=\"noindex, follow\" \/>\n<meta property=\"og:locale\" content=\"en_US\" \/>\n<meta property=\"og:type\" content=\"article\" \/>\n<meta property=\"og:title\" content=\"Privacy policy\" \/>\n<meta property=\"og:description\" content=\"Privacy policy In compliance with the Organic law 15\/1999 regarding the Protection of Personal Details, we duly inform you that your personal details will\" \/>\n<meta property=\"og:url\" content=\"https:\/\/www.hotelalcantara.es\/en\/privacy\/\" \/>\n<meta property=\"og:site_name\" content=\"Hotel Alc\u00e1ntara\" \/>\n<meta property=\"article:publisher\" content=\"https:\/\/www.facebook.com\/hotelalcantarasevilla\" \/>\n<meta property=\"article:modified_time\" content=\"2023-06-16T12:46:19+00:00\" \/>\n<meta property=\"og:image\" content=\"https:\/\/www.hotelalcantara.es\/wp-content\/uploads\/2022\/11\/hotel-alcantara-sevilla.jpg\" \/>\n\t<meta property=\"og:image:width\" content=\"1920\" \/>\n\t<meta property=\"og:image:height\" content=\"1298\" \/>\n\t<meta property=\"og:image:type\" content=\"image\/jpeg\" \/>\n<meta name=\"twitter:card\" content=\"summary_large_image\" \/>\n<meta name=\"twitter:label1\" content=\"Est. reading time\" \/>\n\t<meta name=\"twitter:data1\" content=\"1 minute\" \/>\n<script type=\"application\/ld+json\" class=\"yoast-schema-graph\">{\"@context\":\"https:\\\/\\\/schema.org\",\"@graph\":[{\"@type\":\"WebPage\",\"@id\":\"https:\\\/\\\/www.hotelalcantara.es\\\/en\\\/privacy\\\/\",\"url\":\"https:\\\/\\\/www.hotelalcantara.es\\\/en\\\/privacy\\\/\",\"name\":\"Privacy policy &#8226; Hotel Alc\u00e1ntara\",\"isPartOf\":{\"@id\":\"https:\\\/\\\/www.hotelalcantara.es\\\/en\\\/#website\"},\"datePublished\":\"2023-06-16T12:22:36+00:00\",\"dateModified\":\"2023-06-16T12:46:19+00:00\",\"description\":\"Privacy policy In compliance with the Organic law 15\\\/1999 regarding the Protection of Personal Details, we duly inform you that your personal details will\",\"breadcrumb\":{\"@id\":\"https:\\\/\\\/www.hotelalcantara.es\\\/en\\\/privacy\\\/#breadcrumb\"},\"inLanguage\":\"en-US\",\"potentialAction\":[{\"@type\":\"ReadAction\",\"target\":[\"https:\\\/\\\/www.hotelalcantara.es\\\/en\\\/privacy\\\/\"]}]},{\"@type\":\"BreadcrumbList\",\"@id\":\"https:\\\/\\\/www.hotelalcantara.es\\\/en\\\/privacy\\\/#breadcrumb\",\"itemListElement\":[{\"@type\":\"ListItem\",\"position\":1,\"name\":\"Portada\",\"item\":\"https:\\\/\\\/www.hotelalcantara.es\\\/en\\\/\"},{\"@type\":\"ListItem\",\"position\":2,\"name\":\"Privacy policy\"}]},{\"@type\":\"WebSite\",\"@id\":\"https:\\\/\\\/www.hotelalcantara.es\\\/en\\\/#website\",\"url\":\"https:\\\/\\\/www.hotelalcantara.es\\\/en\\\/\",\"name\":\"Hotel Alc\u00e1ntara\",\"description\":\"Hotel centro de Sevilla\",\"publisher\":{\"@id\":\"https:\\\/\\\/www.hotelalcantara.es\\\/en\\\/#organization\"},\"potentialAction\":[{\"@type\":\"SearchAction\",\"target\":{\"@type\":\"EntryPoint\",\"urlTemplate\":\"https:\\\/\\\/www.hotelalcantara.es\\\/en\\\/?s={search_term_string}\"},\"query-input\":{\"@type\":\"PropertyValueSpecification\",\"valueRequired\":true,\"valueName\":\"search_term_string\"}}],\"inLanguage\":\"en-US\"},{\"@type\":[\"Organization\",\"Place\",\"Hotel\"],\"@id\":\"https:\\\/\\\/www.hotelalcantara.es\\\/en\\\/#organization\",\"name\":\"Hotel Alc\u00e1ntara Sevilla\",\"url\":\"https:\\\/\\\/www.hotelalcantara.es\\\/en\\\/\",\"logo\":{\"@id\":\"https:\\\/\\\/www.hotelalcantara.es\\\/en\\\/privacy\\\/#local-main-organization-logo\"},\"image\":{\"@id\":\"https:\\\/\\\/www.hotelalcantara.es\\\/en\\\/privacy\\\/#local-main-organization-logo\"},\"sameAs\":[\"https:\\\/\\\/www.facebook.com\\\/hotelalcantarasevilla\",\"https:\\\/\\\/www.instagram.com\\\/hotelalcantara\\\/\"],\"description\":\"El hotel Alc\u00e1ntara es un precioso hotel de dos estrellas ubicado en Sevilla centro, en pleno coraz\u00f3n del Barrio de Santa Cruz, en el conjunto hist\u00f3rico y monumental de Sevilla, donde la ciudad despega toda su belleza y misterio. El hotel, inaugurado en 2002, ocupaba en sus comienzos las antiguas dependencias de servicio y el huerto de una casa se\u00f1orial del siglo XV.\",\"legalName\":\"YSASI HOTELES S.L.\",\"foundingDate\":\"2002-01-01\",\"ownershipFundingInfo\":\"https:\\\/\\\/www.hotelalcantara.es\\\/aviso-legal\\\/\",\"address\":{\"@id\":\"https:\\\/\\\/www.hotelalcantara.es\\\/en\\\/privacy\\\/#local-main-place-address\"},\"geo\":{\"@type\":\"GeoCoordinates\",\"latitude\":\"37.38628\",\"longitude\":\"-5.9912469\"},\"telephone\":[\"+34954500595\"],\"openingHoursSpecification\":{\"@type\":\"OpeningHoursSpecification\",\"dayOfWeek\":[\"Monday\",\"Tuesday\",\"Wednesday\",\"Thursday\",\"Friday\",\"Saturday\",\"Sunday\"],\"opens\":\"00:00\",\"closes\":\"23:59\"},\"email\":\"info@hotelalcantara.net\",\"vatID\":\"B91036921\",\"taxID\":\"B91036921\",\"currenciesAccepted\":\"EUR,USD,GBP\",\"paymentAccepted\":\"Cash,Visa,AmericanExpress,MasterCard\"},{\"@type\":\"PostalAddress\",\"@id\":\"https:\\\/\\\/www.hotelalcantara.es\\\/en\\\/privacy\\\/#local-main-place-address\",\"streetAddress\":\"Xim\u00e9nez de Enciso 28\",\"addressLocality\":\"Sevilla\",\"postalCode\":\"41004\",\"addressRegion\":\"Sevilla\",\"addressCountry\":\"ES\"},{\"@type\":\"ImageObject\",\"inLanguage\":\"en-US\",\"@id\":\"https:\\\/\\\/www.hotelalcantara.es\\\/en\\\/privacy\\\/#local-main-organization-logo\",\"url\":\"https:\\\/\\\/www.hotelalcantara.es\\\/wp-content\\\/uploads\\\/2018\\\/07\\\/hotel-alcantara-logo.png\",\"contentUrl\":\"https:\\\/\\\/www.hotelalcantara.es\\\/wp-content\\\/uploads\\\/2018\\\/07\\\/hotel-alcantara-logo.png\",\"width\":205,\"height\":175,\"caption\":\"Hotel Alc\u00e1ntara Sevilla\"}]}<\/script>\n<meta name=\"geo.placename\" content=\"Sevilla\" \/>\n<meta name=\"geo.position\" content=\"37.38628;-5.9912469\" \/>\n<meta name=\"geo.region\" content=\"Spain\" \/>\n<!-- \/ Yoast SEO Premium plugin. -->","yoast_head_json":{"title":"Privacy policy &#8226; Hotel Alc\u00e1ntara","description":"Privacy policy In compliance with the Organic law 15\/1999 regarding the Protection of Personal Details, we duly inform you that your personal details will","robots":{"index":"noindex","follow":"follow"},"og_locale":"en_US","og_type":"article","og_title":"Privacy policy","og_description":"Privacy policy In compliance with the Organic law 15\/1999 regarding the Protection of Personal Details, we duly inform you that your personal details will","og_url":"https:\/\/www.hotelalcantara.es\/en\/privacy\/","og_site_name":"Hotel Alc\u00e1ntara","article_publisher":"https:\/\/www.facebook.com\/hotelalcantarasevilla","article_modified_time":"2023-06-16T12:46:19+00:00","og_image":[{"width":1920,"height":1298,"url":"https:\/\/www.hotelalcantara.es\/wp-content\/uploads\/2022\/11\/hotel-alcantara-sevilla.jpg","type":"image\/jpeg"}],"twitter_card":"summary_large_image","twitter_misc":{"Est. reading time":"1 minute"},"schema":{"@context":"https:\/\/schema.org","@graph":[{"@type":"WebPage","@id":"https:\/\/www.hotelalcantara.es\/en\/privacy\/","url":"https:\/\/www.hotelalcantara.es\/en\/privacy\/","name":"Privacy policy &#8226; Hotel Alc\u00e1ntara","isPartOf":{"@id":"https:\/\/www.hotelalcantara.es\/en\/#website"},"datePublished":"2023-06-16T12:22:36+00:00","dateModified":"2023-06-16T12:46:19+00:00","description":"Privacy policy In compliance with the Organic law 15\/1999 regarding the Protection of Personal Details, we duly inform you that your personal details will","breadcrumb":{"@id":"https:\/\/www.hotelalcantara.es\/en\/privacy\/#breadcrumb"},"inLanguage":"en-US","potentialAction":[{"@type":"ReadAction","target":["https:\/\/www.hotelalcantara.es\/en\/privacy\/"]}]},{"@type":"BreadcrumbList","@id":"https:\/\/www.hotelalcantara.es\/en\/privacy\/#breadcrumb","itemListElement":[{"@type":"ListItem","position":1,"name":"Portada","item":"https:\/\/www.hotelalcantara.es\/en\/"},{"@type":"ListItem","position":2,"name":"Privacy policy"}]},{"@type":"WebSite","@id":"https:\/\/www.hotelalcantara.es\/en\/#website","url":"https:\/\/www.hotelalcantara.es\/en\/","name":"Hotel Alc\u00e1ntara","description":"Hotel centro de Sevilla","publisher":{"@id":"https:\/\/www.hotelalcantara.es\/en\/#organization"},"potentialAction":[{"@type":"SearchAction","target":{"@type":"EntryPoint","urlTemplate":"https:\/\/www.hotelalcantara.es\/en\/?s={search_term_string}"},"query-input":{"@type":"PropertyValueSpecification","valueRequired":true,"valueName":"search_term_string"}}],"inLanguage":"en-US"},{"@type":["Organization","Place","Hotel"],"@id":"https:\/\/www.hotelalcantara.es\/en\/#organization","name":"Hotel Alc\u00e1ntara Sevilla","url":"https:\/\/www.hotelalcantara.es\/en\/","logo":{"@id":"https:\/\/www.hotelalcantara.es\/en\/privacy\/#local-main-organization-logo"},"image":{"@id":"https:\/\/www.hotelalcantara.es\/en\/privacy\/#local-main-organization-logo"},"sameAs":["https:\/\/www.facebook.com\/hotelalcantarasevilla","https:\/\/www.instagram.com\/hotelalcantara\/"],"description":"El hotel Alc\u00e1ntara es un precioso hotel de dos estrellas ubicado en Sevilla centro, en pleno coraz\u00f3n del Barrio de Santa Cruz, en el conjunto hist\u00f3rico y monumental de Sevilla, donde la ciudad despega toda su belleza y misterio. El hotel, inaugurado en 2002, ocupaba en sus comienzos las antiguas dependencias de servicio y el huerto de una casa se\u00f1orial del siglo XV.","legalName":"YSASI HOTELES S.L.","foundingDate":"2002-01-01","ownershipFundingInfo":"https:\/\/www.hotelalcantara.es\/aviso-legal\/","address":{"@id":"https:\/\/www.hotelalcantara.es\/en\/privacy\/#local-main-place-address"},"geo":{"@type":"GeoCoordinates","latitude":"37.38628","longitude":"-5.9912469"},"telephone":["+34954500595","+34954500595"],"openingHoursSpecification":{"@type":"OpeningHoursSpecification","dayOfWeek":["Monday","Tuesday","Wednesday","Thursday","Friday","Saturday","Sunday"],"opens":"00:00","closes":"23:59"},"email":"info@hotelalcantara.net","vatID":"B91036921","taxID":"B91036921","currenciesAccepted":"EUR,USD,GBP","paymentAccepted":"Cash,Visa,AmericanExpress,MasterCard"},{"@type":"PostalAddress","@id":"https:\/\/www.hotelalcantara.es\/en\/privacy\/#local-main-place-address","streetAddress":"Xim\u00e9nez de Enciso 28","addressLocality":"Sevilla","postalCode":"41004","addressRegion":"Sevilla","addressCountry":"ES"},{"@type":"ImageObject","inLanguage":"en-US","@id":"https:\/\/www.hotelalcantara.es\/en\/privacy\/#local-main-organization-logo","url":"https:\/\/www.hotelalcantara.es\/wp-content\/uploads\/2018\/07\/hotel-alcantara-logo.png","contentUrl":"https:\/\/www.hotelalcantara.es\/wp-content\/uploads\/2018\/07\/hotel-alcantara-logo.png","width":205,"height":175,"caption":"Hotel Alc\u00e1ntara Sevilla"}]},"geo.placename":"Sevilla","geo.position":{"lat":"37.38628","long":"-5.9912469"},"geo.region":"Spain"},"_links":{"self":[{"href":"https:\/\/www.hotelalcantara.es\/en\/wp-json\/wp\/v2\/pages\/3779","targetHints":{"allow":["GET"]}}],"collection":[{"href":"https:\/\/www.hotelalcantara.es\/en\/wp-json\/wp\/v2\/pages"}],"about":[{"href":"https:\/\/www.hotelalcantara.es\/en\/wp-json\/wp\/v2\/types\/page"}],"author":[{"embeddable":true,"href":"https:\/\/www.hotelalcantara.es\/en\/wp-json\/wp\/v2\/users\/1236"}],"replies":[{"embeddable":true,"href":"https:\/\/www.hotelalcantara.es\/en\/wp-json\/wp\/v2\/comments?post=3779"}],"version-history":[{"count":0,"href":"https:\/\/www.hotelalcantara.es\/en\/wp-json\/wp\/v2\/pages\/3779\/revisions"}],"wp:attachment":[{"href":"https:\/\/www.hotelalcantara.es\/en\/wp-json\/wp\/v2\/media?parent=3779"}],"curies":[{"name":"wp","href":"https:\/\/api.w.org\/{rel}","templated":true}]}}