{"id":822,"date":"2018-06-27T14:22:56","date_gmt":"2018-06-27T12:22:56","guid":{"rendered":"https:\/\/www.hotelalcantara.es\/el-hotel\/servicios\/"},"modified":"2023-11-16T20:27:52","modified_gmt":"2023-11-16T19:27:52","slug":"services","status":"publish","type":"page","link":"https:\/\/www.hotelalcantara.es\/en\/the-hotel\/services\/","title":{"rendered":"Services"},"content":{"rendered":"<div id='full_slider_1'  class='avia-fullwidth-slider main_color avia-shadow   avia-builder-el-0  el_before_av_section  avia-builder-el-first   container_wrap fullsize'  >\n<style type=\"text\/css\" data-created_by=\"avia_inline_auto\" id=\"style-css-av-av_slideshow_full-32de997090c749a8c82b86d1ff824dd4\">\n#top .avia-slideshow .av-slideshow-caption.av-av_slideshow_full-32de997090c749a8c82b86d1ff824dd4__0 .avia-caption-content{\nfont-size:50px;\ncolor:#ffffff;\n}\n#top .avia-slideshow .av-slideshow-caption.av-av_slideshow_full-32de997090c749a8c82b86d1ff824dd4__0 .avia-caption-content p{\nfont-size:50px;\n}\n<\/style>\n<div  class='avia-slideshow av-av_slideshow_full-32de997090c749a8c82b86d1ff824dd4 avia-slideshow-featured av_slideshow_full avia-slide-slider av-slideshow-ui av-control-default av-slideshow-manual av-loop-once av-loop-manual-endless av-default-height-applied   avia-slideshow-1' data-slideshow-options=\"{&quot;animation&quot;:&quot;slide&quot;,&quot;autoplay&quot;:false,&quot;loop_autoplay&quot;:&quot;once&quot;,&quot;interval&quot;:5,&quot;loop_manual&quot;:&quot;manual-endless&quot;,&quot;autoplay_stopper&quot;:false,&quot;noNavigation&quot;:false,&quot;bg_slider&quot;:false,&quot;keep_padding&quot;:false,&quot;hoverpause&quot;:false,&quot;show_slide_delay&quot;:0}\" ><ul class='avia-slideshow-inner ' style='padding-bottom: 23.285714285714%;'><li  class='avia-slideshow-slide av-av_slideshow_full-32de997090c749a8c82b86d1ff824dd4__0  av-single-slide slide-1 slide-odd'><div data-rel='slideshow-1' class='avia-slide-wrap '   ><div class='av-slideshow-caption av-av_slideshow_full-32de997090c749a8c82b86d1ff824dd4__0 caption_fullwidth caption_center'><div class=\"container caption_container\"><div class=\"slideshow_caption\"><div class=\"slideshow_inner_caption\"><div class=\"slideshow_align_caption\"><div class='avia-caption-content av_inherit_color' ><p><span class=\"sombra\">BREAKFAST UNDER<b>THE SEVILLIAN SUNLIGHT<\/b><\/span><\/p>\n<\/div><\/div><\/div><\/div><\/div><\/div><img decoding=\"async\" fetchpriority=\"high\" class=\"wp-image-1036 avia-img-lazy-loading-not-1036\"  src=\"https:\/\/www.hotelalcantara.es\/wp-content\/uploads\/2018\/07\/bg_servicios.jpg\" width=\"1400\" height=\"326\" title='bg_servicios' alt='' srcset=\"https:\/\/www.hotelalcantara.es\/wp-content\/uploads\/2018\/07\/bg_servicios.jpg 1400w, https:\/\/www.hotelalcantara.es\/wp-content\/uploads\/2018\/07\/bg_servicios-300x70.jpg 300w, https:\/\/www.hotelalcantara.es\/wp-content\/uploads\/2018\/07\/bg_servicios-768x179.jpg 768w, https:\/\/www.hotelalcantara.es\/wp-content\/uploads\/2018\/07\/bg_servicios-1030x240.jpg 1030w, https:\/\/www.hotelalcantara.es\/wp-content\/uploads\/2018\/07\/bg_servicios-1288x300.jpg 1288w, https:\/\/www.hotelalcantara.es\/wp-content\/uploads\/2018\/07\/bg_servicios-705x164.jpg 705w, https:\/\/www.hotelalcantara.es\/wp-content\/uploads\/2018\/07\/bg_servicios-450x105.jpg 450w\" sizes=\"(max-width: 1400px) 100vw, 1400px\" \/><\/div><\/li><\/ul><\/div><\/div>\n<div id='av_section_1'  class='avia-section av-av_section-f3892e610ee9633c68397830e8f2c661 main_color avia-section-default avia-no-border-styling  avia-builder-el-1  el_after_av_slideshow_full  avia-builder-el-last  avia-bg-style-scroll container_wrap fullsize'  ><div class='container av-section-cont-open' ><div class='template-page content  av-content-full alpha units'><div class='post-entry post-entry-type-page post-entry-822'><div class='entry-content-wrapper clearfix'>\n<div class='flex_column_table av-av_one_half-67adf0f1abfc2242a214758f2160949a sc-av_one_half av-equal-height-column-flextable'>\n<style type=\"text\/css\" data-created_by=\"avia_inline_auto\" id=\"style-css-av-av_one_half-67adf0f1abfc2242a214758f2160949a\">\n.flex_column.av-av_one_half-67adf0f1abfc2242a214758f2160949a{\nborder-radius:0px 0px 0px 0px;\npadding:0px 0px 0px 0px;\n}\n<\/style>\n<div  class='flex_column av-av_one_half-67adf0f1abfc2242a214758f2160949a av_one_half  avia-builder-el-2  el_before_av_one_half  avia-builder-el-first  first flex_column_table_cell av-equal-height-column av-align-top av-zero-column-padding  '     ><section  class='av_textblock_section av-av_textblock-2de302bf1aa3cf4c9157dbe6f50ac7eb '  ><div class='avia_textblock' ><div class=\"grid_3\">\n<h1><strong>Hotel<\/strong> Services<\/h1>\n<p>Our hotel has everything you could need so that your stay will be comfortable and enjoyable, both in our hotel and in the city of Seville.<\/p>\n<p>Our staff will be delighted to guide you and help you so that you enjoy yourself as much as possible in our hotel and its outstanding surrounding areas.<\/p>\n<\/div>\n<\/div><\/section><br \/>\n\n<style type=\"text\/css\" data-created_by=\"avia_inline_auto\" id=\"style-css-av-lp1l2q12-6e3c28c5b0df3e07d92f485954fa08d1\">\n.avia-image-container.av-lp1l2q12-6e3c28c5b0df3e07d92f485954fa08d1 img.avia_image{\nbox-shadow:none;\n}\n.avia-image-container.av-lp1l2q12-6e3c28c5b0df3e07d92f485954fa08d1 .av-image-caption-overlay-center{\ncolor:#ffffff;\n}\n<\/style>\n<div  class='avia-image-container av-lp1l2q12-6e3c28c5b0df3e07d92f485954fa08d1 av-styling- avia-align-center  avia-builder-el-4  el_after_av_textblock  avia-builder-el-last  av-small-hide av-mini-hide'  ><div class=\"avia-image-container-inner\"><div class=\"avia-image-overlay-wrap\"><img decoding=\"async\" fetchpriority=\"high\" class='wp-image-3873 avia-img-lazy-loading-not-3873 avia_image ' src=\"https:\/\/www.hotelalcantara.es\/wp-content\/uploads\/2023\/11\/servicios-del-hotel.jpg\" alt='' title='Servicios-del-Hotel'  height=\"641\" width=\"900\" srcset=\"https:\/\/www.hotelalcantara.es\/wp-content\/uploads\/2023\/11\/servicios-del-hotel.jpg 900w, https:\/\/www.hotelalcantara.es\/wp-content\/uploads\/2023\/11\/servicios-del-hotel-300x214.jpg 300w, https:\/\/www.hotelalcantara.es\/wp-content\/uploads\/2023\/11\/servicios-del-hotel-768x547.jpg 768w, https:\/\/www.hotelalcantara.es\/wp-content\/uploads\/2023\/11\/servicios-del-hotel-260x185.jpg 260w, https:\/\/www.hotelalcantara.es\/wp-content\/uploads\/2023\/11\/servicios-del-hotel-705x502.jpg 705w\" sizes=\"(max-width: 900px) 100vw, 900px\" \/><\/div><\/div><\/div><\/p><\/div><div class='av-flex-placeholder'><\/div>\n<style type=\"text\/css\" data-created_by=\"avia_inline_auto\" id=\"style-css-av-av_one_half-c8fc129dc35fd1ae2a1e410224d39ea8\">\n.flex_column.av-av_one_half-c8fc129dc35fd1ae2a1e410224d39ea8{\nborder-radius:0px 0px 0px 0px;\npadding:0px 0px 0px 0px;\n}\n<\/style>\n<div  class='flex_column av-av_one_half-c8fc129dc35fd1ae2a1e410224d39ea8 av_one_half  avia-builder-el-5  el_after_av_one_half  avia-builder-el-last  flex_column_table_cell av-equal-height-column av-align-top av-zero-column-padding  '     ><div  class='avia-builder-widget-area clearfix  avia-builder-el-6  avia-builder-el-no-sibling '><div id=\"custom_html-3\" class=\"widget_text widget clearfix widget_custom_html\"><div class=\"textwidget custom-html-widget\"><div class=\"servicios\">\r\n<h3>Our <strong>Services<\/strong><\/h3>\r\n<table>\r\n<tbody>\r\n<tr>\r\n<td><img decoding=\"async\" src=\"\/wp-content\/uploads\/2025\/05\/icono-servicio-00001.png\" alt=\"Wake-up service\"><\/td>\r\n<td>Wake-up service<\/td>\r\n<\/tr>\r\n<tr>\r\n<td><img decoding=\"async\" src=\"\/wp-content\/uploads\/2025\/05\/icono-servicio-00002.png\" alt=\"Buffet breakfast\"><\/td>\r\n<td>Buffet breakfast from 7:30 to 10:30 a.m. (\u20ac10.50 per person)<\/td>\r\n<\/tr>\r\n<tr>\r\n<td><img decoding=\"async\" src=\"\/wp-content\/uploads\/2025\/05\/icono-servicio-00003.png\" alt=\"Breakfast picnic available\"><\/td>\r\n<td>Breakfast picnic available before 7:30 a.m.  \r\n(Request in advance)<\/td>\r\n<\/tr>\r\n<tr>\r\n<td><img decoding=\"async\" src=\"\/wp-content\/uploads\/2025\/05\/icono-servicio-00004.png\" alt=\"High chair for babies during breakfast\"><\/td>\r\n<td>High chair for babies during breakfast<\/td>\r\n<\/tr>\r\n<tr>\r\n<td><img decoding=\"async\" src=\"\/wp-content\/uploads\/2025\/05\/icono-servicio-00005.png\" alt=\"Luggage storage\"><\/td>\r\n<td>Luggage storage<\/td>\r\n<\/tr>\r\n<tr>\r\n<td><img decoding=\"async\" src=\"\/wp-content\/uploads\/2025\/05\/icono-servicio-00006.png\" alt=\"Luggage scale\"><\/td>\r\n<td>Luggage scale<\/td>\r\n<\/tr>\r\n<tr>\r\n<td><img decoding=\"async\" src=\"\/wp-content\/uploads\/2025\/05\/icono-servicio-00007.png\" alt=\"Printing of boarding passes and other documents\"><\/td>\r\n<td>Printing of boarding passes and other documents<\/td>\r\n<\/tr>\r\n<tr>\r\n<td><img decoding=\"async\" src=\"\/wp-content\/uploads\/2025\/05\/icono-servicio-00008.png\" alt=\"Free coffee and tea outside breakfast hours\"><\/td>\r\n<td>Free coffee and tea outside breakfast hours<\/td>\r\n<\/tr>\r\n<tr>\r\n<td><img decoding=\"async\" src=\"\/wp-content\/uploads\/2025\/05\/icono-servicio-00009.png\" alt=\"Discount booking at La Casa del Flamenco\"><\/td>\r\n<td>Discount booking at La Casa del Flamenco<\/td>\r\n<\/tr>\r\n<tr>\r\n<td><img decoding=\"async\" src=\"\/wp-content\/uploads\/2025\/05\/icono-servicio-00010.png\" alt=\"Bicycle parking\"><\/td>\r\n<td>Bicycle parking<\/td>\r\n<\/tr>\r\n<tr>\r\n<td><img decoding=\"async\" src=\"\/wp-content\/uploads\/2025\/05\/icono-servicio-00011.png\" alt=\"Safe at reception\"><\/td>\r\n<td>Safe at reception<\/td>\r\n<\/tr>\r\n<tr>\r\n<td><img decoding=\"async\" src=\"\/wp-content\/uploads\/2025\/05\/icono-servicio-00012.png\" alt=\"Iron and ironing board\"><\/td>\r\n<td>Iron and ironing board<\/td>\r\n<\/tr>\r\n<tr>\r\n<td><img decoding=\"async\" src=\"\/wp-content\/uploads\/2025\/05\/icono-servicio-00013.png\" alt=\"Plug adapters\"><\/td>\r\n<td>Plug adapters<\/td>\r\n<\/tr>\r\n<tr>\r\n<td><img decoding=\"async\" src=\"\/wp-content\/uploads\/2025\/05\/icono-servicio-00014.png\" alt=\"Taxi booking\"><\/td>\r\n<td>Taxi booking<\/td>\r\n<\/tr>\r\n<tr>\r\n<td><img decoding=\"async\" src=\"\/wp-content\/uploads\/2025\/05\/icono-servicio-00015.png\" alt=\"Umbrella loan service\"><\/td>\r\n<td>Umbrella loan service<\/td>\r\n<\/tr>\r\n<tr>\r\n<td><img decoding=\"async\" src=\"\/wp-content\/uploads\/2025\/05\/icono-servicio-00016.png\" alt=\"Soft drinks vending machine\"><\/td>\r\n<td>Soft drinks vending machine<\/td>\r\n<\/tr>\r\n<tr>\r\n<td><img decoding=\"async\" src=\"\/wp-content\/uploads\/2023\/09\/pets.svg\" alt=\"pets not allowed\"><\/td>\r\n<td>No pets allowed (except assistance animals)<\/td>\r\n<\/tr>\r\n<tr>\r\n<td><img decoding=\"async\" src=\"\/wp-content\/uploads\/2025\/05\/icono-servicio-00017.png\" alt=\"the best recommendations in Seville\"><\/td>\r\n<td>And of course, our top recommendations for Seville<\/td>\r\n<\/tr>\r\n<\/tbody>\r\n<\/table>\r\n<\/div>\r\n<\/div><\/div><\/div><\/div><\/div><!--close column table wrapper. Autoclose: 1 -->\n","protected":false},"excerpt":{"rendered":"","protected":false},"author":1235,"featured_media":0,"parent":806,"menu_order":30,"comment_status":"closed","ping_status":"closed","template":"","meta":{"footnotes":""},"class_list":["post-822","page","type-page","status-publish","hentry"],"yoast_head":"<!-- This site is optimized with the Yoast SEO Premium plugin v27.2 (Yoast SEO v27.4) - https:\/\/yoast.com\/product\/yoast-seo-premium-wordpress\/ -->\n<title>Services &#8226; Hotel Alc\u00e1ntara Seville<\/title>\n<meta name=\"description\" content=\"Our hotel provides everything you need to make your stay comfortable and enjoyable, both within our facilities and during your visit to the city.\" \/>\n<meta name=\"robots\" content=\"index, follow, max-snippet:-1, max-image-preview:large, max-video-preview:-1\" \/>\n<link rel=\"canonical\" href=\"https:\/\/www.hotelalcantara.es\/en\/the-hotel\/services\/\" \/>\n<meta property=\"og:locale\" content=\"en_US\" \/>\n<meta property=\"og:type\" content=\"article\" \/>\n<meta property=\"og:title\" content=\"Services\" \/>\n<meta property=\"og:description\" content=\"Our hotel provides everything you need to make your stay comfortable and enjoyable, both within our facilities and during your visit to the city.\" \/>\n<meta property=\"og:url\" content=\"https:\/\/www.hotelalcantara.es\/en\/the-hotel\/services\/\" \/>\n<meta property=\"og:site_name\" content=\"Hotel Alc\u00e1ntara\" \/>\n<meta property=\"article:publisher\" content=\"https:\/\/www.facebook.com\/hotelalcantarasevilla\" \/>\n<meta property=\"article:modified_time\" content=\"2023-11-16T19:27:52+00:00\" \/>\n<meta property=\"og:image\" content=\"https:\/\/www.hotelalcantara.es\/wp-content\/uploads\/2021\/06\/zaguanconflamenco.jpg\" \/>\n\t<meta property=\"og:image:width\" content=\"1000\" \/>\n\t<meta property=\"og:image:height\" content=\"676\" \/>\n\t<meta property=\"og:image:type\" content=\"image\/jpeg\" \/>\n<meta name=\"twitter:card\" content=\"summary_large_image\" \/>\n<meta name=\"twitter:image\" content=\"https:\/\/www.hotelalcantara.es\/wp-content\/uploads\/2021\/06\/zaguanconflamenco.jpg\" \/>\n<meta name=\"twitter:label1\" content=\"Est. reading time\" \/>\n\t<meta name=\"twitter:data1\" content=\"4 minutes\" \/>\n<script type=\"application\/ld+json\" class=\"yoast-schema-graph\">{\"@context\":\"https:\\\/\\\/schema.org\",\"@graph\":[{\"@type\":\"WebPage\",\"@id\":\"https:\\\/\\\/www.hotelalcantara.es\\\/en\\\/the-hotel\\\/services\\\/\",\"url\":\"https:\\\/\\\/www.hotelalcantara.es\\\/en\\\/the-hotel\\\/services\\\/\",\"name\":\"Services &#8226; Hotel Alc\u00e1ntara Seville\",\"isPartOf\":{\"@id\":\"https:\\\/\\\/www.hotelalcantara.es\\\/en\\\/#website\"},\"datePublished\":\"2018-06-27T12:22:56+00:00\",\"dateModified\":\"2023-11-16T19:27:52+00:00\",\"description\":\"Our hotel provides everything you need to make your stay comfortable and enjoyable, both within our facilities and during your visit to the city.\",\"breadcrumb\":{\"@id\":\"https:\\\/\\\/www.hotelalcantara.es\\\/en\\\/the-hotel\\\/services\\\/#breadcrumb\"},\"inLanguage\":\"en-US\",\"potentialAction\":[{\"@type\":\"ReadAction\",\"target\":[\"https:\\\/\\\/www.hotelalcantara.es\\\/en\\\/the-hotel\\\/services\\\/\"]}]},{\"@type\":\"BreadcrumbList\",\"@id\":\"https:\\\/\\\/www.hotelalcantara.es\\\/en\\\/the-hotel\\\/services\\\/#breadcrumb\",\"itemListElement\":[{\"@type\":\"ListItem\",\"position\":1,\"name\":\"Portada\",\"item\":\"https:\\\/\\\/www.hotelalcantara.es\\\/en\\\/\"},{\"@type\":\"ListItem\",\"position\":2,\"name\":\"The Hotel\",\"item\":\"https:\\\/\\\/www.hotelalcantara.es\\\/en\\\/the-hotel\\\/\"},{\"@type\":\"ListItem\",\"position\":3,\"name\":\"Services\"}]},{\"@type\":\"WebSite\",\"@id\":\"https:\\\/\\\/www.hotelalcantara.es\\\/en\\\/#website\",\"url\":\"https:\\\/\\\/www.hotelalcantara.es\\\/en\\\/\",\"name\":\"Hotel Alc\u00e1ntara\",\"description\":\"Hotel centro de Sevilla\",\"publisher\":{\"@id\":\"https:\\\/\\\/www.hotelalcantara.es\\\/en\\\/#organization\"},\"potentialAction\":[{\"@type\":\"SearchAction\",\"target\":{\"@type\":\"EntryPoint\",\"urlTemplate\":\"https:\\\/\\\/www.hotelalcantara.es\\\/en\\\/?s={search_term_string}\"},\"query-input\":{\"@type\":\"PropertyValueSpecification\",\"valueRequired\":true,\"valueName\":\"search_term_string\"}}],\"inLanguage\":\"en-US\"},{\"@type\":[\"Organization\",\"Place\",\"Hotel\"],\"@id\":\"https:\\\/\\\/www.hotelalcantara.es\\\/en\\\/#organization\",\"name\":\"Hotel Alc\u00e1ntara Sevilla\",\"url\":\"https:\\\/\\\/www.hotelalcantara.es\\\/en\\\/\",\"logo\":{\"@id\":\"https:\\\/\\\/www.hotelalcantara.es\\\/en\\\/the-hotel\\\/services\\\/#local-main-organization-logo\"},\"image\":{\"@id\":\"https:\\\/\\\/www.hotelalcantara.es\\\/en\\\/the-hotel\\\/services\\\/#local-main-organization-logo\"},\"sameAs\":[\"https:\\\/\\\/www.facebook.com\\\/hotelalcantarasevilla\",\"https:\\\/\\\/www.instagram.com\\\/hotelalcantara\\\/\"],\"description\":\"El hotel Alc\u00e1ntara es un precioso hotel de dos estrellas ubicado en Sevilla centro, en pleno coraz\u00f3n del Barrio de Santa Cruz, en el conjunto hist\u00f3rico y monumental de Sevilla, donde la ciudad despega toda su belleza y misterio. El hotel, inaugurado en 2002, ocupaba en sus comienzos las antiguas dependencias de servicio y el huerto de una casa se\u00f1orial del siglo XV.\",\"legalName\":\"YSASI HOTELES S.L.\",\"foundingDate\":\"2002-01-01\",\"ownershipFundingInfo\":\"https:\\\/\\\/www.hotelalcantara.es\\\/aviso-legal\\\/\",\"address\":{\"@id\":\"https:\\\/\\\/www.hotelalcantara.es\\\/en\\\/the-hotel\\\/services\\\/#local-main-place-address\"},\"geo\":{\"@type\":\"GeoCoordinates\",\"latitude\":\"37.38628\",\"longitude\":\"-5.9912469\"},\"telephone\":[\"+34954500595\"],\"openingHoursSpecification\":{\"@type\":\"OpeningHoursSpecification\",\"dayOfWeek\":[\"Monday\",\"Tuesday\",\"Wednesday\",\"Thursday\",\"Friday\",\"Saturday\",\"Sunday\"],\"opens\":\"00:00\",\"closes\":\"23:59\"},\"email\":\"info@hotelalcantara.net\",\"vatID\":\"B91036921\",\"taxID\":\"B91036921\",\"currenciesAccepted\":\"EUR,USD,GBP\",\"paymentAccepted\":\"Cash,Visa,AmericanExpress,MasterCard\"},{\"@type\":\"PostalAddress\",\"@id\":\"https:\\\/\\\/www.hotelalcantara.es\\\/en\\\/the-hotel\\\/services\\\/#local-main-place-address\",\"streetAddress\":\"Xim\u00e9nez de Enciso 28\",\"addressLocality\":\"Sevilla\",\"postalCode\":\"41004\",\"addressRegion\":\"Sevilla\",\"addressCountry\":\"ES\"},{\"@type\":\"ImageObject\",\"inLanguage\":\"en-US\",\"@id\":\"https:\\\/\\\/www.hotelalcantara.es\\\/en\\\/the-hotel\\\/services\\\/#local-main-organization-logo\",\"url\":\"https:\\\/\\\/www.hotelalcantara.es\\\/wp-content\\\/uploads\\\/2018\\\/07\\\/hotel-alcantara-logo.png\",\"contentUrl\":\"https:\\\/\\\/www.hotelalcantara.es\\\/wp-content\\\/uploads\\\/2018\\\/07\\\/hotel-alcantara-logo.png\",\"width\":205,\"height\":175,\"caption\":\"Hotel Alc\u00e1ntara Sevilla\"}]}<\/script>\n<meta name=\"geo.placename\" content=\"Sevilla\" \/>\n<meta name=\"geo.position\" content=\"37.38628;-5.9912469\" \/>\n<meta name=\"geo.region\" content=\"Spain\" \/>\n<!-- \/ Yoast SEO Premium plugin. -->","yoast_head_json":{"title":"Services &#8226; Hotel Alc\u00e1ntara Seville","description":"Our hotel provides everything you need to make your stay comfortable and enjoyable, both within our facilities and during your visit to the city.","robots":{"index":"index","follow":"follow","max-snippet":"max-snippet:-1","max-image-preview":"max-image-preview:large","max-video-preview":"max-video-preview:-1"},"canonical":"https:\/\/www.hotelalcantara.es\/en\/the-hotel\/services\/","og_locale":"en_US","og_type":"article","og_title":"Services","og_description":"Our hotel provides everything you need to make your stay comfortable and enjoyable, both within our facilities and during your visit to the city.","og_url":"https:\/\/www.hotelalcantara.es\/en\/the-hotel\/services\/","og_site_name":"Hotel Alc\u00e1ntara","article_publisher":"https:\/\/www.facebook.com\/hotelalcantarasevilla","article_modified_time":"2023-11-16T19:27:52+00:00","og_image":[{"width":1000,"height":676,"url":"https:\/\/www.hotelalcantara.es\/wp-content\/uploads\/2021\/06\/zaguanconflamenco.jpg","type":"image\/jpeg"}],"twitter_card":"summary_large_image","twitter_image":"https:\/\/www.hotelalcantara.es\/wp-content\/uploads\/2021\/06\/zaguanconflamenco.jpg","twitter_misc":{"Est. reading time":"4 minutes"},"schema":{"@context":"https:\/\/schema.org","@graph":[{"@type":"WebPage","@id":"https:\/\/www.hotelalcantara.es\/en\/the-hotel\/services\/","url":"https:\/\/www.hotelalcantara.es\/en\/the-hotel\/services\/","name":"Services &#8226; Hotel Alc\u00e1ntara Seville","isPartOf":{"@id":"https:\/\/www.hotelalcantara.es\/en\/#website"},"datePublished":"2018-06-27T12:22:56+00:00","dateModified":"2023-11-16T19:27:52+00:00","description":"Our hotel provides everything you need to make your stay comfortable and enjoyable, both within our facilities and during your visit to the city.","breadcrumb":{"@id":"https:\/\/www.hotelalcantara.es\/en\/the-hotel\/services\/#breadcrumb"},"inLanguage":"en-US","potentialAction":[{"@type":"ReadAction","target":["https:\/\/www.hotelalcantara.es\/en\/the-hotel\/services\/"]}]},{"@type":"BreadcrumbList","@id":"https:\/\/www.hotelalcantara.es\/en\/the-hotel\/services\/#breadcrumb","itemListElement":[{"@type":"ListItem","position":1,"name":"Portada","item":"https:\/\/www.hotelalcantara.es\/en\/"},{"@type":"ListItem","position":2,"name":"The Hotel","item":"https:\/\/www.hotelalcantara.es\/en\/the-hotel\/"},{"@type":"ListItem","position":3,"name":"Services"}]},{"@type":"WebSite","@id":"https:\/\/www.hotelalcantara.es\/en\/#website","url":"https:\/\/www.hotelalcantara.es\/en\/","name":"Hotel Alc\u00e1ntara","description":"Hotel centro de Sevilla","publisher":{"@id":"https:\/\/www.hotelalcantara.es\/en\/#organization"},"potentialAction":[{"@type":"SearchAction","target":{"@type":"EntryPoint","urlTemplate":"https:\/\/www.hotelalcantara.es\/en\/?s={search_term_string}"},"query-input":{"@type":"PropertyValueSpecification","valueRequired":true,"valueName":"search_term_string"}}],"inLanguage":"en-US"},{"@type":["Organization","Place","Hotel"],"@id":"https:\/\/www.hotelalcantara.es\/en\/#organization","name":"Hotel Alc\u00e1ntara Sevilla","url":"https:\/\/www.hotelalcantara.es\/en\/","logo":{"@id":"https:\/\/www.hotelalcantara.es\/en\/the-hotel\/services\/#local-main-organization-logo"},"image":{"@id":"https:\/\/www.hotelalcantara.es\/en\/the-hotel\/services\/#local-main-organization-logo"},"sameAs":["https:\/\/www.facebook.com\/hotelalcantarasevilla","https:\/\/www.instagram.com\/hotelalcantara\/"],"description":"El hotel Alc\u00e1ntara es un precioso hotel de dos estrellas ubicado en Sevilla centro, en pleno coraz\u00f3n del Barrio de Santa Cruz, en el conjunto hist\u00f3rico y monumental de Sevilla, donde la ciudad despega toda su belleza y misterio. El hotel, inaugurado en 2002, ocupaba en sus comienzos las antiguas dependencias de servicio y el huerto de una casa se\u00f1orial del siglo XV.","legalName":"YSASI HOTELES S.L.","foundingDate":"2002-01-01","ownershipFundingInfo":"https:\/\/www.hotelalcantara.es\/aviso-legal\/","address":{"@id":"https:\/\/www.hotelalcantara.es\/en\/the-hotel\/services\/#local-main-place-address"},"geo":{"@type":"GeoCoordinates","latitude":"37.38628","longitude":"-5.9912469"},"telephone":["+34954500595","+34954500595"],"openingHoursSpecification":{"@type":"OpeningHoursSpecification","dayOfWeek":["Monday","Tuesday","Wednesday","Thursday","Friday","Saturday","Sunday"],"opens":"00:00","closes":"23:59"},"email":"info@hotelalcantara.net","vatID":"B91036921","taxID":"B91036921","currenciesAccepted":"EUR,USD,GBP","paymentAccepted":"Cash,Visa,AmericanExpress,MasterCard"},{"@type":"PostalAddress","@id":"https:\/\/www.hotelalcantara.es\/en\/the-hotel\/services\/#local-main-place-address","streetAddress":"Xim\u00e9nez de Enciso 28","addressLocality":"Sevilla","postalCode":"41004","addressRegion":"Sevilla","addressCountry":"ES"},{"@type":"ImageObject","inLanguage":"en-US","@id":"https:\/\/www.hotelalcantara.es\/en\/the-hotel\/services\/#local-main-organization-logo","url":"https:\/\/www.hotelalcantara.es\/wp-content\/uploads\/2018\/07\/hotel-alcantara-logo.png","contentUrl":"https:\/\/www.hotelalcantara.es\/wp-content\/uploads\/2018\/07\/hotel-alcantara-logo.png","width":205,"height":175,"caption":"Hotel Alc\u00e1ntara Sevilla"}]},"geo.placename":"Sevilla","geo.position":{"lat":"37.38628","long":"-5.9912469"},"geo.region":"Spain"},"_links":{"self":[{"href":"https:\/\/www.hotelalcantara.es\/en\/wp-json\/wp\/v2\/pages\/822","targetHints":{"allow":["GET"]}}],"collection":[{"href":"https:\/\/www.hotelalcantara.es\/en\/wp-json\/wp\/v2\/pages"}],"about":[{"href":"https:\/\/www.hotelalcantara.es\/en\/wp-json\/wp\/v2\/types\/page"}],"author":[{"embeddable":true,"href":"https:\/\/www.hotelalcantara.es\/en\/wp-json\/wp\/v2\/users\/1235"}],"replies":[{"embeddable":true,"href":"https:\/\/www.hotelalcantara.es\/en\/wp-json\/wp\/v2\/comments?post=822"}],"version-history":[{"count":0,"href":"https:\/\/www.hotelalcantara.es\/en\/wp-json\/wp\/v2\/pages\/822\/revisions"}],"up":[{"embeddable":true,"href":"https:\/\/www.hotelalcantara.es\/en\/wp-json\/wp\/v2\/pages\/806"}],"wp:attachment":[{"href":"https:\/\/www.hotelalcantara.es\/en\/wp-json\/wp\/v2\/media?parent=822"}],"curies":[{"name":"wp","href":"https:\/\/api.w.org\/{rel}","templated":true}]}}