{"id":827,"date":"2018-06-27T14:23:24","date_gmt":"2018-06-27T12:23:24","guid":{"rendered":"https:\/\/www.hotelalcantara.es\/el-hotel\/ubicacion\/"},"modified":"2025-10-28T15:34:53","modified_gmt":"2025-10-28T14:34:53","slug":"location","status":"publish","type":"page","link":"https:\/\/www.hotelalcantara.es\/en\/the-hotel\/location\/","title":{"rendered":"Location"},"content":{"rendered":"<div id='full_slider_1'  class='avia-fullwidth-slider main_color avia-shadow   avia-builder-el-0  el_before_av_section  avia-builder-el-first   container_wrap fullsize'  >\n<style type=\"text\/css\" data-created_by=\"avia_inline_auto\" id=\"style-css-av-16j83f-c8d6d7b7f5bfdb894d3a260d4bff8112\">\n#top .avia-slideshow .av-slideshow-caption.av-16j83f-c8d6d7b7f5bfdb894d3a260d4bff8112__0 .avia-caption-content{\nfont-size:50px;\ncolor:#ffffff;\n}\n#top .avia-slideshow .av-slideshow-caption.av-16j83f-c8d6d7b7f5bfdb894d3a260d4bff8112__0 .avia-caption-content p{\nfont-size:50px;\n}\n<\/style>\n<div  class='avia-slideshow av-16j83f-c8d6d7b7f5bfdb894d3a260d4bff8112 avia-slideshow-featured av_slideshow_full avia-slide-slider av-slideshow-ui av-control-default av-slideshow-manual av-loop-once av-loop-manual-endless av-default-height-applied   avia-slideshow-1' data-slideshow-options=\"{&quot;animation&quot;:&quot;slide&quot;,&quot;autoplay&quot;:false,&quot;loop_autoplay&quot;:&quot;once&quot;,&quot;interval&quot;:5,&quot;loop_manual&quot;:&quot;manual-endless&quot;,&quot;autoplay_stopper&quot;:false,&quot;noNavigation&quot;:false,&quot;bg_slider&quot;:false,&quot;keep_padding&quot;:false,&quot;hoverpause&quot;:false,&quot;show_slide_delay&quot;:0}\" ><ul class='avia-slideshow-inner ' style='padding-bottom: 23.285714285714%;'><li  class='avia-slideshow-slide av-16j83f-c8d6d7b7f5bfdb894d3a260d4bff8112__0  av-single-slide slide-1 slide-odd'><div data-rel='slideshow-1' class='avia-slide-wrap '   ><div class='av-slideshow-caption av-16j83f-c8d6d7b7f5bfdb894d3a260d4bff8112__0 caption_fullwidth caption_center'><div class=\"container caption_container\"><div class=\"slideshow_caption\"><div class=\"slideshow_inner_caption\"><div class=\"slideshow_align_caption\"><div class='avia-caption-content av_inherit_color' ><p><span class=\"sombra\">GOOD MORNING <b>GIRALDA<\/b>\u00a0<\/span><\/p>\n<\/div><\/div><\/div><\/div><\/div><\/div><img decoding=\"async\" fetchpriority=\"high\" class=\"wp-image-436 avia-img-lazy-loading-not-436\"  src=\"https:\/\/www.hotelalcantara.es\/wp-content\/uploads\/2018\/06\/giralda.png\" width=\"1400\" height=\"326\" title='giralda' alt='' srcset=\"https:\/\/www.hotelalcantara.es\/wp-content\/uploads\/2018\/06\/giralda.png 1400w, https:\/\/www.hotelalcantara.es\/wp-content\/uploads\/2018\/06\/giralda-300x70.png 300w, https:\/\/www.hotelalcantara.es\/wp-content\/uploads\/2018\/06\/giralda-768x179.png 768w, https:\/\/www.hotelalcantara.es\/wp-content\/uploads\/2018\/06\/giralda-1030x240.png 1030w, https:\/\/www.hotelalcantara.es\/wp-content\/uploads\/2018\/06\/giralda-705x164.png 705w, https:\/\/www.hotelalcantara.es\/wp-content\/uploads\/2018\/06\/giralda-450x105.png 450w\" sizes=\"(max-width: 1400px) 100vw, 1400px\" \/><\/div><\/li><\/ul><\/div><\/div>\n<div id='av_section_1'  class='avia-section av-wgmur-28b8c0bbe57aff2beec667dfe931c15e main_color avia-section-default avia-no-shadow  avia-builder-el-1  el_after_av_slideshow_full  avia-builder-el-last  avia-bg-style-scroll container_wrap fullsize'  ><div class='container av-section-cont-open' ><div class='template-page content  av-content-full alpha units'><div class='post-entry post-entry-type-page post-entry-827'><div class='entry-content-wrapper clearfix'>\n\n<style type=\"text\/css\" data-created_by=\"avia_inline_auto\" id=\"style-css-av-qm80b-b7a3118ca6c4d065808cba4691094791\">\n.flex_column.av-qm80b-b7a3118ca6c4d065808cba4691094791{\nborder-radius:0px 0px 0px 0px;\npadding:0px 0px 0px 0px;\n}\n<\/style>\n<div  class='flex_column av-qm80b-b7a3118ca6c4d065808cba4691094791 av_one_fourth  avia-builder-el-2  el_before_av_three_fourth  avia-builder-el-first  first flex_column_div av-zero-column-padding  '     ><section  class='av_textblock_section av-itefv-3c5f3407cd1765ec3add7441dee08176 '  ><div class='avia_textblock' ><div class=\"grid_3 \">\n<h1>Ideal <strong>location<\/strong><\/h1>\n<p>The hotel is located in a pedestrianised street named Ximenez de Inciso, in the very heart of Seville\u2019s famous Santa Cruz neighbourhood, a stone\u2019s throw away from the emblematic monuments of the Giralda and the Cathedral.<\/p>\n<p>Road traffic passes not more than 20 metres by the door of the hotel, meaning you can make the most of the city\u2019s public transport network.<\/p>\n<p>If you have your own vehicle, there is a public parking facility just two minutes away.<\/p>\n<\/div>\n<\/div><\/section><\/div>\n<style type=\"text\/css\" data-created_by=\"avia_inline_auto\" id=\"style-css-av-fo7lf-62a786c5b40b61d379ce720976c6c668\">\n.flex_column.av-fo7lf-62a786c5b40b61d379ce720976c6c668{\nborder-radius:0px 0px 0px 0px;\npadding:0px 0px 0px 0px;\n}\n<\/style>\n<div  class='flex_column av-fo7lf-62a786c5b40b61d379ce720976c6c668 av_three_fourth  avia-builder-el-4  el_after_av_one_fourth  avia-builder-el-last  flex_column_div av-zero-column-padding  '     ><div  class='tabcontainer av-mgmntz9t-4f622db35f054d203b18104e02ad7c93 top_tab  avia-builder-el-5  avia-builder-el-no-sibling '>\n<section class='av_tab_section av_tab_section av-9ywe3-a159715bc7d1d7093556aa78bc439aa2' ><div id='tab-id-1-tab' class='tab active_tab' role='tab' aria-selected=\"true\" tabindex=\"0\" data-fake-id='#tab-id-1' aria-controls='tab-id-1-content' ><span class='tab_icon avia-iconfont avia-font-entypo-fontello' data-av_icon='\ue842' data-av_iconfont='entypo-fontello' ><\/span>Location<\/div><div id='tab-id-1-content' class='tab_content active_tab_content' role='tabpanel' aria-labelledby='tab-id-1-tab' aria-hidden=\"false\"><div class='tab_inner_content invers-color' ><p><iframe style=\"width: 100%;\" src=\"https:\/\/www.google.com\/maps\/embed?pb=!1m14!1m8!1m3!1d3170.1512168668705!2d-5.988921!3d37.386256!3m2!1i1024!2i768!4f13.1!3m3!1m2!1s0x0%3A0x2ce8c8bdd2e6a425!2sHotel+Alc%C3%A1ntara!5e0!3m2!1ses!2sus!4v1530293270100\" height=\"380\" frameborder=\"0\" allowfullscreen=\"allowfullscreen\"><\/iframe><\/p>\n<\/div><\/div><\/section>\n<section class='av_tab_section av_tab_section av-mgmns8zw-69290e6ab9511da0f130545fba933d7b' ><div id='tab-id-2-tab' class='tab' role='tab' aria-selected=\"false\" tabindex=\"0\" data-fake-id='#tab-id-2' aria-controls='tab-id-2-content' ><span class='tab_icon avia-iconfont avia-font-entypo-fontello' data-av_icon='\ue842' data-av_iconfont='entypo-fontello' ><\/span>Arrivals from the airport<\/div><div id='tab-id-2-content' class='tab_content' role='tabpanel' aria-labelledby='tab-id-2-tab' aria-hidden=\"true\"><div class='tab_inner_content invers-color' ><p><iframe loading=\"lazy\" style=\"width: 100%;\" src=\"https:\/\/www.google.com\/maps\/d\/embed?mid=15r-trG0Ky1AnvNyJ4PNTH9uL3Q4\" width=\"640\" height=\"380\"><\/iframe><\/p>\n<p><strong>By taxi.<\/strong> Ask the taxi driver to drop you on the corner of our street, and Fabiola Street. The taxi can go as far as number 30 in\u00a0Ximenez de Inciso, and we are to be found at number 28. The fee for this journey should be \u20ac25\u201330.<\/p>\n<p><strong>Airport Bus Shuttle Link. <\/strong>To reach the Hotel Alc\u00e1ntara from the San Pablo airport, you can take the EA Shuttle Service from the airport to the city centre. The journey costs \u20ac6 per person including luggage, and takes around twenty five minutes to reach the last stop &#8220;Prado de San Sebastian&#8221;, next to the law courts. From there, there is a fifteen minute walk through the Murillo Gardens to reach the hotel<\/p>\n<\/div><\/div><\/section>\n<section class='av_tab_section av_tab_section av-mgmnt8wf-a382b1d9264b3b100b3de910809a60ac' ><div id='tab-id-3-tab' class='tab' role='tab' aria-selected=\"false\" tabindex=\"0\" data-fake-id='#tab-id-3' aria-controls='tab-id-3-content' ><span class='tab_icon avia-iconfont avia-font-entypo-fontello' data-av_icon='\ue842' data-av_iconfont='entypo-fontello' ><\/span>From Santa Justa Railway St.<\/div><div id='tab-id-3-content' class='tab_content' role='tabpanel' aria-labelledby='tab-id-3-tab' aria-hidden=\"true\"><div class='tab_inner_content invers-color' ><p><iframe loading=\"lazy\" style=\"width: 100%;\" src=\"https:\/\/www.google.com\/maps\/d\/embed?mid=19VOamgmWM_5JvnJuvAUXBzQ-fgg\" width=\"640\" height=\"380\"><\/iframe><\/p>\n<p><strong>By taxi. <\/strong>Ask the taxi driver to drop you on the corner of our street, and Fabiola Street. The taxi can go as far as number 30 in\u00a0Ximenez de Inciso, and we are to be found at number 28. The maximum fee for this journey will be \u20ac12\u201315.<\/p>\n<p><strong>By bus. <\/strong>The number 21 covers most of the route, although you will have to alight at Puerta de la Carne and walk to the hotel. You can purchase a ticket from the driver for \u20ac1.40.<\/p>\n<\/div><\/div><\/section>\n<section class='av_tab_section av_tab_section av-mgmntypn-4fc70c6708e41af117bf03e95f6b483f' ><div id='tab-id-4-tab' class='tab' role='tab' aria-selected=\"false\" tabindex=\"0\" data-fake-id='#tab-id-4' aria-controls='tab-id-4-content' ><span class='tab_icon avia-iconfont avia-font-entypo-fontello' data-av_icon='\ue842' data-av_iconfont='entypo-fontello' ><\/span>Car\/On foot from the parking<\/div><div id='tab-id-4-content' class='tab_content' role='tabpanel' aria-labelledby='tab-id-4-tab' aria-hidden=\"true\"><div class='tab_inner_content invers-color' ><p><iframe loading=\"lazy\" style=\"width: 100%;\" src=\"https:\/\/www.google.com\/maps\/d\/embed?mid=14Pv6hJQhoT_eHWH-3p2PpwvnFHo\" width=\"640\" height=\"380\"><\/iframe><\/p>\n<p>Should you arrive by car, there is a public parking facility (Cano y Cueto Street) next to the Murillo Gardens, ) just two minutes on foot from the hotel. For 24 hours the price is around \u20ac29.95. We recommend you park first and then walk to the hotel.<\/p>\n<\/div><\/div><\/section>\n<\/div><\/div>\n","protected":false},"excerpt":{"rendered":"","protected":false},"author":1235,"featured_media":0,"parent":806,"menu_order":40,"comment_status":"closed","ping_status":"closed","template":"","meta":{"footnotes":""},"class_list":["post-827","page","type-page","status-publish","hentry"],"yoast_head":"<!-- This site is optimized with the Yoast SEO Premium plugin v27.2 (Yoast SEO v27.4) - https:\/\/yoast.com\/product\/yoast-seo-premium-wordpress\/ -->\n<title>Unbeatable Location in the Center &#8226; Hotel Alc\u00e1ntara Seville<\/title>\n<meta name=\"description\" content=\"The hotel is located on a pedestrian stretch of Xim\u00e9nez de Enciso Street, right in the heart of Santa Cruz, just steps away from the Giralda and the Cathedral.\" \/>\n<meta name=\"robots\" content=\"index, follow, max-snippet:-1, max-image-preview:large, max-video-preview:-1\" \/>\n<link rel=\"canonical\" href=\"https:\/\/www.hotelalcantara.es\/en\/the-hotel\/location\/\" \/>\n<meta property=\"og:locale\" content=\"en_US\" \/>\n<meta property=\"og:type\" content=\"article\" \/>\n<meta property=\"og:title\" content=\"Location\" \/>\n<meta property=\"og:description\" content=\"The hotel is located on a pedestrian stretch of Xim\u00e9nez de Enciso Street, right in the heart of Santa Cruz, just steps away from the Giralda and the Cathedral.\" \/>\n<meta property=\"og:url\" content=\"https:\/\/www.hotelalcantara.es\/en\/the-hotel\/location\/\" \/>\n<meta property=\"og:site_name\" content=\"Hotel Alc\u00e1ntara\" \/>\n<meta property=\"article:publisher\" content=\"https:\/\/www.facebook.com\/hotelalcantarasevilla\" \/>\n<meta property=\"article:modified_time\" content=\"2025-10-28T14:34:53+00:00\" \/>\n<meta property=\"og:image\" content=\"https:\/\/www.hotelalcantara.es\/wp-content\/uploads\/2021\/06\/zaguanconflamenco.jpg\" \/>\n\t<meta property=\"og:image:width\" content=\"1000\" \/>\n\t<meta property=\"og:image:height\" content=\"676\" \/>\n\t<meta property=\"og:image:type\" content=\"image\/jpeg\" \/>\n<meta name=\"twitter:card\" content=\"summary_large_image\" \/>\n<meta name=\"twitter:image\" content=\"https:\/\/www.hotelalcantara.es\/wp-content\/uploads\/2021\/06\/zaguanconflamenco.jpg\" \/>\n<meta name=\"twitter:label1\" content=\"Est. reading time\" \/>\n\t<meta name=\"twitter:data1\" content=\"4 minutes\" \/>\n<script type=\"application\/ld+json\" class=\"yoast-schema-graph\">{\"@context\":\"https:\\\/\\\/schema.org\",\"@graph\":[{\"@type\":\"WebPage\",\"@id\":\"https:\\\/\\\/www.hotelalcantara.es\\\/en\\\/the-hotel\\\/location\\\/\",\"url\":\"https:\\\/\\\/www.hotelalcantara.es\\\/en\\\/the-hotel\\\/location\\\/\",\"name\":\"Unbeatable Location in the Center &#8226; Hotel Alc\u00e1ntara Seville\",\"isPartOf\":{\"@id\":\"https:\\\/\\\/www.hotelalcantara.es\\\/en\\\/#website\"},\"datePublished\":\"2018-06-27T12:23:24+00:00\",\"dateModified\":\"2025-10-28T14:34:53+00:00\",\"description\":\"The hotel is located on a pedestrian stretch of Xim\u00e9nez de Enciso Street, right in the heart of Santa Cruz, just steps away from the Giralda and the Cathedral.\",\"breadcrumb\":{\"@id\":\"https:\\\/\\\/www.hotelalcantara.es\\\/en\\\/the-hotel\\\/location\\\/#breadcrumb\"},\"inLanguage\":\"en-US\",\"potentialAction\":[{\"@type\":\"ReadAction\",\"target\":[\"https:\\\/\\\/www.hotelalcantara.es\\\/en\\\/the-hotel\\\/location\\\/\"]}]},{\"@type\":\"BreadcrumbList\",\"@id\":\"https:\\\/\\\/www.hotelalcantara.es\\\/en\\\/the-hotel\\\/location\\\/#breadcrumb\",\"itemListElement\":[{\"@type\":\"ListItem\",\"position\":1,\"name\":\"Portada\",\"item\":\"https:\\\/\\\/www.hotelalcantara.es\\\/en\\\/\"},{\"@type\":\"ListItem\",\"position\":2,\"name\":\"The Hotel\",\"item\":\"https:\\\/\\\/www.hotelalcantara.es\\\/en\\\/the-hotel\\\/\"},{\"@type\":\"ListItem\",\"position\":3,\"name\":\"Location\"}]},{\"@type\":\"WebSite\",\"@id\":\"https:\\\/\\\/www.hotelalcantara.es\\\/en\\\/#website\",\"url\":\"https:\\\/\\\/www.hotelalcantara.es\\\/en\\\/\",\"name\":\"Hotel Alc\u00e1ntara\",\"description\":\"Hotel centro de Sevilla\",\"publisher\":{\"@id\":\"https:\\\/\\\/www.hotelalcantara.es\\\/en\\\/#organization\"},\"potentialAction\":[{\"@type\":\"SearchAction\",\"target\":{\"@type\":\"EntryPoint\",\"urlTemplate\":\"https:\\\/\\\/www.hotelalcantara.es\\\/en\\\/?s={search_term_string}\"},\"query-input\":{\"@type\":\"PropertyValueSpecification\",\"valueRequired\":true,\"valueName\":\"search_term_string\"}}],\"inLanguage\":\"en-US\"},{\"@type\":[\"Organization\",\"Place\",\"Hotel\"],\"@id\":\"https:\\\/\\\/www.hotelalcantara.es\\\/en\\\/#organization\",\"name\":\"Hotel Alc\u00e1ntara Sevilla\",\"url\":\"https:\\\/\\\/www.hotelalcantara.es\\\/en\\\/\",\"logo\":{\"@id\":\"https:\\\/\\\/www.hotelalcantara.es\\\/en\\\/the-hotel\\\/location\\\/#local-main-organization-logo\"},\"image\":{\"@id\":\"https:\\\/\\\/www.hotelalcantara.es\\\/en\\\/the-hotel\\\/location\\\/#local-main-organization-logo\"},\"sameAs\":[\"https:\\\/\\\/www.facebook.com\\\/hotelalcantarasevilla\",\"https:\\\/\\\/www.instagram.com\\\/hotelalcantara\\\/\"],\"description\":\"El hotel Alc\u00e1ntara es un precioso hotel de dos estrellas ubicado en Sevilla centro, en pleno coraz\u00f3n del Barrio de Santa Cruz, en el conjunto hist\u00f3rico y monumental de Sevilla, donde la ciudad despega toda su belleza y misterio. El hotel, inaugurado en 2002, ocupaba en sus comienzos las antiguas dependencias de servicio y el huerto de una casa se\u00f1orial del siglo XV.\",\"legalName\":\"YSASI HOTELES S.L.\",\"foundingDate\":\"2002-01-01\",\"ownershipFundingInfo\":\"https:\\\/\\\/www.hotelalcantara.es\\\/aviso-legal\\\/\",\"address\":{\"@id\":\"https:\\\/\\\/www.hotelalcantara.es\\\/en\\\/the-hotel\\\/location\\\/#local-main-place-address\"},\"geo\":{\"@type\":\"GeoCoordinates\",\"latitude\":\"37.38628\",\"longitude\":\"-5.9912469\"},\"telephone\":[\"+34954500595\"],\"openingHoursSpecification\":{\"@type\":\"OpeningHoursSpecification\",\"dayOfWeek\":[\"Monday\",\"Tuesday\",\"Wednesday\",\"Thursday\",\"Friday\",\"Saturday\",\"Sunday\"],\"opens\":\"00:00\",\"closes\":\"23:59\"},\"email\":\"info@hotelalcantara.net\",\"vatID\":\"B91036921\",\"taxID\":\"B91036921\",\"currenciesAccepted\":\"EUR,USD,GBP\",\"paymentAccepted\":\"Cash,Visa,AmericanExpress,MasterCard\"},{\"@type\":\"PostalAddress\",\"@id\":\"https:\\\/\\\/www.hotelalcantara.es\\\/en\\\/the-hotel\\\/location\\\/#local-main-place-address\",\"streetAddress\":\"Xim\u00e9nez de Enciso 28\",\"addressLocality\":\"Sevilla\",\"postalCode\":\"41004\",\"addressRegion\":\"Sevilla\",\"addressCountry\":\"ES\"},{\"@type\":\"ImageObject\",\"inLanguage\":\"en-US\",\"@id\":\"https:\\\/\\\/www.hotelalcantara.es\\\/en\\\/the-hotel\\\/location\\\/#local-main-organization-logo\",\"url\":\"https:\\\/\\\/www.hotelalcantara.es\\\/wp-content\\\/uploads\\\/2018\\\/07\\\/hotel-alcantara-logo.png\",\"contentUrl\":\"https:\\\/\\\/www.hotelalcantara.es\\\/wp-content\\\/uploads\\\/2018\\\/07\\\/hotel-alcantara-logo.png\",\"width\":205,\"height\":175,\"caption\":\"Hotel Alc\u00e1ntara Sevilla\"}]}<\/script>\n<meta name=\"geo.placename\" content=\"Sevilla\" \/>\n<meta name=\"geo.position\" content=\"37.38628;-5.9912469\" \/>\n<meta name=\"geo.region\" content=\"Spain\" \/>\n<!-- \/ Yoast SEO Premium plugin. -->","yoast_head_json":{"title":"Unbeatable Location in the Center &#8226; Hotel Alc\u00e1ntara Seville","description":"The hotel is located on a pedestrian stretch of Xim\u00e9nez de Enciso Street, right in the heart of Santa Cruz, just steps away from the Giralda and the Cathedral.","robots":{"index":"index","follow":"follow","max-snippet":"max-snippet:-1","max-image-preview":"max-image-preview:large","max-video-preview":"max-video-preview:-1"},"canonical":"https:\/\/www.hotelalcantara.es\/en\/the-hotel\/location\/","og_locale":"en_US","og_type":"article","og_title":"Location","og_description":"The hotel is located on a pedestrian stretch of Xim\u00e9nez de Enciso Street, right in the heart of Santa Cruz, just steps away from the Giralda and the Cathedral.","og_url":"https:\/\/www.hotelalcantara.es\/en\/the-hotel\/location\/","og_site_name":"Hotel Alc\u00e1ntara","article_publisher":"https:\/\/www.facebook.com\/hotelalcantarasevilla","article_modified_time":"2025-10-28T14:34:53+00:00","og_image":[{"width":1000,"height":676,"url":"https:\/\/www.hotelalcantara.es\/wp-content\/uploads\/2021\/06\/zaguanconflamenco.jpg","type":"image\/jpeg"}],"twitter_card":"summary_large_image","twitter_image":"https:\/\/www.hotelalcantara.es\/wp-content\/uploads\/2021\/06\/zaguanconflamenco.jpg","twitter_misc":{"Est. reading time":"4 minutes"},"schema":{"@context":"https:\/\/schema.org","@graph":[{"@type":"WebPage","@id":"https:\/\/www.hotelalcantara.es\/en\/the-hotel\/location\/","url":"https:\/\/www.hotelalcantara.es\/en\/the-hotel\/location\/","name":"Unbeatable Location in the Center &#8226; Hotel Alc\u00e1ntara Seville","isPartOf":{"@id":"https:\/\/www.hotelalcantara.es\/en\/#website"},"datePublished":"2018-06-27T12:23:24+00:00","dateModified":"2025-10-28T14:34:53+00:00","description":"The hotel is located on a pedestrian stretch of Xim\u00e9nez de Enciso Street, right in the heart of Santa Cruz, just steps away from the Giralda and the Cathedral.","breadcrumb":{"@id":"https:\/\/www.hotelalcantara.es\/en\/the-hotel\/location\/#breadcrumb"},"inLanguage":"en-US","potentialAction":[{"@type":"ReadAction","target":["https:\/\/www.hotelalcantara.es\/en\/the-hotel\/location\/"]}]},{"@type":"BreadcrumbList","@id":"https:\/\/www.hotelalcantara.es\/en\/the-hotel\/location\/#breadcrumb","itemListElement":[{"@type":"ListItem","position":1,"name":"Portada","item":"https:\/\/www.hotelalcantara.es\/en\/"},{"@type":"ListItem","position":2,"name":"The Hotel","item":"https:\/\/www.hotelalcantara.es\/en\/the-hotel\/"},{"@type":"ListItem","position":3,"name":"Location"}]},{"@type":"WebSite","@id":"https:\/\/www.hotelalcantara.es\/en\/#website","url":"https:\/\/www.hotelalcantara.es\/en\/","name":"Hotel Alc\u00e1ntara","description":"Hotel centro de Sevilla","publisher":{"@id":"https:\/\/www.hotelalcantara.es\/en\/#organization"},"potentialAction":[{"@type":"SearchAction","target":{"@type":"EntryPoint","urlTemplate":"https:\/\/www.hotelalcantara.es\/en\/?s={search_term_string}"},"query-input":{"@type":"PropertyValueSpecification","valueRequired":true,"valueName":"search_term_string"}}],"inLanguage":"en-US"},{"@type":["Organization","Place","Hotel"],"@id":"https:\/\/www.hotelalcantara.es\/en\/#organization","name":"Hotel Alc\u00e1ntara Sevilla","url":"https:\/\/www.hotelalcantara.es\/en\/","logo":{"@id":"https:\/\/www.hotelalcantara.es\/en\/the-hotel\/location\/#local-main-organization-logo"},"image":{"@id":"https:\/\/www.hotelalcantara.es\/en\/the-hotel\/location\/#local-main-organization-logo"},"sameAs":["https:\/\/www.facebook.com\/hotelalcantarasevilla","https:\/\/www.instagram.com\/hotelalcantara\/"],"description":"El hotel Alc\u00e1ntara es un precioso hotel de dos estrellas ubicado en Sevilla centro, en pleno coraz\u00f3n del Barrio de Santa Cruz, en el conjunto hist\u00f3rico y monumental de Sevilla, donde la ciudad despega toda su belleza y misterio. El hotel, inaugurado en 2002, ocupaba en sus comienzos las antiguas dependencias de servicio y el huerto de una casa se\u00f1orial del siglo XV.","legalName":"YSASI HOTELES S.L.","foundingDate":"2002-01-01","ownershipFundingInfo":"https:\/\/www.hotelalcantara.es\/aviso-legal\/","address":{"@id":"https:\/\/www.hotelalcantara.es\/en\/the-hotel\/location\/#local-main-place-address"},"geo":{"@type":"GeoCoordinates","latitude":"37.38628","longitude":"-5.9912469"},"telephone":["+34954500595","+34954500595"],"openingHoursSpecification":{"@type":"OpeningHoursSpecification","dayOfWeek":["Monday","Tuesday","Wednesday","Thursday","Friday","Saturday","Sunday"],"opens":"00:00","closes":"23:59"},"email":"info@hotelalcantara.net","vatID":"B91036921","taxID":"B91036921","currenciesAccepted":"EUR,USD,GBP","paymentAccepted":"Cash,Visa,AmericanExpress,MasterCard"},{"@type":"PostalAddress","@id":"https:\/\/www.hotelalcantara.es\/en\/the-hotel\/location\/#local-main-place-address","streetAddress":"Xim\u00e9nez de Enciso 28","addressLocality":"Sevilla","postalCode":"41004","addressRegion":"Sevilla","addressCountry":"ES"},{"@type":"ImageObject","inLanguage":"en-US","@id":"https:\/\/www.hotelalcantara.es\/en\/the-hotel\/location\/#local-main-organization-logo","url":"https:\/\/www.hotelalcantara.es\/wp-content\/uploads\/2018\/07\/hotel-alcantara-logo.png","contentUrl":"https:\/\/www.hotelalcantara.es\/wp-content\/uploads\/2018\/07\/hotel-alcantara-logo.png","width":205,"height":175,"caption":"Hotel Alc\u00e1ntara Sevilla"}]},"geo.placename":"Sevilla","geo.position":{"lat":"37.38628","long":"-5.9912469"},"geo.region":"Spain"},"_links":{"self":[{"href":"https:\/\/www.hotelalcantara.es\/en\/wp-json\/wp\/v2\/pages\/827","targetHints":{"allow":["GET"]}}],"collection":[{"href":"https:\/\/www.hotelalcantara.es\/en\/wp-json\/wp\/v2\/pages"}],"about":[{"href":"https:\/\/www.hotelalcantara.es\/en\/wp-json\/wp\/v2\/types\/page"}],"author":[{"embeddable":true,"href":"https:\/\/www.hotelalcantara.es\/en\/wp-json\/wp\/v2\/users\/1235"}],"replies":[{"embeddable":true,"href":"https:\/\/www.hotelalcantara.es\/en\/wp-json\/wp\/v2\/comments?post=827"}],"version-history":[{"count":3,"href":"https:\/\/www.hotelalcantara.es\/en\/wp-json\/wp\/v2\/pages\/827\/revisions"}],"predecessor-version":[{"id":4558,"href":"https:\/\/www.hotelalcantara.es\/en\/wp-json\/wp\/v2\/pages\/827\/revisions\/4558"}],"up":[{"embeddable":true,"href":"https:\/\/www.hotelalcantara.es\/en\/wp-json\/wp\/v2\/pages\/806"}],"wp:attachment":[{"href":"https:\/\/www.hotelalcantara.es\/en\/wp-json\/wp\/v2\/media?parent=827"}],"curies":[{"name":"wp","href":"https:\/\/api.w.org\/{rel}","templated":true}]}}