{"id":867,"date":"2018-06-04T16:13:41","date_gmt":"2018-06-04T14:13:41","guid":{"rendered":"https:\/\/www.hotelalcantara.es\/aviso-legal\/"},"modified":"2025-05-22T22:45:46","modified_gmt":"2025-05-22T20:45:46","slug":"legal-terms","status":"publish","type":"page","link":"https:\/\/www.hotelalcantara.es\/en\/legal-terms\/","title":{"rendered":"Legal terms"},"content":{"rendered":"<div  class='flex_column av-av_one_full-4453fbc7e8da734fe9d5824da1c72891 av_one_full  avia-builder-el-0  avia-builder-el-no-sibling  first flex_column_div  '     ><section  class='av_textblock_section av-mazucrs9-39bdb4421b1d494e2651415f6f8052fb '  ><div class='avia_textblock' ><p>Legal Disclaimer has been produced by YSASI HOTELES S.L., as domain holder of the Web www.hotelalcantara.es , in compliance with the requirements established under Law 34\/2002, passed on the 11th of July, for Information Society Services, and the Organic Law 15\/1999, passed on the 13th of December, regarding the Data Protection Act. And <strong>Real decreto 1720\/2007 (RDLOPD)<\/strong>\u00a0del Reglamento de desarrollo de la LOPD Access and usage of the website www.hotelalcantara.es, belonging to YSASI HOTELES S.L., and room reservations via the same, attribute the status of user, and imply the full acceptance of all the conditions contained herein.<\/p>\n<p><b>1. General Information<\/b><\/p>\n<p>The proprietor of the website: www.hotelalcantara.es is YSASI HOTELES S.L, company listed in the Mercantile Register of Seville, 3025, Book 0, Sheet 215, Section 8, Page SE 9706, RTA H\/SE\/00990- City, dedicated to hostelry services, holder of fiscal identity number CIF B91036921, and whose address for business purposes is given as Calle Xim\u00e9nez de Enciso, 28. Seville, 41004 . Their email is given as: <a href=\"mailto:info@hotelalcantara.net\" target=\"_blank\" rel=\"noopener noreferrer\" data-auth=\"NotApplicable\">info@hotelalcantara.net<\/a> and their telephone number: 954 500 595.<\/p>\n<p><b>2. Privacy Policy and Data Protection Act<\/b><\/p>\n<p>In compliance with the Organic Law 15\/1999 Regarding the Protection of Personal Details, we duly inform you that your personal details will be added to an automated file named CLIENTS-SUPPLIERS managed by YSASI HOTELES, S.L. whose aim is the management of clients and suppliers\u2019 details needed for the development of the company\u2019s professional activities This data will be used for the aforementioned purposes and will not be passed on to third parties. Should you wish to exercise your rights to access, rectify, cancel or oppose the use of this data, please contact the following address in writing: C\/ XIMENEZ DE ENCISO 28, 41004 SEVILLE. Or by e-mail to <a href=\"mailto:info@hotelalcantara.net\" target=\"_blank\" rel=\"noopener noreferrer\" data-auth=\"NotApplicable\">info@hotelalcantara.net<\/a><\/p>\n<p><b>3. Intellectual and Industrial Property<\/b><\/p>\n<p>Texts, sounds, and other graphic elements which comprise this web, as well as its build and presentation, belong exclusively to YSASI HOTELES S.L, which holds the necessary development rights for said web, forbidding expressly non-authorised use of the same. Unauthorised usage of these, infringing the rights to Intellectual or Industrial Property belonging to YSASI HOTELES S.L., will give grounds for legal actions as applicable, thus incurring the legally recognised liability.<\/p>\n<p><b>4. Legislation and Jurisdiction<\/b><\/p>\n<p>The conditions included in this Legal Disclaimer are governed by Spanish legislation. Should you wish to make a complaint or appeal against these; all parties will stand before, expressly waiving any other jurisdiction which might be applicable, the Courts of Seville.<\/p>\n<\/div><\/section><\/div>\n","protected":false},"excerpt":{"rendered":"","protected":false},"author":1235,"featured_media":0,"parent":0,"menu_order":200,"comment_status":"closed","ping_status":"closed","template":"","meta":{"footnotes":""},"class_list":["post-867","page","type-page","status-publish","hentry"],"yoast_head":"<!-- This site is optimized with the Yoast SEO Premium plugin v27.2 (Yoast SEO v27.4) - https:\/\/yoast.com\/product\/yoast-seo-premium-wordpress\/ -->\n<title>Legal terms &#8226; Hotel Alc\u00e1ntara<\/title>\n<meta name=\"robots\" content=\"noindex, follow\" \/>\n<meta property=\"og:locale\" content=\"en_US\" \/>\n<meta property=\"og:type\" content=\"article\" \/>\n<meta property=\"og:title\" content=\"Legal terms\" \/>\n<meta property=\"og:url\" content=\"https:\/\/www.hotelalcantara.es\/en\/legal-terms\/\" \/>\n<meta property=\"og:site_name\" content=\"Hotel Alc\u00e1ntara\" \/>\n<meta property=\"article:publisher\" content=\"https:\/\/www.facebook.com\/hotelalcantarasevilla\" \/>\n<meta property=\"article:modified_time\" content=\"2025-05-22T20:45:46+00:00\" \/>\n<meta property=\"og:image\" content=\"https:\/\/www.hotelalcantara.es\/wp-content\/uploads\/2021\/06\/zaguanconflamenco.jpg\" \/>\n\t<meta property=\"og:image:width\" content=\"1000\" \/>\n\t<meta property=\"og:image:height\" content=\"676\" \/>\n\t<meta property=\"og:image:type\" content=\"image\/jpeg\" \/>\n<meta name=\"twitter:card\" content=\"summary_large_image\" \/>\n<meta name=\"twitter:image\" content=\"https:\/\/www.hotelalcantara.es\/wp-content\/uploads\/2021\/06\/zaguanconflamenco.jpg\" \/>\n<meta name=\"twitter:label1\" content=\"Est. reading time\" \/>\n\t<meta name=\"twitter:data1\" content=\"5 minutes\" \/>\n<script type=\"application\/ld+json\" class=\"yoast-schema-graph\">{\"@context\":\"https:\\\/\\\/schema.org\",\"@graph\":[{\"@type\":\"WebPage\",\"@id\":\"https:\\\/\\\/www.hotelalcantara.es\\\/en\\\/legal-terms\\\/\",\"url\":\"https:\\\/\\\/www.hotelalcantara.es\\\/en\\\/legal-terms\\\/\",\"name\":\"Legal terms &#8226; Hotel Alc\u00e1ntara\",\"isPartOf\":{\"@id\":\"https:\\\/\\\/www.hotelalcantara.es\\\/en\\\/#website\"},\"datePublished\":\"2018-06-04T14:13:41+00:00\",\"dateModified\":\"2025-05-22T20:45:46+00:00\",\"breadcrumb\":{\"@id\":\"https:\\\/\\\/www.hotelalcantara.es\\\/en\\\/legal-terms\\\/#breadcrumb\"},\"inLanguage\":\"en-US\",\"potentialAction\":[{\"@type\":\"ReadAction\",\"target\":[\"https:\\\/\\\/www.hotelalcantara.es\\\/en\\\/legal-terms\\\/\"]}]},{\"@type\":\"BreadcrumbList\",\"@id\":\"https:\\\/\\\/www.hotelalcantara.es\\\/en\\\/legal-terms\\\/#breadcrumb\",\"itemListElement\":[{\"@type\":\"ListItem\",\"position\":1,\"name\":\"Portada\",\"item\":\"https:\\\/\\\/www.hotelalcantara.es\\\/en\\\/\"},{\"@type\":\"ListItem\",\"position\":2,\"name\":\"Legal terms\"}]},{\"@type\":\"WebSite\",\"@id\":\"https:\\\/\\\/www.hotelalcantara.es\\\/en\\\/#website\",\"url\":\"https:\\\/\\\/www.hotelalcantara.es\\\/en\\\/\",\"name\":\"Hotel Alc\u00e1ntara\",\"description\":\"Hotel centro de Sevilla\",\"publisher\":{\"@id\":\"https:\\\/\\\/www.hotelalcantara.es\\\/en\\\/#organization\"},\"potentialAction\":[{\"@type\":\"SearchAction\",\"target\":{\"@type\":\"EntryPoint\",\"urlTemplate\":\"https:\\\/\\\/www.hotelalcantara.es\\\/en\\\/?s={search_term_string}\"},\"query-input\":{\"@type\":\"PropertyValueSpecification\",\"valueRequired\":true,\"valueName\":\"search_term_string\"}}],\"inLanguage\":\"en-US\"},{\"@type\":[\"Organization\",\"Place\",\"Hotel\"],\"@id\":\"https:\\\/\\\/www.hotelalcantara.es\\\/en\\\/#organization\",\"name\":\"Hotel Alc\u00e1ntara Sevilla\",\"url\":\"https:\\\/\\\/www.hotelalcantara.es\\\/en\\\/\",\"logo\":{\"@id\":\"https:\\\/\\\/www.hotelalcantara.es\\\/en\\\/legal-terms\\\/#local-main-organization-logo\"},\"image\":{\"@id\":\"https:\\\/\\\/www.hotelalcantara.es\\\/en\\\/legal-terms\\\/#local-main-organization-logo\"},\"sameAs\":[\"https:\\\/\\\/www.facebook.com\\\/hotelalcantarasevilla\",\"https:\\\/\\\/www.instagram.com\\\/hotelalcantara\\\/\"],\"description\":\"El hotel Alc\u00e1ntara es un precioso hotel de dos estrellas ubicado en Sevilla centro, en pleno coraz\u00f3n del Barrio de Santa Cruz, en el conjunto hist\u00f3rico y monumental de Sevilla, donde la ciudad despega toda su belleza y misterio. El hotel, inaugurado en 2002, ocupaba en sus comienzos las antiguas dependencias de servicio y el huerto de una casa se\u00f1orial del siglo XV.\",\"legalName\":\"YSASI HOTELES S.L.\",\"foundingDate\":\"2002-01-01\",\"ownershipFundingInfo\":\"https:\\\/\\\/www.hotelalcantara.es\\\/aviso-legal\\\/\",\"address\":{\"@id\":\"https:\\\/\\\/www.hotelalcantara.es\\\/en\\\/legal-terms\\\/#local-main-place-address\"},\"geo\":{\"@type\":\"GeoCoordinates\",\"latitude\":\"37.38628\",\"longitude\":\"-5.9912469\"},\"telephone\":[\"+34954500595\"],\"openingHoursSpecification\":{\"@type\":\"OpeningHoursSpecification\",\"dayOfWeek\":[\"Monday\",\"Tuesday\",\"Wednesday\",\"Thursday\",\"Friday\",\"Saturday\",\"Sunday\"],\"opens\":\"00:00\",\"closes\":\"23:59\"},\"email\":\"info@hotelalcantara.net\",\"vatID\":\"B91036921\",\"taxID\":\"B91036921\",\"currenciesAccepted\":\"EUR,USD,GBP\",\"paymentAccepted\":\"Cash,Visa,AmericanExpress,MasterCard\"},{\"@type\":\"PostalAddress\",\"@id\":\"https:\\\/\\\/www.hotelalcantara.es\\\/en\\\/legal-terms\\\/#local-main-place-address\",\"streetAddress\":\"Xim\u00e9nez de Enciso 28\",\"addressLocality\":\"Sevilla\",\"postalCode\":\"41004\",\"addressRegion\":\"Sevilla\",\"addressCountry\":\"ES\"},{\"@type\":\"ImageObject\",\"inLanguage\":\"en-US\",\"@id\":\"https:\\\/\\\/www.hotelalcantara.es\\\/en\\\/legal-terms\\\/#local-main-organization-logo\",\"url\":\"https:\\\/\\\/www.hotelalcantara.es\\\/wp-content\\\/uploads\\\/2018\\\/07\\\/hotel-alcantara-logo.png\",\"contentUrl\":\"https:\\\/\\\/www.hotelalcantara.es\\\/wp-content\\\/uploads\\\/2018\\\/07\\\/hotel-alcantara-logo.png\",\"width\":205,\"height\":175,\"caption\":\"Hotel Alc\u00e1ntara Sevilla\"}]}<\/script>\n<meta name=\"geo.placename\" content=\"Sevilla\" \/>\n<meta name=\"geo.position\" content=\"37.38628;-5.9912469\" \/>\n<meta name=\"geo.region\" content=\"Spain\" \/>\n<!-- \/ Yoast SEO Premium plugin. -->","yoast_head_json":{"title":"Legal terms &#8226; Hotel Alc\u00e1ntara","robots":{"index":"noindex","follow":"follow"},"og_locale":"en_US","og_type":"article","og_title":"Legal terms","og_url":"https:\/\/www.hotelalcantara.es\/en\/legal-terms\/","og_site_name":"Hotel Alc\u00e1ntara","article_publisher":"https:\/\/www.facebook.com\/hotelalcantarasevilla","article_modified_time":"2025-05-22T20:45:46+00:00","og_image":[{"width":1000,"height":676,"url":"https:\/\/www.hotelalcantara.es\/wp-content\/uploads\/2021\/06\/zaguanconflamenco.jpg","type":"image\/jpeg"}],"twitter_card":"summary_large_image","twitter_image":"https:\/\/www.hotelalcantara.es\/wp-content\/uploads\/2021\/06\/zaguanconflamenco.jpg","twitter_misc":{"Est. reading time":"5 minutes"},"schema":{"@context":"https:\/\/schema.org","@graph":[{"@type":"WebPage","@id":"https:\/\/www.hotelalcantara.es\/en\/legal-terms\/","url":"https:\/\/www.hotelalcantara.es\/en\/legal-terms\/","name":"Legal terms &#8226; Hotel Alc\u00e1ntara","isPartOf":{"@id":"https:\/\/www.hotelalcantara.es\/en\/#website"},"datePublished":"2018-06-04T14:13:41+00:00","dateModified":"2025-05-22T20:45:46+00:00","breadcrumb":{"@id":"https:\/\/www.hotelalcantara.es\/en\/legal-terms\/#breadcrumb"},"inLanguage":"en-US","potentialAction":[{"@type":"ReadAction","target":["https:\/\/www.hotelalcantara.es\/en\/legal-terms\/"]}]},{"@type":"BreadcrumbList","@id":"https:\/\/www.hotelalcantara.es\/en\/legal-terms\/#breadcrumb","itemListElement":[{"@type":"ListItem","position":1,"name":"Portada","item":"https:\/\/www.hotelalcantara.es\/en\/"},{"@type":"ListItem","position":2,"name":"Legal terms"}]},{"@type":"WebSite","@id":"https:\/\/www.hotelalcantara.es\/en\/#website","url":"https:\/\/www.hotelalcantara.es\/en\/","name":"Hotel Alc\u00e1ntara","description":"Hotel centro de Sevilla","publisher":{"@id":"https:\/\/www.hotelalcantara.es\/en\/#organization"},"potentialAction":[{"@type":"SearchAction","target":{"@type":"EntryPoint","urlTemplate":"https:\/\/www.hotelalcantara.es\/en\/?s={search_term_string}"},"query-input":{"@type":"PropertyValueSpecification","valueRequired":true,"valueName":"search_term_string"}}],"inLanguage":"en-US"},{"@type":["Organization","Place","Hotel"],"@id":"https:\/\/www.hotelalcantara.es\/en\/#organization","name":"Hotel Alc\u00e1ntara Sevilla","url":"https:\/\/www.hotelalcantara.es\/en\/","logo":{"@id":"https:\/\/www.hotelalcantara.es\/en\/legal-terms\/#local-main-organization-logo"},"image":{"@id":"https:\/\/www.hotelalcantara.es\/en\/legal-terms\/#local-main-organization-logo"},"sameAs":["https:\/\/www.facebook.com\/hotelalcantarasevilla","https:\/\/www.instagram.com\/hotelalcantara\/"],"description":"El hotel Alc\u00e1ntara es un precioso hotel de dos estrellas ubicado en Sevilla centro, en pleno coraz\u00f3n del Barrio de Santa Cruz, en el conjunto hist\u00f3rico y monumental de Sevilla, donde la ciudad despega toda su belleza y misterio. El hotel, inaugurado en 2002, ocupaba en sus comienzos las antiguas dependencias de servicio y el huerto de una casa se\u00f1orial del siglo XV.","legalName":"YSASI HOTELES S.L.","foundingDate":"2002-01-01","ownershipFundingInfo":"https:\/\/www.hotelalcantara.es\/aviso-legal\/","address":{"@id":"https:\/\/www.hotelalcantara.es\/en\/legal-terms\/#local-main-place-address"},"geo":{"@type":"GeoCoordinates","latitude":"37.38628","longitude":"-5.9912469"},"telephone":["+34954500595","+34954500595"],"openingHoursSpecification":{"@type":"OpeningHoursSpecification","dayOfWeek":["Monday","Tuesday","Wednesday","Thursday","Friday","Saturday","Sunday"],"opens":"00:00","closes":"23:59"},"email":"info@hotelalcantara.net","vatID":"B91036921","taxID":"B91036921","currenciesAccepted":"EUR,USD,GBP","paymentAccepted":"Cash,Visa,AmericanExpress,MasterCard"},{"@type":"PostalAddress","@id":"https:\/\/www.hotelalcantara.es\/en\/legal-terms\/#local-main-place-address","streetAddress":"Xim\u00e9nez de Enciso 28","addressLocality":"Sevilla","postalCode":"41004","addressRegion":"Sevilla","addressCountry":"ES"},{"@type":"ImageObject","inLanguage":"en-US","@id":"https:\/\/www.hotelalcantara.es\/en\/legal-terms\/#local-main-organization-logo","url":"https:\/\/www.hotelalcantara.es\/wp-content\/uploads\/2018\/07\/hotel-alcantara-logo.png","contentUrl":"https:\/\/www.hotelalcantara.es\/wp-content\/uploads\/2018\/07\/hotel-alcantara-logo.png","width":205,"height":175,"caption":"Hotel Alc\u00e1ntara Sevilla"}]},"geo.placename":"Sevilla","geo.position":{"lat":"37.38628","long":"-5.9912469"},"geo.region":"Spain"},"_links":{"self":[{"href":"https:\/\/www.hotelalcantara.es\/en\/wp-json\/wp\/v2\/pages\/867","targetHints":{"allow":["GET"]}}],"collection":[{"href":"https:\/\/www.hotelalcantara.es\/en\/wp-json\/wp\/v2\/pages"}],"about":[{"href":"https:\/\/www.hotelalcantara.es\/en\/wp-json\/wp\/v2\/types\/page"}],"author":[{"embeddable":true,"href":"https:\/\/www.hotelalcantara.es\/en\/wp-json\/wp\/v2\/users\/1235"}],"replies":[{"embeddable":true,"href":"https:\/\/www.hotelalcantara.es\/en\/wp-json\/wp\/v2\/comments?post=867"}],"version-history":[{"count":0,"href":"https:\/\/www.hotelalcantara.es\/en\/wp-json\/wp\/v2\/pages\/867\/revisions"}],"wp:attachment":[{"href":"https:\/\/www.hotelalcantara.es\/en\/wp-json\/wp\/v2\/media?parent=867"}],"curies":[{"name":"wp","href":"https:\/\/api.w.org\/{rel}","templated":true}]}}