{"id":1787,"date":"2018-09-04T10:33:59","date_gmt":"2018-09-04T08:33:59","guid":{"rendered":"https:\/\/www.hotelalcantara.es\/ventajas\/"},"modified":"2025-09-29T21:17:44","modified_gmt":"2025-09-29T19:17:44","slug":"avantages","status":"publish","type":"page","link":"https:\/\/www.hotelalcantara.es\/fr\/avantages\/","title":{"rendered":"Avantages"},"content":{"rendered":"<div id='full_slider_1'  class='avia-fullwidth-slider main_color avia-shadow   avia-builder-el-0  el_before_av_section  avia-builder-el-first   container_wrap fullsize'  >\n<style type=\"text\/css\" data-created_by=\"avia_inline_auto\" id=\"style-css-av-av_slideshow_full-ca9aa842821e3a17b01b4e99e5d40465\">\n#top .avia-slideshow .av-slideshow-caption.av-av_slideshow_full-ca9aa842821e3a17b01b4e99e5d40465__0 .avia-caption-content{\nfont-size:50px;\ncolor:#ffffff;\n}\n#top .avia-slideshow .av-slideshow-caption.av-av_slideshow_full-ca9aa842821e3a17b01b4e99e5d40465__0 .avia-caption-content p{\nfont-size:50px;\n}\n<\/style>\n<div  class='avia-slideshow av-av_slideshow_full-ca9aa842821e3a17b01b4e99e5d40465 avia-slideshow-no scaling av_slideshow_full avia-slide-slider av-slideshow-ui av-control-default av-slideshow-manual av-loop-once av-loop-manual-endless av-default-height-applied   avia-slideshow-1' data-slideshow-options=\"{&quot;animation&quot;:&quot;slide&quot;,&quot;autoplay&quot;:false,&quot;loop_autoplay&quot;:&quot;once&quot;,&quot;interval&quot;:5,&quot;loop_manual&quot;:&quot;manual-endless&quot;,&quot;autoplay_stopper&quot;:false,&quot;noNavigation&quot;:false,&quot;bg_slider&quot;:false,&quot;keep_padding&quot;:false,&quot;hoverpause&quot;:false,&quot;show_slide_delay&quot;:0}\" ><ul class='avia-slideshow-inner ' style='padding-bottom: 23.285714285714%;'><li  class='avia-slideshow-slide av-av_slideshow_full-ca9aa842821e3a17b01b4e99e5d40465__0  av-single-slide slide-1 slide-odd'><div data-rel='slideshow-1' class='avia-slide-wrap '   ><div class='av-slideshow-caption av-av_slideshow_full-ca9aa842821e3a17b01b4e99e5d40465__0 caption_fullwidth caption_center'><div class=\"container caption_container\"><div class=\"slideshow_caption\"><div class=\"slideshow_inner_caption\"><div class=\"slideshow_align_caption\"><div class='avia-caption-content av_inherit_color' ><p><span class=\"sombra\">AVANTAGES DE <b>R\u00c8SERVER SUR NOTRE SITE <\/b><\/span><\/p>\n<\/div><\/div><\/div><\/div><\/div><\/div><img decoding=\"async\" fetchpriority=\"high\" class=\"wp-image-1780 avia-img-lazy-loading-not-1780\"  src=\"https:\/\/www.hotelalcantara.es\/wp-content\/uploads\/2018\/09\/ventajas.jpg\" width=\"1400\" height=\"326\" title='ventajas' alt='' srcset=\"https:\/\/www.hotelalcantara.es\/wp-content\/uploads\/2018\/09\/ventajas.jpg 1400w, https:\/\/www.hotelalcantara.es\/wp-content\/uploads\/2018\/09\/ventajas-300x70.jpg 300w, https:\/\/www.hotelalcantara.es\/wp-content\/uploads\/2018\/09\/ventajas-768x179.jpg 768w, https:\/\/www.hotelalcantara.es\/wp-content\/uploads\/2018\/09\/ventajas-1030x240.jpg 1030w, https:\/\/www.hotelalcantara.es\/wp-content\/uploads\/2018\/09\/ventajas-1288x300.jpg 1288w, https:\/\/www.hotelalcantara.es\/wp-content\/uploads\/2018\/09\/ventajas-705x164.jpg 705w, https:\/\/www.hotelalcantara.es\/wp-content\/uploads\/2018\/09\/ventajas-450x105.jpg 450w\" sizes=\"(max-width: 1400px) 100vw, 1400px\" \/><\/div><\/li><\/ul><\/div><\/div>\n<div id='av_section_1'  class='avia-section av-av_section-f3892e610ee9633c68397830e8f2c661 main_color avia-section-default avia-no-border-styling  avia-builder-el-1  el_after_av_slideshow_full  avia-builder-el-last  avia-bg-style-scroll container_wrap fullsize'  ><div class='container av-section-cont-open' ><div class='template-page content  av-content-full alpha units'><div class='post-entry post-entry-type-page post-entry-1787'><div class='entry-content-wrapper clearfix'>\n<div class='flex_column_table av-av_three_fifth-67adf0f1abfc2242a214758f2160949a sc-av_three_fifth av-equal-height-column-flextable'>\n<style type=\"text\/css\" data-created_by=\"avia_inline_auto\" id=\"style-css-av-av_three_fifth-67adf0f1abfc2242a214758f2160949a\">\n.flex_column.av-av_three_fifth-67adf0f1abfc2242a214758f2160949a{\nborder-radius:0px 0px 0px 0px;\npadding:0px 0px 0px 0px;\n}\n<\/style>\n<div  class='flex_column av-av_three_fifth-67adf0f1abfc2242a214758f2160949a av_three_fifth  avia-builder-el-2  el_before_av_two_fifth  avia-builder-el-first  first flex_column_table_cell av-equal-height-column av-align-top av-zero-column-padding  '     ><section  class='av_textblock_section av-mg5iggz9-a61ba57cabd419599c83196546ab360f '  ><div class='avia_textblock' ><h1>Avantages en r\u00e9servant sur <strong>notre site <\/strong><\/h1>\n<p>\u00c7a ne fait aucun doute: en r\u00e9servant sur notre site, vous y gagnez. Reservez sur notre site et voyez tout ce que vous obtiendrez en quelques clicks!<\/p>\n<ul id=\"ventajas\">\n<li><img decoding=\"async\" src=\"https:\/\/www.hotelalcantara.es\/wp-content\/uploads\/2018\/09\/precio.png\" \/> <strong> Meilleur prix garanti<\/strong><\/li>\n<li><img decoding=\"async\" src=\"https:\/\/www.hotelalcantara.es\/wp-content\/uploads\/2018\/09\/checkin.png\" \/> <strong>Early check-in &amp; late check-out (selon disponibilit\u00e9)<\/strong><\/li>\n<li><img decoding=\"async\" src=\"https:\/\/www.hotelalcantara.es\/wp-content\/uploads\/2018\/09\/upgrate.png\" \/> <strong>Surclassement de chambre (sur disponibilit\u00e9)<\/strong><\/li>\n<li><img decoding=\"async\" src=\"https:\/\/www.hotelalcantara.es\/wp-content\/uploads\/2018\/09\/flamenco.png\" \/> <strong>Promotion sur le spectacle \u00e0 La Casa del Flamenco<\/strong><\/li>\n<li><img decoding=\"async\" src=\"https:\/\/www.hotelalcantara.es\/wp-content\/uploads\/2018\/09\/icon10.png\" \/> <strong>Caf\u00e9, chocolat chaud ou th\u00e9 gratuit toute la journ\u00e9e<\/strong><\/li>\n<\/ul>\n<h3>&#8230;et la tranquillit\u00e9 de pouvoir se parler en t\u00eate \u00e0 t\u00eate<\/h3>\n<\/div><\/section><\/div><div class='av-flex-placeholder'><\/div>\n<style type=\"text\/css\" data-created_by=\"avia_inline_auto\" id=\"style-css-av-av_two_fifth-c8fc129dc35fd1ae2a1e410224d39ea8\">\n.flex_column.av-av_two_fifth-c8fc129dc35fd1ae2a1e410224d39ea8{\nborder-radius:0px 0px 0px 0px;\npadding:0px 0px 0px 0px;\n}\n<\/style>\n<div  class='flex_column av-av_two_fifth-c8fc129dc35fd1ae2a1e410224d39ea8 av_two_fifth  avia-builder-el-4  el_after_av_three_fifth  avia-builder-el-last  flex_column_table_cell av-equal-height-column av-align-top av-zero-column-padding  '     ><p><div  class='hr av-av_hr-0ff602b3e980a3377077ff3c1c834df6 hr-default  avia-builder-el-5  el_before_av_image  avia-builder-el-first '><span class='hr-inner '><span class=\"hr-inner-style\"><\/span><\/span><\/div><br \/>\n\n<style type=\"text\/css\" data-created_by=\"avia_inline_auto\" id=\"style-css-av-av_image-53d8e3b3912f850b551a2677ee550389\">\n.avia-image-container.av-av_image-53d8e3b3912f850b551a2677ee550389 img.avia_image{\nbox-shadow:none;\n}\n.avia-image-container.av-av_image-53d8e3b3912f850b551a2677ee550389 .av-image-caption-overlay-center{\ncolor:#ffffff;\n}\n<\/style>\n<div  class='avia-image-container av-av_image-53d8e3b3912f850b551a2677ee550389 av-styling- avia-align-center  avia-builder-el-6  el_after_av_hr  avia-builder-el-last  av-small-hide av-mini-hide'  ><div class=\"avia-image-container-inner\"><div class=\"avia-image-overlay-wrap\"><img decoding=\"async\" fetchpriority=\"high\" class='wp-image-2229 avia-img-lazy-loading-not-2229 avia_image ' src=\"https:\/\/www.hotelalcantara.es\/wp-content\/uploads\/2018\/08\/estandardoble22.jpg\" alt='' title='estandardoble22'  height=\"666\" width=\"1000\" srcset=\"https:\/\/www.hotelalcantara.es\/wp-content\/uploads\/2018\/08\/estandardoble22.jpg 1000w, https:\/\/www.hotelalcantara.es\/wp-content\/uploads\/2018\/08\/estandardoble22-300x200.jpg 300w, https:\/\/www.hotelalcantara.es\/wp-content\/uploads\/2018\/08\/estandardoble22-768x511.jpg 768w, https:\/\/www.hotelalcantara.es\/wp-content\/uploads\/2018\/08\/estandardoble22-450x300.jpg 450w, https:\/\/www.hotelalcantara.es\/wp-content\/uploads\/2018\/08\/estandardoble22-705x470.jpg 705w\" sizes=\"(max-width: 1000px) 100vw, 1000px\" \/><\/div><\/div><\/div><\/p><\/div><\/div><!--close column table wrapper. Autoclose: 1 -->\n","protected":false},"excerpt":{"rendered":"","protected":false},"author":1235,"featured_media":3078,"parent":0,"menu_order":60,"comment_status":"closed","ping_status":"closed","template":"","meta":{"footnotes":""},"class_list":["post-1787","page","type-page","status-publish","has-post-thumbnail","hentry"],"yoast_head":"<!-- This site is optimized with the Yoast SEO Premium plugin v27.2 (Yoast SEO v27.4) - https:\/\/yoast.com\/product\/yoast-seo-premium-wordpress\/ -->\n<title>Avantages Bying sur notre Web &#8226; Hotel Alc\u00e1ntara Sevilla<\/title>\n<meta name=\"description\" content=\"D\u00e9couvrez les avantages de la r\u00e9servation directement avec nous. Vous gagnez. R\u00e9servez sur notre site Web et d\u00e9couvrez tout ce que vous pouvez obtenir.\" \/>\n<meta name=\"robots\" content=\"index, follow, max-snippet:-1, max-image-preview:large, max-video-preview:-1\" \/>\n<link rel=\"canonical\" href=\"https:\/\/www.hotelalcantara.es\/fr\/avantages\/\" \/>\n<meta property=\"og:locale\" content=\"fr_FR\" \/>\n<meta property=\"og:type\" content=\"article\" \/>\n<meta property=\"og:title\" content=\"Avantages\" \/>\n<meta property=\"og:description\" content=\"D\u00e9couvrez les avantages de la r\u00e9servation directement avec nous. Vous gagnez. R\u00e9servez sur notre site Web et d\u00e9couvrez tout ce que vous pouvez obtenir.\" \/>\n<meta property=\"og:url\" content=\"https:\/\/www.hotelalcantara.es\/fr\/avantages\/\" \/>\n<meta property=\"og:site_name\" content=\"Hotel Alc\u00e1ntara Sevilla\" \/>\n<meta property=\"article:publisher\" content=\"https:\/\/www.facebook.com\/hotelalcantarasevilla\" \/>\n<meta property=\"article:modified_time\" content=\"2025-09-29T19:17:44+00:00\" \/>\n<meta property=\"og:image\" content=\"https:\/\/www.hotelalcantara.es\/wp-content\/uploads\/2021\/06\/zaguanconflamenco.jpg\" \/>\n\t<meta property=\"og:image:width\" content=\"1000\" \/>\n\t<meta property=\"og:image:height\" content=\"676\" \/>\n\t<meta property=\"og:image:type\" content=\"image\/jpeg\" \/>\n<meta name=\"twitter:card\" content=\"summary_large_image\" \/>\n<meta name=\"twitter:image\" content=\"https:\/\/www.hotelalcantara.es\/wp-content\/uploads\/2021\/06\/zaguanconflamenco.jpg\" \/>\n<meta name=\"twitter:label1\" content=\"Dur\u00e9e de lecture estim\u00e9e\" \/>\n\t<meta name=\"twitter:data1\" content=\"4 minutes\" \/>\n<script type=\"application\/ld+json\" class=\"yoast-schema-graph\">{\"@context\":\"https:\\\/\\\/schema.org\",\"@graph\":[{\"@type\":\"WebPage\",\"@id\":\"https:\\\/\\\/www.hotelalcantara.es\\\/fr\\\/avantages\\\/\",\"url\":\"https:\\\/\\\/www.hotelalcantara.es\\\/fr\\\/avantages\\\/\",\"name\":\"Avantages Bying sur notre Web &#8226; Hotel Alc\u00e1ntara Sevilla\",\"isPartOf\":{\"@id\":\"https:\\\/\\\/www.hotelalcantara.es\\\/fr\\\/#website\"},\"primaryImageOfPage\":{\"@id\":\"https:\\\/\\\/www.hotelalcantara.es\\\/fr\\\/avantages\\\/#primaryimage\"},\"image\":{\"@id\":\"https:\\\/\\\/www.hotelalcantara.es\\\/fr\\\/avantages\\\/#primaryimage\"},\"thumbnailUrl\":\"https:\\\/\\\/www.hotelalcantara.es\\\/wp-content\\\/uploads\\\/2021\\\/06\\\/zaguanconflamenco.jpg\",\"datePublished\":\"2018-09-04T08:33:59+00:00\",\"dateModified\":\"2025-09-29T19:17:44+00:00\",\"description\":\"D\u00e9couvrez les avantages de la r\u00e9servation directement avec nous. Vous gagnez. R\u00e9servez sur notre site Web et d\u00e9couvrez tout ce que vous pouvez obtenir.\",\"breadcrumb\":{\"@id\":\"https:\\\/\\\/www.hotelalcantara.es\\\/fr\\\/avantages\\\/#breadcrumb\"},\"inLanguage\":\"fr-FR\",\"potentialAction\":[{\"@type\":\"ReadAction\",\"target\":[\"https:\\\/\\\/www.hotelalcantara.es\\\/fr\\\/avantages\\\/\"]}]},{\"@type\":\"ImageObject\",\"inLanguage\":\"fr-FR\",\"@id\":\"https:\\\/\\\/www.hotelalcantara.es\\\/fr\\\/avantages\\\/#primaryimage\",\"url\":\"https:\\\/\\\/www.hotelalcantara.es\\\/wp-content\\\/uploads\\\/2021\\\/06\\\/zaguanconflamenco.jpg\",\"contentUrl\":\"https:\\\/\\\/www.hotelalcantara.es\\\/wp-content\\\/uploads\\\/2021\\\/06\\\/zaguanconflamenco.jpg\",\"width\":1000,\"height\":676},{\"@type\":\"BreadcrumbList\",\"@id\":\"https:\\\/\\\/www.hotelalcantara.es\\\/fr\\\/avantages\\\/#breadcrumb\",\"itemListElement\":[{\"@type\":\"ListItem\",\"position\":1,\"name\":\"Portada\",\"item\":\"https:\\\/\\\/www.hotelalcantara.es\\\/fr\\\/\"},{\"@type\":\"ListItem\",\"position\":2,\"name\":\"Avantages\"}]},{\"@type\":\"WebSite\",\"@id\":\"https:\\\/\\\/www.hotelalcantara.es\\\/fr\\\/#website\",\"url\":\"https:\\\/\\\/www.hotelalcantara.es\\\/fr\\\/\",\"name\":\"Hotel Alc\u00e1ntara Sevilla\",\"description\":\"Hotel centro de Sevilla\",\"publisher\":{\"@id\":\"https:\\\/\\\/www.hotelalcantara.es\\\/fr\\\/#organization\"},\"potentialAction\":[{\"@type\":\"SearchAction\",\"target\":{\"@type\":\"EntryPoint\",\"urlTemplate\":\"https:\\\/\\\/www.hotelalcantara.es\\\/fr\\\/?s={search_term_string}\"},\"query-input\":{\"@type\":\"PropertyValueSpecification\",\"valueRequired\":true,\"valueName\":\"search_term_string\"}}],\"inLanguage\":\"fr-FR\"},{\"@type\":[\"Organization\",\"Place\",\"Hotel\"],\"@id\":\"https:\\\/\\\/www.hotelalcantara.es\\\/fr\\\/#organization\",\"name\":\"Hotel Alc\u00e1ntara Sevilla\",\"url\":\"https:\\\/\\\/www.hotelalcantara.es\\\/fr\\\/\",\"logo\":{\"@id\":\"https:\\\/\\\/www.hotelalcantara.es\\\/fr\\\/avantages\\\/#local-main-organization-logo\"},\"image\":{\"@id\":\"https:\\\/\\\/www.hotelalcantara.es\\\/fr\\\/avantages\\\/#local-main-organization-logo\"},\"sameAs\":[\"https:\\\/\\\/www.facebook.com\\\/hotelalcantarasevilla\",\"https:\\\/\\\/www.instagram.com\\\/hotelalcantara\\\/\"],\"description\":\"El hotel Alc\u00e1ntara es un precioso hotel de dos estrellas ubicado en Sevilla centro, en pleno coraz\u00f3n del Barrio de Santa Cruz, en el conjunto hist\u00f3rico y monumental de Sevilla, donde la ciudad despega toda su belleza y misterio. El hotel, inaugurado en 2002, ocupaba en sus comienzos las antiguas dependencias de servicio y el huerto de una casa se\u00f1orial del siglo XV.\",\"legalName\":\"YSASI HOTELES S.L.\",\"foundingDate\":\"2002-01-01\",\"ownershipFundingInfo\":\"https:\\\/\\\/www.hotelalcantara.es\\\/aviso-legal\\\/\",\"address\":{\"@id\":\"https:\\\/\\\/www.hotelalcantara.es\\\/fr\\\/avantages\\\/#local-main-place-address\"},\"geo\":{\"@type\":\"GeoCoordinates\",\"latitude\":\"37.38628\",\"longitude\":\"-5.9912469\"},\"telephone\":[\"+34954500595\"],\"openingHoursSpecification\":{\"@type\":\"OpeningHoursSpecification\",\"dayOfWeek\":[\"Monday\",\"Tuesday\",\"Wednesday\",\"Thursday\",\"Friday\",\"Saturday\",\"Sunday\"],\"opens\":\"00:00\",\"closes\":\"23:59\"},\"email\":\"info@hotelalcantara.net\",\"vatID\":\"B91036921\",\"taxID\":\"B91036921\",\"currenciesAccepted\":\"EUR,USD,GBP\",\"paymentAccepted\":\"Cash,Visa,AmericanExpress,MasterCard\"},{\"@type\":\"PostalAddress\",\"@id\":\"https:\\\/\\\/www.hotelalcantara.es\\\/fr\\\/avantages\\\/#local-main-place-address\",\"streetAddress\":\"Xim\u00e9nez de Enciso 28\",\"addressLocality\":\"Sevilla\",\"postalCode\":\"41004\",\"addressRegion\":\"Sevilla\",\"addressCountry\":\"ES\"},{\"@type\":\"ImageObject\",\"inLanguage\":\"fr-FR\",\"@id\":\"https:\\\/\\\/www.hotelalcantara.es\\\/fr\\\/avantages\\\/#local-main-organization-logo\",\"url\":\"https:\\\/\\\/www.hotelalcantara.es\\\/wp-content\\\/uploads\\\/2018\\\/07\\\/hotel-alcantara-logo.png\",\"contentUrl\":\"https:\\\/\\\/www.hotelalcantara.es\\\/wp-content\\\/uploads\\\/2018\\\/07\\\/hotel-alcantara-logo.png\",\"width\":205,\"height\":175,\"caption\":\"Hotel Alc\u00e1ntara Sevilla\"}]}<\/script>\n<meta name=\"geo.placename\" content=\"Sevilla\" \/>\n<meta name=\"geo.position\" content=\"37.38628;-5.9912469\" \/>\n<meta name=\"geo.region\" content=\"Espagne\" \/>\n<!-- \/ Yoast SEO Premium plugin. -->","yoast_head_json":{"title":"Avantages Bying sur notre Web &#8226; Hotel Alc\u00e1ntara Sevilla","description":"D\u00e9couvrez les avantages de la r\u00e9servation directement avec nous. Vous gagnez. R\u00e9servez sur notre site Web et d\u00e9couvrez tout ce que vous pouvez obtenir.","robots":{"index":"index","follow":"follow","max-snippet":"max-snippet:-1","max-image-preview":"max-image-preview:large","max-video-preview":"max-video-preview:-1"},"canonical":"https:\/\/www.hotelalcantara.es\/fr\/avantages\/","og_locale":"fr_FR","og_type":"article","og_title":"Avantages","og_description":"D\u00e9couvrez les avantages de la r\u00e9servation directement avec nous. Vous gagnez. R\u00e9servez sur notre site Web et d\u00e9couvrez tout ce que vous pouvez obtenir.","og_url":"https:\/\/www.hotelalcantara.es\/fr\/avantages\/","og_site_name":"Hotel Alc\u00e1ntara Sevilla","article_publisher":"https:\/\/www.facebook.com\/hotelalcantarasevilla","article_modified_time":"2025-09-29T19:17:44+00:00","og_image":[{"width":1000,"height":676,"url":"https:\/\/www.hotelalcantara.es\/wp-content\/uploads\/2021\/06\/zaguanconflamenco.jpg","type":"image\/jpeg"}],"twitter_card":"summary_large_image","twitter_image":"https:\/\/www.hotelalcantara.es\/wp-content\/uploads\/2021\/06\/zaguanconflamenco.jpg","twitter_misc":{"Dur\u00e9e de lecture estim\u00e9e":"4 minutes"},"schema":{"@context":"https:\/\/schema.org","@graph":[{"@type":"WebPage","@id":"https:\/\/www.hotelalcantara.es\/fr\/avantages\/","url":"https:\/\/www.hotelalcantara.es\/fr\/avantages\/","name":"Avantages Bying sur notre Web &#8226; Hotel Alc\u00e1ntara Sevilla","isPartOf":{"@id":"https:\/\/www.hotelalcantara.es\/fr\/#website"},"primaryImageOfPage":{"@id":"https:\/\/www.hotelalcantara.es\/fr\/avantages\/#primaryimage"},"image":{"@id":"https:\/\/www.hotelalcantara.es\/fr\/avantages\/#primaryimage"},"thumbnailUrl":"https:\/\/www.hotelalcantara.es\/wp-content\/uploads\/2021\/06\/zaguanconflamenco.jpg","datePublished":"2018-09-04T08:33:59+00:00","dateModified":"2025-09-29T19:17:44+00:00","description":"D\u00e9couvrez les avantages de la r\u00e9servation directement avec nous. Vous gagnez. R\u00e9servez sur notre site Web et d\u00e9couvrez tout ce que vous pouvez obtenir.","breadcrumb":{"@id":"https:\/\/www.hotelalcantara.es\/fr\/avantages\/#breadcrumb"},"inLanguage":"fr-FR","potentialAction":[{"@type":"ReadAction","target":["https:\/\/www.hotelalcantara.es\/fr\/avantages\/"]}]},{"@type":"ImageObject","inLanguage":"fr-FR","@id":"https:\/\/www.hotelalcantara.es\/fr\/avantages\/#primaryimage","url":"https:\/\/www.hotelalcantara.es\/wp-content\/uploads\/2021\/06\/zaguanconflamenco.jpg","contentUrl":"https:\/\/www.hotelalcantara.es\/wp-content\/uploads\/2021\/06\/zaguanconflamenco.jpg","width":1000,"height":676},{"@type":"BreadcrumbList","@id":"https:\/\/www.hotelalcantara.es\/fr\/avantages\/#breadcrumb","itemListElement":[{"@type":"ListItem","position":1,"name":"Portada","item":"https:\/\/www.hotelalcantara.es\/fr\/"},{"@type":"ListItem","position":2,"name":"Avantages"}]},{"@type":"WebSite","@id":"https:\/\/www.hotelalcantara.es\/fr\/#website","url":"https:\/\/www.hotelalcantara.es\/fr\/","name":"Hotel Alc\u00e1ntara Sevilla","description":"Hotel centro de Sevilla","publisher":{"@id":"https:\/\/www.hotelalcantara.es\/fr\/#organization"},"potentialAction":[{"@type":"SearchAction","target":{"@type":"EntryPoint","urlTemplate":"https:\/\/www.hotelalcantara.es\/fr\/?s={search_term_string}"},"query-input":{"@type":"PropertyValueSpecification","valueRequired":true,"valueName":"search_term_string"}}],"inLanguage":"fr-FR"},{"@type":["Organization","Place","Hotel"],"@id":"https:\/\/www.hotelalcantara.es\/fr\/#organization","name":"Hotel Alc\u00e1ntara Sevilla","url":"https:\/\/www.hotelalcantara.es\/fr\/","logo":{"@id":"https:\/\/www.hotelalcantara.es\/fr\/avantages\/#local-main-organization-logo"},"image":{"@id":"https:\/\/www.hotelalcantara.es\/fr\/avantages\/#local-main-organization-logo"},"sameAs":["https:\/\/www.facebook.com\/hotelalcantarasevilla","https:\/\/www.instagram.com\/hotelalcantara\/"],"description":"El hotel Alc\u00e1ntara es un precioso hotel de dos estrellas ubicado en Sevilla centro, en pleno coraz\u00f3n del Barrio de Santa Cruz, en el conjunto hist\u00f3rico y monumental de Sevilla, donde la ciudad despega toda su belleza y misterio. El hotel, inaugurado en 2002, ocupaba en sus comienzos las antiguas dependencias de servicio y el huerto de una casa se\u00f1orial del siglo XV.","legalName":"YSASI HOTELES S.L.","foundingDate":"2002-01-01","ownershipFundingInfo":"https:\/\/www.hotelalcantara.es\/aviso-legal\/","address":{"@id":"https:\/\/www.hotelalcantara.es\/fr\/avantages\/#local-main-place-address"},"geo":{"@type":"GeoCoordinates","latitude":"37.38628","longitude":"-5.9912469"},"telephone":["+34954500595","+34954500595"],"openingHoursSpecification":{"@type":"OpeningHoursSpecification","dayOfWeek":["Monday","Tuesday","Wednesday","Thursday","Friday","Saturday","Sunday"],"opens":"00:00","closes":"23:59"},"email":"info@hotelalcantara.net","vatID":"B91036921","taxID":"B91036921","currenciesAccepted":"EUR,USD,GBP","paymentAccepted":"Cash,Visa,AmericanExpress,MasterCard"},{"@type":"PostalAddress","@id":"https:\/\/www.hotelalcantara.es\/fr\/avantages\/#local-main-place-address","streetAddress":"Xim\u00e9nez de Enciso 28","addressLocality":"Sevilla","postalCode":"41004","addressRegion":"Sevilla","addressCountry":"ES"},{"@type":"ImageObject","inLanguage":"fr-FR","@id":"https:\/\/www.hotelalcantara.es\/fr\/avantages\/#local-main-organization-logo","url":"https:\/\/www.hotelalcantara.es\/wp-content\/uploads\/2018\/07\/hotel-alcantara-logo.png","contentUrl":"https:\/\/www.hotelalcantara.es\/wp-content\/uploads\/2018\/07\/hotel-alcantara-logo.png","width":205,"height":175,"caption":"Hotel Alc\u00e1ntara Sevilla"}]},"geo.placename":"Sevilla","geo.position":{"lat":"37.38628","long":"-5.9912469"},"geo.region":"Espagne"},"_links":{"self":[{"href":"https:\/\/www.hotelalcantara.es\/fr\/wp-json\/wp\/v2\/pages\/1787","targetHints":{"allow":["GET"]}}],"collection":[{"href":"https:\/\/www.hotelalcantara.es\/fr\/wp-json\/wp\/v2\/pages"}],"about":[{"href":"https:\/\/www.hotelalcantara.es\/fr\/wp-json\/wp\/v2\/types\/page"}],"author":[{"embeddable":true,"href":"https:\/\/www.hotelalcantara.es\/fr\/wp-json\/wp\/v2\/users\/1235"}],"replies":[{"embeddable":true,"href":"https:\/\/www.hotelalcantara.es\/fr\/wp-json\/wp\/v2\/comments?post=1787"}],"version-history":[{"count":3,"href":"https:\/\/www.hotelalcantara.es\/fr\/wp-json\/wp\/v2\/pages\/1787\/revisions"}],"predecessor-version":[{"id":4524,"href":"https:\/\/www.hotelalcantara.es\/fr\/wp-json\/wp\/v2\/pages\/1787\/revisions\/4524"}],"wp:featuredmedia":[{"embeddable":true,"href":"https:\/\/www.hotelalcantara.es\/fr\/wp-json\/wp\/v2\/media\/3078"}],"wp:attachment":[{"href":"https:\/\/www.hotelalcantara.es\/fr\/wp-json\/wp\/v2\/media?parent=1787"}],"curies":[{"name":"wp","href":"https:\/\/api.w.org\/{rel}","templated":true}]}}