{"id":902,"date":"2018-06-27T14:22:23","date_gmt":"2018-06-27T14:22:23","guid":{"rendered":"https:\/\/www.hotelalcantara.es\/el-hotel\/habitaciones\/"},"modified":"2025-05-19T14:21:00","modified_gmt":"2025-05-19T12:21:00","slug":"nos-chambres","status":"publish","type":"page","link":"https:\/\/www.hotelalcantara.es\/fr\/lhotel\/nos-chambres\/","title":{"rendered":"Chambres"},"content":{"rendered":"<div id='full_slider_1'  class='avia-fullwidth-slider main_color avia-shadow   avia-builder-el-0  el_before_av_section  avia-builder-el-first   container_wrap fullsize'  >\n<style type=\"text\/css\" data-created_by=\"avia_inline_auto\" id=\"style-css-av-lhxhq76i-53fbd4d75e686024687cc5957ad643f6\">\n#top .avia-slideshow .av-slideshow-caption.av-lhxhq76i-53fbd4d75e686024687cc5957ad643f6__0 .avia-caption-content{\nfont-size:50px;\ncolor:#ffffff;\n}\n#top .avia-slideshow .av-slideshow-caption.av-lhxhq76i-53fbd4d75e686024687cc5957ad643f6__0 .avia-caption-content p{\nfont-size:50px;\n}\n<\/style>\n<div  class='avia-slideshow av-lhxhq76i-53fbd4d75e686024687cc5957ad643f6 avia-slideshow-featured av_slideshow_full avia-slide-slider av-slideshow-ui av-control-default av-slideshow-manual av-loop-once av-loop-manual-endless av-default-height-applied   avia-slideshow-1' data-slideshow-options=\"{&quot;animation&quot;:&quot;slide&quot;,&quot;autoplay&quot;:false,&quot;loop_autoplay&quot;:&quot;once&quot;,&quot;interval&quot;:5,&quot;loop_manual&quot;:&quot;manual-endless&quot;,&quot;autoplay_stopper&quot;:false,&quot;noNavigation&quot;:false,&quot;bg_slider&quot;:false,&quot;keep_padding&quot;:false,&quot;hoverpause&quot;:false,&quot;show_slide_delay&quot;:0}\" ><ul class='avia-slideshow-inner ' style='padding-bottom: 23.285714285714%;'><li  class='avia-slideshow-slide av-lhxhq76i-53fbd4d75e686024687cc5957ad643f6__0  av-single-slide slide-1 slide-odd'><div data-rel='slideshow-1' class='avia-slide-wrap '   ><div class='av-slideshow-caption av-lhxhq76i-53fbd4d75e686024687cc5957ad643f6__0 caption_fullwidth caption_center'><div class=\"container caption_container\"><div class=\"slideshow_caption\"><div class=\"slideshow_inner_caption\"><div class=\"slideshow_align_caption\"><div class='avia-caption-content av_inherit_color' ><p><span class=\"sombra\">JOUR <b>LUMINEUX<\/b><br \/>\nNUITS <b>SILENCIEUSES<\/b><\/span><\/p>\n<\/div><\/div><\/div><\/div><\/div><\/div><img decoding=\"async\" fetchpriority=\"high\" class=\"wp-image-1031 avia-img-lazy-loading-not-1031\"  src=\"https:\/\/www.hotelalcantara.es\/wp-content\/uploads\/2018\/07\/bg_habitaciones.jpg\" width=\"1400\" height=\"326\" title='bg_habitaciones' alt='' srcset=\"https:\/\/www.hotelalcantara.es\/wp-content\/uploads\/2018\/07\/bg_habitaciones.jpg 1400w, https:\/\/www.hotelalcantara.es\/wp-content\/uploads\/2018\/07\/bg_habitaciones-300x70.jpg 300w, https:\/\/www.hotelalcantara.es\/wp-content\/uploads\/2018\/07\/bg_habitaciones-768x179.jpg 768w, https:\/\/www.hotelalcantara.es\/wp-content\/uploads\/2018\/07\/bg_habitaciones-1030x240.jpg 1030w, https:\/\/www.hotelalcantara.es\/wp-content\/uploads\/2018\/07\/bg_habitaciones-1288x300.jpg 1288w, https:\/\/www.hotelalcantara.es\/wp-content\/uploads\/2018\/07\/bg_habitaciones-705x164.jpg 705w, https:\/\/www.hotelalcantara.es\/wp-content\/uploads\/2018\/07\/bg_habitaciones-450x105.jpg 450w\" sizes=\"(max-width: 1400px) 100vw, 1400px\" \/><\/div><\/li><\/ul><\/div><\/div>\n<div id='av_section_1'  class='avia-section av-av_section-2dcda1862a94bb522b437cf4f29dd74d main_color avia-section-default avia-no-shadow  avia-builder-el-1  el_after_av_slideshow_full  el_before_av_section  avia-bg-style-scroll container_wrap fullsize'  ><div class='container av-section-cont-open' ><div class='template-page content  av-content-full alpha units'><div class='post-entry post-entry-type-page post-entry-902'><div class='entry-content-wrapper clearfix'>\n\n<style type=\"text\/css\" data-created_by=\"avia_inline_auto\" id=\"style-css-av-av_one_full-15d750bd1b332b34c6e70b077ebbccdf\">\n.flex_column.av-av_one_full-15d750bd1b332b34c6e70b077ebbccdf{\nborder-radius:0px 0px 0px 0px;\npadding:0px 0px 0px 0px;\n}\n<\/style>\n<div  class='flex_column av-av_one_full-15d750bd1b332b34c6e70b077ebbccdf av_one_full  avia-builder-el-2  avia-builder-el-no-sibling  first flex_column_div av-zero-column-padding  '     ><section  class='av_textblock_section av-av_textblock-2de302bf1aa3cf4c9157dbe6f50ac7eb '  ><div class='avia_textblock' ><h1>Nos <strong>chambres<\/strong><\/h1>\n<p>Tr\u00e8s bien am\u00e9nag\u00e9es, les <strong>22 chambres<\/strong> qui composent notre h\u00f4tel sont chaleureuses et confortables. Chacune d\u2019entre elles dispose d\u2019une salle de bains, d\u2019un s\u00e8che-cheveux, de la climatisation et du chauffage, du t\u00e9l\u00e9phone, de la t\u00e9l\u00e9vision, d\u2019une connexion wifi et de tous les \u00e9quipements n\u00e9cessaires.<\/p>\n<p>Diff\u00e9rents types de chambres vous seront propos\u00e9s selon vos besoins et votre budget.<\/p>\n<\/div><\/section><\/div>\n\n<\/div><\/div><\/div><!-- close content main div --><\/div><\/div><div id='av_section_2'  class='avia-section av-av_section-2bb5dbc2f4280f0fa9c0823dd68eaa60 main_color avia-section-small avia-no-border-styling  avia-builder-el-4  el_after_av_section  avia-builder-el-last  avia-bg-style-scroll container_wrap fullsize'  ><div class='container av-section-cont-open' ><div class='template-page content  av-content-full alpha units'><div class='post-entry post-entry-type-page post-entry-902'><div class='entry-content-wrapper clearfix'>\n\n<style type=\"text\/css\" data-created_by=\"avia_inline_auto\" id=\"style-css-av-av_one_third-15d750bd1b332b34c6e70b077ebbccdf\">\n.flex_column.av-av_one_third-15d750bd1b332b34c6e70b077ebbccdf{\nborder-radius:0px 0px 0px 0px;\npadding:0px 0px 0px 0px;\n}\n<\/style>\n<div  class='flex_column av-av_one_third-15d750bd1b332b34c6e70b077ebbccdf av_one_third  avia-builder-el-5  el_before_av_two_third  avia-builder-el-first  first flex_column_div av-zero-column-padding  '     ><div  class='avia-builder-widget-area clearfix  avia-builder-el-6  avia-builder-el-no-sibling '><div id=\"custom_html-4\" class=\"widget_text widget clearfix widget_custom_html\"><div class=\"textwidget custom-html-widget\"><div class=\"servicios\">\r\n<h3>Nos <strong>Services<\/strong><\/h3>\r\n<table>\r\n<tbody>\r\n<tr>\r\n<td><img decoding=\"async\" src=\"\/wp-content\/uploads\/2025\/05\/icono-servicio-00001.png\" alt=\"Service de r\u00e9veil\"><\/td>\r\n<td>Service de r\u00e9veil<\/td>\r\n<\/tr>\r\n<tr>\r\n<td><img decoding=\"async\" src=\"\/wp-content\/uploads\/2025\/05\/icono-servicio-00002.png\" alt=\"Petit-d\u00e9jeuner buffet\"><\/td>\r\n<td>Petit-d\u00e9jeuner buffet de 7h30 \u00e0 10h30 (10,50 \u20ac par personne)<\/td>\r\n<\/tr>\r\n<tr>\r\n<td><img decoding=\"async\" src=\"\/wp-content\/uploads\/2025\/05\/icono-servicio-00003.png\" alt=\"Panier petit-d\u00e9jeuner disponible\"><\/td>\r\n<td>Panier petit-d\u00e9jeuner disponible avant 7h30  \r\n(\u00c0 demander \u00e0 l'avance)<\/td>\r\n<\/tr>\r\n<tr>\r\n<td><img decoding=\"async\" src=\"\/wp-content\/uploads\/2025\/05\/icono-servicio-00004.png\" alt=\"Chaise haute pour b\u00e9b\u00e9s pendant le petit-d\u00e9jeuner\"><\/td>\r\n<td>Chaise haute pour b\u00e9b\u00e9s pendant le petit-d\u00e9jeuner<\/td>\r\n<\/tr>\r\n<tr>\r\n<td><img decoding=\"async\" src=\"\/wp-content\/uploads\/2025\/05\/icono-servicio-00005.png\" alt=\"Consigne \u00e0 bagages\"><\/td>\r\n<td>Consigne \u00e0 bagages<\/td>\r\n<\/tr>\r\n<tr>\r\n<td><img decoding=\"async\" src=\"\/wp-content\/uploads\/2025\/05\/icono-servicio-00006.png\" alt=\"Balance pour bagages\"><\/td>\r\n<td>Balance pour bagages<\/td>\r\n<\/tr>\r\n<tr>\r\n<td><img decoding=\"async\" src=\"\/wp-content\/uploads\/2025\/05\/icono-servicio-00007.png\" alt=\"Impression des cartes d\u2019embarquement et autres documents\"><\/td>\r\n<td>Impression des cartes d\u2019embarquement et autres documents<\/td>\r\n<\/tr>\r\n<tr>\r\n<td><img decoding=\"async\" src=\"\/wp-content\/uploads\/2025\/05\/icono-servicio-00008.png\" alt=\"Caf\u00e9 et infusions gratuits en dehors des horaires du petit-d\u00e9jeuner\"><\/td>\r\n<td>Caf\u00e9 et infusions gratuits en dehors des horaires du petit-d\u00e9jeuner<\/td>\r\n<\/tr>\r\n<tr>\r\n<td><img decoding=\"async\" src=\"\/wp-content\/uploads\/2025\/05\/icono-servicio-00009.png\" alt=\"R\u00e9duction pour La Casa del Flamenco\"><\/td>\r\n<td>R\u00e9duction pour les r\u00e9servations \u00e0 La Casa del Flamenco<\/td>\r\n<\/tr>\r\n<tr>\r\n<td><img decoding=\"async\" src=\"\/wp-content\/uploads\/2025\/05\/icono-servicio-00010.png\" alt=\"Parking \u00e0 v\u00e9los\"><\/td>\r\n<td>Parking \u00e0 v\u00e9los<\/td>\r\n<\/tr>\r\n<tr>\r\n<td><img decoding=\"async\" src=\"\/wp-content\/uploads\/2025\/05\/icono-servicio-00011.png\" alt=\"Coffre-fort \u00e0 la r\u00e9ception\"><\/td>\r\n<td>Coffre-fort \u00e0 la r\u00e9ception<\/td>\r\n<\/tr>\r\n<tr>\r\n<td><img decoding=\"async\" src=\"\/wp-content\/uploads\/2025\/05\/icono-servicio-00012.png\" alt=\"Fer et table \u00e0 repasser\"><\/td>\r\n<td>Fer et table \u00e0 repasser<\/td>\r\n<\/tr>\r\n<tr>\r\n<td><img decoding=\"async\" src=\"\/wp-content\/uploads\/2025\/05\/icono-servicio-00013.png\" alt=\"Adaptateurs de prises\"><\/td>\r\n<td>Adaptateurs de prises<\/td>\r\n<\/tr>\r\n<tr>\r\n<td><img decoding=\"async\" src=\"\/wp-content\/uploads\/2025\/05\/icono-servicio-00014.png\" alt=\"R\u00e9servation de taxi\"><\/td>\r\n<td>R\u00e9servation de taxi<\/td>\r\n<\/tr>\r\n<tr>\r\n<td><img decoding=\"async\" src=\"\/wp-content\/uploads\/2025\/05\/icono-servicio-00015.png\" alt=\"Pr\u00eat de parapluies\"><\/td>\r\n<td>Pr\u00eat de parapluies<\/td>\r\n<\/tr>\r\n<tr>\r\n<td><img decoding=\"async\" src=\"\/wp-content\/uploads\/2025\/05\/icono-servicio-00016.png\" alt=\"Distributeur de boissons fra\u00eeches\"><\/td>\r\n<td>Distributeur de boissons fra\u00eeches<\/td>\r\n<\/tr>\r\n<tr>\r\n<td><img decoding=\"async\" src=\"\/wp-content\/uploads\/2023\/09\/pets.svg\" alt=\"animaux non admis\"><\/td>\r\n<td>Animaux non admis (sauf animaux d'assistance)<\/td>\r\n<\/tr>\r\n<tr>\r\n<td><img decoding=\"async\" src=\"\/wp-content\/uploads\/2025\/05\/icono-servicio-00017.png\" alt=\"les meilleures recommandations de S\u00e9ville\"><\/td>\r\n<td>Et bien s\u00fbr, nos meilleures recommandations pour d\u00e9couvrir S\u00e9ville<\/td>\r\n<\/tr>\r\n<\/tbody>\r\n<\/table>\r\n<\/div>\r\n<\/div><\/div><\/div><\/div>\n<style type=\"text\/css\" data-created_by=\"avia_inline_auto\" id=\"style-css-av-av_two_third-c8fc129dc35fd1ae2a1e410224d39ea8\">\n.flex_column.av-av_two_third-c8fc129dc35fd1ae2a1e410224d39ea8{\nborder-radius:0px 0px 0px 0px;\npadding:0px 0px 0px 0px;\n}\n<\/style>\n<div  class='flex_column av-av_two_third-c8fc129dc35fd1ae2a1e410224d39ea8 av_two_third  avia-builder-el-7  el_after_av_one_third  avia-builder-el-last  flex_column_div av-zero-column-padding  '     ><\/div>\n","protected":false},"excerpt":{"rendered":"<p>Nous disposons de 22 chambres o\u00f9 vous pourrez profiter car elles offrent un espace joyeux et accueillant ainsi qu&rsquo;un bon \u00e9quipement.<\/p>\n","protected":false},"author":1235,"featured_media":0,"parent":890,"menu_order":20,"comment_status":"closed","ping_status":"closed","template":"","meta":{"footnotes":""},"class_list":["post-902","page","type-page","status-publish","hentry"],"yoast_head":"<!-- This site is optimized with the Yoast SEO Premium plugin v27.0 (Yoast SEO v27.2) - https:\/\/yoast.com\/product\/yoast-seo-premium-wordpress\/ -->\n<title>Chambres &#8226; Hotel Alc\u00e1ntara Sevilla<\/title>\n<meta name=\"description\" content=\"Nous disposons de 22 chambres o\u00f9 vous pourrez profiter car elles offrent un espace joyeux et accueillant ainsi qu&#039;un bon \u00e9quipement.\" \/>\n<meta name=\"robots\" content=\"index, follow, max-snippet:-1, max-image-preview:large, max-video-preview:-1\" \/>\n<link rel=\"canonical\" href=\"https:\/\/www.hotelalcantara.es\/fr\/lhotel\/nos-chambres\/\" \/>\n<meta property=\"og:locale\" content=\"fr_FR\" \/>\n<meta property=\"og:type\" content=\"article\" \/>\n<meta property=\"og:title\" content=\"Chambres\" \/>\n<meta property=\"og:description\" content=\"Nous disposons de 22 chambres o\u00f9 vous pourrez profiter car elles offrent un espace joyeux et accueillant ainsi qu&#039;un bon \u00e9quipement.\" \/>\n<meta property=\"og:url\" content=\"https:\/\/www.hotelalcantara.es\/fr\/lhotel\/nos-chambres\/\" \/>\n<meta property=\"og:site_name\" content=\"Hotel Alc\u00e1ntara Sevilla\" \/>\n<meta property=\"article:publisher\" content=\"https:\/\/www.facebook.com\/hotelalcantarasevilla\" \/>\n<meta property=\"article:modified_time\" content=\"2025-05-19T12:21:00+00:00\" \/>\n<meta property=\"og:image\" content=\"https:\/\/www.hotelalcantara.es\/wp-content\/uploads\/2021\/06\/zaguanconflamenco.jpg\" \/>\n\t<meta property=\"og:image:width\" content=\"1000\" \/>\n\t<meta property=\"og:image:height\" content=\"676\" \/>\n\t<meta property=\"og:image:type\" content=\"image\/jpeg\" \/>\n<meta name=\"twitter:card\" content=\"summary_large_image\" \/>\n<meta name=\"twitter:image\" content=\"https:\/\/www.hotelalcantara.es\/wp-content\/uploads\/2021\/06\/zaguanconflamenco.jpg\" \/>\n<meta name=\"twitter:label1\" content=\"Dur\u00e9e de lecture estim\u00e9e\" \/>\n\t<meta name=\"twitter:data1\" content=\"5 minutes\" \/>\n<script type=\"application\/ld+json\" class=\"yoast-schema-graph\">{\"@context\":\"https:\/\/schema.org\",\"@graph\":[{\"@type\":\"WebPage\",\"@id\":\"https:\/\/www.hotelalcantara.es\/fr\/lhotel\/nos-chambres\/\",\"url\":\"https:\/\/www.hotelalcantara.es\/fr\/lhotel\/nos-chambres\/\",\"name\":\"Chambres &#8226; Hotel Alc\u00e1ntara Sevilla\",\"isPartOf\":{\"@id\":\"https:\/\/www.hotelalcantara.es\/fr\/#website\"},\"datePublished\":\"2018-06-27T14:22:23+00:00\",\"dateModified\":\"2025-05-19T12:21:00+00:00\",\"description\":\"Nous disposons de 22 chambres o\u00f9 vous pourrez profiter car elles offrent un espace joyeux et accueillant ainsi qu'un bon \u00e9quipement.\",\"breadcrumb\":{\"@id\":\"https:\/\/www.hotelalcantara.es\/fr\/lhotel\/nos-chambres\/#breadcrumb\"},\"inLanguage\":\"fr-FR\",\"potentialAction\":[{\"@type\":\"ReadAction\",\"target\":[\"https:\/\/www.hotelalcantara.es\/fr\/lhotel\/nos-chambres\/\"]}]},{\"@type\":\"BreadcrumbList\",\"@id\":\"https:\/\/www.hotelalcantara.es\/fr\/lhotel\/nos-chambres\/#breadcrumb\",\"itemListElement\":[{\"@type\":\"ListItem\",\"position\":1,\"name\":\"Portada\",\"item\":\"https:\/\/www.hotelalcantara.es\/fr\/\"},{\"@type\":\"ListItem\",\"position\":2,\"name\":\"L&#8217;h\u00f4tel\",\"item\":\"https:\/\/www.hotelalcantara.es\/fr\/lhotel\/\"},{\"@type\":\"ListItem\",\"position\":3,\"name\":\"Chambres\"}]},{\"@type\":\"WebSite\",\"@id\":\"https:\/\/www.hotelalcantara.es\/fr\/#website\",\"url\":\"https:\/\/www.hotelalcantara.es\/fr\/\",\"name\":\"Hotel Alc\u00e1ntara Sevilla\",\"description\":\"Hotel centro de Sevilla\",\"publisher\":{\"@id\":\"https:\/\/www.hotelalcantara.es\/fr\/#organization\"},\"potentialAction\":[{\"@type\":\"SearchAction\",\"target\":{\"@type\":\"EntryPoint\",\"urlTemplate\":\"https:\/\/www.hotelalcantara.es\/fr\/?s={search_term_string}\"},\"query-input\":{\"@type\":\"PropertyValueSpecification\",\"valueRequired\":true,\"valueName\":\"search_term_string\"}}],\"inLanguage\":\"fr-FR\"},{\"@type\":[\"Organization\",\"Place\",\"Hotel\"],\"@id\":\"https:\/\/www.hotelalcantara.es\/fr\/#organization\",\"name\":\"Hotel Alc\u00e1ntara Sevilla\",\"url\":\"https:\/\/www.hotelalcantara.es\/fr\/\",\"logo\":{\"@id\":\"https:\/\/www.hotelalcantara.es\/fr\/lhotel\/nos-chambres\/#local-main-organization-logo\"},\"image\":{\"@id\":\"https:\/\/www.hotelalcantara.es\/fr\/lhotel\/nos-chambres\/#local-main-organization-logo\"},\"sameAs\":[\"https:\/\/www.facebook.com\/hotelalcantarasevilla\",\"https:\/\/www.instagram.com\/hotelalcantara\/\"],\"description\":\"El hotel Alc\u00e1ntara es un precioso hotel de dos estrellas ubicado en Sevilla centro, en pleno coraz\u00f3n del Barrio de Santa Cruz, en el conjunto hist\u00f3rico y monumental de Sevilla, donde la ciudad despega toda su belleza y misterio. El hotel, inaugurado en 2002, ocupaba en sus comienzos las antiguas dependencias de servicio y el huerto de una casa se\u00f1orial del siglo XV.\",\"legalName\":\"YSASI HOTELES S.L.\",\"foundingDate\":\"2002-01-01\",\"ownershipFundingInfo\":\"https:\/\/www.hotelalcantara.es\/aviso-legal\/\",\"address\":{\"@id\":\"https:\/\/www.hotelalcantara.es\/fr\/lhotel\/nos-chambres\/#local-main-place-address\"},\"geo\":{\"@type\":\"GeoCoordinates\",\"latitude\":\"37.38628\",\"longitude\":\"-5.9912469\"},\"telephone\":[\"+34954500595\"],\"openingHoursSpecification\":{\"@type\":\"OpeningHoursSpecification\",\"dayOfWeek\":[\"Monday\",\"Tuesday\",\"Wednesday\",\"Thursday\",\"Friday\",\"Saturday\",\"Sunday\"],\"opens\":\"00:00\",\"closes\":\"23:59\"},\"email\":\"info@hotelalcantara.net\",\"vatID\":\"B91036921\",\"taxID\":\"B91036921\",\"currenciesAccepted\":\"EUR,USD,GBP\",\"paymentAccepted\":\"Cash,Visa,AmericanExpress,MasterCard\"},{\"@type\":\"PostalAddress\",\"@id\":\"https:\/\/www.hotelalcantara.es\/fr\/lhotel\/nos-chambres\/#local-main-place-address\",\"streetAddress\":\"Xim\u00e9nez de Enciso 28\",\"addressLocality\":\"Sevilla\",\"postalCode\":\"41004\",\"addressRegion\":\"Sevilla\",\"addressCountry\":\"ES\"},{\"@type\":\"ImageObject\",\"inLanguage\":\"fr-FR\",\"@id\":\"https:\/\/www.hotelalcantara.es\/fr\/lhotel\/nos-chambres\/#local-main-organization-logo\",\"url\":\"https:\/\/www.hotelalcantara.es\/wp-content\/uploads\/2018\/07\/hotel-alcantara-logo.png\",\"contentUrl\":\"https:\/\/www.hotelalcantara.es\/wp-content\/uploads\/2018\/07\/hotel-alcantara-logo.png\",\"width\":205,\"height\":175,\"caption\":\"Hotel Alc\u00e1ntara Sevilla\"}]}<\/script>\n<meta name=\"geo.placename\" content=\"Sevilla\" \/>\n<meta name=\"geo.position\" content=\"37.38628;-5.9912469\" \/>\n<meta name=\"geo.region\" content=\"Espagne\" \/>\n<!-- \/ Yoast SEO Premium plugin. -->","yoast_head_json":{"title":"Chambres &#8226; Hotel Alc\u00e1ntara Sevilla","description":"Nous disposons de 22 chambres o\u00f9 vous pourrez profiter car elles offrent un espace joyeux et accueillant ainsi qu'un bon \u00e9quipement.","robots":{"index":"index","follow":"follow","max-snippet":"max-snippet:-1","max-image-preview":"max-image-preview:large","max-video-preview":"max-video-preview:-1"},"canonical":"https:\/\/www.hotelalcantara.es\/fr\/lhotel\/nos-chambres\/","og_locale":"fr_FR","og_type":"article","og_title":"Chambres","og_description":"Nous disposons de 22 chambres o\u00f9 vous pourrez profiter car elles offrent un espace joyeux et accueillant ainsi qu'un bon \u00e9quipement.","og_url":"https:\/\/www.hotelalcantara.es\/fr\/lhotel\/nos-chambres\/","og_site_name":"Hotel Alc\u00e1ntara Sevilla","article_publisher":"https:\/\/www.facebook.com\/hotelalcantarasevilla","article_modified_time":"2025-05-19T12:21:00+00:00","og_image":[{"width":1000,"height":676,"url":"https:\/\/www.hotelalcantara.es\/wp-content\/uploads\/2021\/06\/zaguanconflamenco.jpg","type":"image\/jpeg"}],"twitter_card":"summary_large_image","twitter_image":"https:\/\/www.hotelalcantara.es\/wp-content\/uploads\/2021\/06\/zaguanconflamenco.jpg","twitter_misc":{"Dur\u00e9e de lecture estim\u00e9e":"5 minutes"},"schema":{"@context":"https:\/\/schema.org","@graph":[{"@type":"WebPage","@id":"https:\/\/www.hotelalcantara.es\/fr\/lhotel\/nos-chambres\/","url":"https:\/\/www.hotelalcantara.es\/fr\/lhotel\/nos-chambres\/","name":"Chambres &#8226; Hotel Alc\u00e1ntara Sevilla","isPartOf":{"@id":"https:\/\/www.hotelalcantara.es\/fr\/#website"},"datePublished":"2018-06-27T14:22:23+00:00","dateModified":"2025-05-19T12:21:00+00:00","description":"Nous disposons de 22 chambres o\u00f9 vous pourrez profiter car elles offrent un espace joyeux et accueillant ainsi qu'un bon \u00e9quipement.","breadcrumb":{"@id":"https:\/\/www.hotelalcantara.es\/fr\/lhotel\/nos-chambres\/#breadcrumb"},"inLanguage":"fr-FR","potentialAction":[{"@type":"ReadAction","target":["https:\/\/www.hotelalcantara.es\/fr\/lhotel\/nos-chambres\/"]}]},{"@type":"BreadcrumbList","@id":"https:\/\/www.hotelalcantara.es\/fr\/lhotel\/nos-chambres\/#breadcrumb","itemListElement":[{"@type":"ListItem","position":1,"name":"Portada","item":"https:\/\/www.hotelalcantara.es\/fr\/"},{"@type":"ListItem","position":2,"name":"L&#8217;h\u00f4tel","item":"https:\/\/www.hotelalcantara.es\/fr\/lhotel\/"},{"@type":"ListItem","position":3,"name":"Chambres"}]},{"@type":"WebSite","@id":"https:\/\/www.hotelalcantara.es\/fr\/#website","url":"https:\/\/www.hotelalcantara.es\/fr\/","name":"Hotel Alc\u00e1ntara Sevilla","description":"Hotel centro de Sevilla","publisher":{"@id":"https:\/\/www.hotelalcantara.es\/fr\/#organization"},"potentialAction":[{"@type":"SearchAction","target":{"@type":"EntryPoint","urlTemplate":"https:\/\/www.hotelalcantara.es\/fr\/?s={search_term_string}"},"query-input":{"@type":"PropertyValueSpecification","valueRequired":true,"valueName":"search_term_string"}}],"inLanguage":"fr-FR"},{"@type":["Organization","Place","Hotel"],"@id":"https:\/\/www.hotelalcantara.es\/fr\/#organization","name":"Hotel Alc\u00e1ntara Sevilla","url":"https:\/\/www.hotelalcantara.es\/fr\/","logo":{"@id":"https:\/\/www.hotelalcantara.es\/fr\/lhotel\/nos-chambres\/#local-main-organization-logo"},"image":{"@id":"https:\/\/www.hotelalcantara.es\/fr\/lhotel\/nos-chambres\/#local-main-organization-logo"},"sameAs":["https:\/\/www.facebook.com\/hotelalcantarasevilla","https:\/\/www.instagram.com\/hotelalcantara\/"],"description":"El hotel Alc\u00e1ntara es un precioso hotel de dos estrellas ubicado en Sevilla centro, en pleno coraz\u00f3n del Barrio de Santa Cruz, en el conjunto hist\u00f3rico y monumental de Sevilla, donde la ciudad despega toda su belleza y misterio. El hotel, inaugurado en 2002, ocupaba en sus comienzos las antiguas dependencias de servicio y el huerto de una casa se\u00f1orial del siglo XV.","legalName":"YSASI HOTELES S.L.","foundingDate":"2002-01-01","ownershipFundingInfo":"https:\/\/www.hotelalcantara.es\/aviso-legal\/","address":{"@id":"https:\/\/www.hotelalcantara.es\/fr\/lhotel\/nos-chambres\/#local-main-place-address"},"geo":{"@type":"GeoCoordinates","latitude":"37.38628","longitude":"-5.9912469"},"telephone":["+34954500595","+34954500595"],"openingHoursSpecification":{"@type":"OpeningHoursSpecification","dayOfWeek":["Monday","Tuesday","Wednesday","Thursday","Friday","Saturday","Sunday"],"opens":"00:00","closes":"23:59"},"email":"info@hotelalcantara.net","vatID":"B91036921","taxID":"B91036921","currenciesAccepted":"EUR,USD,GBP","paymentAccepted":"Cash,Visa,AmericanExpress,MasterCard"},{"@type":"PostalAddress","@id":"https:\/\/www.hotelalcantara.es\/fr\/lhotel\/nos-chambres\/#local-main-place-address","streetAddress":"Xim\u00e9nez de Enciso 28","addressLocality":"Sevilla","postalCode":"41004","addressRegion":"Sevilla","addressCountry":"ES"},{"@type":"ImageObject","inLanguage":"fr-FR","@id":"https:\/\/www.hotelalcantara.es\/fr\/lhotel\/nos-chambres\/#local-main-organization-logo","url":"https:\/\/www.hotelalcantara.es\/wp-content\/uploads\/2018\/07\/hotel-alcantara-logo.png","contentUrl":"https:\/\/www.hotelalcantara.es\/wp-content\/uploads\/2018\/07\/hotel-alcantara-logo.png","width":205,"height":175,"caption":"Hotel Alc\u00e1ntara Sevilla"}]},"geo.placename":"Sevilla","geo.position":{"lat":"37.38628","long":"-5.9912469"},"geo.region":"Espagne"},"_links":{"self":[{"href":"https:\/\/www.hotelalcantara.es\/fr\/wp-json\/wp\/v2\/pages\/902","targetHints":{"allow":["GET"]}}],"collection":[{"href":"https:\/\/www.hotelalcantara.es\/fr\/wp-json\/wp\/v2\/pages"}],"about":[{"href":"https:\/\/www.hotelalcantara.es\/fr\/wp-json\/wp\/v2\/types\/page"}],"author":[{"embeddable":true,"href":"https:\/\/www.hotelalcantara.es\/fr\/wp-json\/wp\/v2\/users\/1235"}],"replies":[{"embeddable":true,"href":"https:\/\/www.hotelalcantara.es\/fr\/wp-json\/wp\/v2\/comments?post=902"}],"version-history":[{"count":0,"href":"https:\/\/www.hotelalcantara.es\/fr\/wp-json\/wp\/v2\/pages\/902\/revisions"}],"up":[{"embeddable":true,"href":"https:\/\/www.hotelalcantara.es\/fr\/wp-json\/wp\/v2\/pages\/890"}],"wp:attachment":[{"href":"https:\/\/www.hotelalcantara.es\/fr\/wp-json\/wp\/v2\/media?parent=902"}],"curies":[{"name":"wp","href":"https:\/\/api.w.org\/{rel}","templated":true}]}}