{"id":920,"date":"2018-06-27T14:23:24","date_gmt":"2018-06-27T12:23:24","guid":{"rendered":"https:\/\/www.hotelalcantara.es\/el-hotel\/ubicacion\/"},"modified":"2025-10-28T15:35:37","modified_gmt":"2025-10-28T14:35:37","slug":"emplacement","status":"publish","type":"page","link":"https:\/\/www.hotelalcantara.es\/fr\/lhotel\/emplacement\/","title":{"rendered":"Emplacement"},"content":{"rendered":"<div id='full_slider_1'  class='avia-fullwidth-slider main_color avia-shadow   avia-builder-el-0  el_before_av_section  avia-builder-el-first   container_wrap fullsize'  >\n<style type=\"text\/css\" data-created_by=\"avia_inline_auto\" id=\"style-css-av-1arc8w-47ef7aeeb35712824844a20eed2f8269\">\n#top .avia-slideshow .av-slideshow-caption.av-1arc8w-47ef7aeeb35712824844a20eed2f8269__0 .avia-caption-content{\nfont-size:50px;\ncolor:#ffffff;\n}\n#top .avia-slideshow .av-slideshow-caption.av-1arc8w-47ef7aeeb35712824844a20eed2f8269__0 .avia-caption-content p{\nfont-size:50px;\n}\n<\/style>\n<div  class='avia-slideshow av-1arc8w-47ef7aeeb35712824844a20eed2f8269 avia-slideshow-featured av_slideshow_full avia-slide-slider av-slideshow-ui av-control-default av-slideshow-manual av-loop-once av-loop-manual-endless av-default-height-applied   avia-slideshow-1' data-slideshow-options=\"{&quot;animation&quot;:&quot;slide&quot;,&quot;autoplay&quot;:false,&quot;loop_autoplay&quot;:&quot;once&quot;,&quot;interval&quot;:5,&quot;loop_manual&quot;:&quot;manual-endless&quot;,&quot;autoplay_stopper&quot;:false,&quot;noNavigation&quot;:false,&quot;bg_slider&quot;:false,&quot;keep_padding&quot;:false,&quot;hoverpause&quot;:false,&quot;show_slide_delay&quot;:0}\" ><ul class='avia-slideshow-inner ' style='padding-bottom: 23.285714285714%;'><li  class='avia-slideshow-slide av-1arc8w-47ef7aeeb35712824844a20eed2f8269__0  av-single-slide slide-1 slide-odd'><div data-rel='slideshow-1' class='avia-slide-wrap '   ><div class='av-slideshow-caption av-1arc8w-47ef7aeeb35712824844a20eed2f8269__0 caption_fullwidth caption_center'><div class=\"container caption_container\"><div class=\"slideshow_caption\"><div class=\"slideshow_inner_caption\"><div class=\"slideshow_align_caption\"><div class='avia-caption-content av_inherit_color' ><p><span class=\"sombra\"><b>BONJOUR<\/b>\u00a0GIRALDA<\/span><\/p>\n<\/div><\/div><\/div><\/div><\/div><\/div><img decoding=\"async\" fetchpriority=\"high\" class=\"wp-image-436 avia-img-lazy-loading-not-436\"  src=\"https:\/\/www.hotelalcantara.es\/wp-content\/uploads\/2018\/06\/giralda.png\" width=\"1400\" height=\"326\" title='giralda' alt='' srcset=\"https:\/\/www.hotelalcantara.es\/wp-content\/uploads\/2018\/06\/giralda.png 1400w, https:\/\/www.hotelalcantara.es\/wp-content\/uploads\/2018\/06\/giralda-300x70.png 300w, https:\/\/www.hotelalcantara.es\/wp-content\/uploads\/2018\/06\/giralda-768x179.png 768w, https:\/\/www.hotelalcantara.es\/wp-content\/uploads\/2018\/06\/giralda-1030x240.png 1030w, https:\/\/www.hotelalcantara.es\/wp-content\/uploads\/2018\/06\/giralda-705x164.png 705w, https:\/\/www.hotelalcantara.es\/wp-content\/uploads\/2018\/06\/giralda-450x105.png 450w\" sizes=\"(max-width: 1400px) 100vw, 1400px\" \/><\/div><\/li><\/ul><\/div><\/div>\n<div id='av_section_1'  class='avia-section av-x8kbs-42551ad314e1baccafa83df1d9a621b6 main_color avia-section-default avia-no-shadow  avia-builder-el-1  el_after_av_slideshow_full  avia-builder-el-last  avia-bg-style-scroll container_wrap fullsize'  ><div class='container av-section-cont-open' ><div class='template-page content  av-content-full alpha units'><div class='post-entry post-entry-type-page post-entry-920'><div class='entry-content-wrapper clearfix'>\n\n<style type=\"text\/css\" data-created_by=\"avia_inline_auto\" id=\"style-css-av-s9rlk-4087cc42e689d300619a14bfa19cec86\">\n.flex_column.av-s9rlk-4087cc42e689d300619a14bfa19cec86{\nborder-radius:0px 0px 0px 0px;\npadding:0px 0px 0px 0px;\n}\n<\/style>\n<div  class='flex_column av-s9rlk-4087cc42e689d300619a14bfa19cec86 av_one_fourth  avia-builder-el-2  el_before_av_three_fourth  avia-builder-el-first  first flex_column_div av-zero-column-padding  '     ><section  class='av_textblock_section av-lc69c-7951c8b0281031620057fb29f7d0e0db '  ><div class='avia_textblock' ><div class=\"grid_3 \">\n<h1>Emplacement <strong>id\u00e9al<\/strong><\/h1>\n<p>L\u2019h\u00f4tel se trouve dans une zone pi\u00e9tonne de la rue Xim\u00e9nez de Enciso, au c\u0153ur du quartier de Santa Cruz, tout pr\u00e8s de la Giralda et de la Cath\u00e9drale.<\/p>\n<p>Les voitures circulent \u00e0 seulement 20 m\u00e8tres de notre entr\u00e9e, vous avez donc plusieurs options de transport en commun \u00e0 votre disposition.<\/p>\n<p>Si vous venez dans votre propre v\u00e9hicule, un parking public se trouve \u00e0 2 minutes \u00e0 pied de l\u2019h\u00f4tel.<\/p>\n<\/div>\n<\/div><\/section><\/div>\n<style type=\"text\/css\" data-created_by=\"avia_inline_auto\" id=\"style-css-av-ej8cw-e6fbe2d9c20522bd946b99bb1f059328\">\n.flex_column.av-ej8cw-e6fbe2d9c20522bd946b99bb1f059328{\nborder-radius:0px 0px 0px 0px;\npadding:0px 0px 0px 0px;\n}\n<\/style>\n<div  class='flex_column av-ej8cw-e6fbe2d9c20522bd946b99bb1f059328 av_three_fourth  avia-builder-el-4  el_after_av_one_fourth  avia-builder-el-last  flex_column_div av-zero-column-padding  '     ><div  class='tabcontainer av-mgmo1vpc-1466f8fc661684fee75c9c71fdfcc7ff top_tab  avia-builder-el-5  avia-builder-el-no-sibling '>\n<section class='av_tab_section av_tab_section av-agbs0-9f0aac6a3ed381d176ca27b5b851f498' ><div id='tab-id-1-tab' class='tab active_tab' role='tab' aria-selected=\"true\" tabindex=\"0\" data-fake-id='#tab-id-1' aria-controls='tab-id-1-content' ><span class='tab_icon avia-iconfont avia-font-entypo-fontello' data-av_icon='\ue842' data-av_iconfont='entypo-fontello' ><\/span>Emplacement<\/div><div id='tab-id-1-content' class='tab_content active_tab_content' role='tabpanel' aria-labelledby='tab-id-1-tab' aria-hidden=\"false\"><div class='tab_inner_content invers-color' ><p><iframe style=\"width: 100%;\" src=\"https:\/\/www.google.com\/maps\/embed?pb=!1m14!1m8!1m3!1d3170.1512168668705!2d-5.988921!3d37.386256!3m2!1i1024!2i768!4f13.1!3m3!1m2!1s0x0%3A0x2ce8c8bdd2e6a425!2sHotel+Alc%C3%A1ntara!5e0!3m2!1ses!2sus!4v1530293270100\" height=\"380\" frameborder=\"0\" allowfullscreen=\"allowfullscreen\"><\/iframe><\/p>\n<\/div><\/div><\/section>\n<section class='av_tab_section av_tab_section av-mgmo09wq-4ecf5c9b184ec848196b9867ff10b4b1' ><div id='tab-id-2-tab' class='tab' role='tab' aria-selected=\"false\" tabindex=\"0\" data-fake-id='#tab-id-2' aria-controls='tab-id-2-content' ><span class='tab_icon avia-iconfont avia-font-entypo-fontello' data-av_icon='\ue842' data-av_iconfont='entypo-fontello' ><\/span>De l\u2019a\u00e9roport<\/div><div id='tab-id-2-content' class='tab_content' role='tabpanel' aria-labelledby='tab-id-2-tab' aria-hidden=\"true\"><div class='tab_inner_content invers-color' ><p><iframe loading=\"lazy\" style=\"width: 100%;\" src=\"https:\/\/www.google.com\/maps\/d\/embed?mid=15r-trG0Ky1AnvNyJ4PNTH9uL3Q4\" width=\"640\" height=\"380\"><\/iframe><\/p>\n<p><strong>En taxi.<\/strong> Demandez au chauffeur de taxi de vous emmener au coin de notre rue (Ximenez de Enciso) avec la rue Fabiola. Le taxi peut s&rsquo;arr\u00eater au num\u00e9ro 30 de Xim\u00e9nez de Enciso et nous sommes situ\u00e9s au num\u00e9ro 28. Le co\u00fbt sera de 25\u201330 \u20ac.<\/p>\n<p><strong>Bus de l&rsquo;a\u00e9roport.<\/strong> Pour vous rendre \u00e0 l&rsquo;h\u00f4tel Alc\u00e1ntara depuis l&rsquo;a\u00e9roport \u00ab\u00a0San Pablo\u00a0\u00bb, vous pouvez prendre le bus \u00ab\u00a0EA\u00a0\u00bb qui relie l&rsquo;a\u00e9roport au centre-ville. Le voyage co\u00fbte 6 \u20ac par personne et par bagage, d\u2019une dur\u00e9e d\u2019environ 25 minutes, jusqu\u2019\u00e0 l\u2019arr\u00eat \u00ab\u00a0Prado de San Sebasti\u00e1n\u00a0\u00bb, devant les tribunaux. Une fois il y a 10-15 minutes \u00e0 pied de l&rsquo;h\u00f4tel.<\/p>\n<\/div><\/div><\/section>\n<section class='av_tab_section av_tab_section av-mgmo1cet-b096406799c6bf87f72236689dd7d53f' ><div id='tab-id-3-tab' class='tab' role='tab' aria-selected=\"false\" tabindex=\"0\" data-fake-id='#tab-id-3' aria-controls='tab-id-3-content' ><span class='tab_icon avia-iconfont avia-font-entypo-fontello' data-av_icon='\ue842' data-av_iconfont='entypo-fontello' ><\/span>De la Gare Santa Justa<\/div><div id='tab-id-3-content' class='tab_content' role='tabpanel' aria-labelledby='tab-id-3-tab' aria-hidden=\"true\"><div class='tab_inner_content invers-color' ><p><iframe loading=\"lazy\" style=\"width: 100%;\" src=\"https:\/\/www.google.com\/maps\/d\/embed?mid=19VOamgmWM_5JvnJuvAUXBzQ-fgg\" width=\"640\" height=\"380\"><\/iframe><\/p>\n<p><strong>En taxi.<\/strong> Demandez au chauffeur de taxi de vous emmener au coin de notre rue (Ximenez de Enciso) avec la rue Fabiola. Le taxi peut s&rsquo;arr\u00eater au num\u00e9ro 30 de Ximenez de Enciso et nous sommes situ\u00e9s au num\u00e9ro 28. Le co\u00fbt approximatif sera d&rsquo;environ 12\u201315 \u20ac.<\/p>\n<p><strong>En bus.<\/strong> La ligne 21 des bus urbains couvre une partie de l&rsquo;itin\u00e9raire et le reste doit \u00eatre \u00e0 pied. Vous pouvez acheter le billet directement dans le bus. Son prix est de 1,40 \u20ac par personne.<\/p>\n<\/div><\/div><\/section>\n<section class='av_tab_section av_tab_section av-mgmo1v7x-6a181624aa3e5f42565098efe7daac09' ><div id='tab-id-4-tab' class='tab' role='tab' aria-selected=\"false\" tabindex=\"0\" data-fake-id='#tab-id-4' aria-controls='tab-id-4-content' ><span class='tab_icon avia-iconfont avia-font-entypo-fontello' data-av_icon='\ue842' data-av_iconfont='entypo-fontello' ><\/span>EN VOITURE OU \u00c0 PIED DU PARKING<\/div><div id='tab-id-4-content' class='tab_content' role='tabpanel' aria-labelledby='tab-id-4-tab' aria-hidden=\"true\"><div class='tab_inner_content invers-color' ><p><iframe loading=\"lazy\" style=\"width: 100%;\" src=\"https:\/\/www.google.com\/maps\/d\/embed?mid=14Pv6hJQhoT_eHWH-3p2PpwvnFHo\" width=\"640\" height=\"380\"><\/iframe><\/p>\n<p>Si vous venez en voiture, il y a un parking public (Cano y Cueto) \u00e0 deux minutes \u00e0 pied de l&rsquo;h\u00f4tel, \u00e0 c\u00f4t\u00e9 des jardins de Murillo. Son prix pour 24 heures est d&rsquo;environ 29,95 \u20ac. Nous vous recommandons de vous garer d&rsquo;abord, puis de marcher jusqu&rsquo;\u00e0 l&rsquo;h\u00f4tel.<\/p>\n<\/div><\/div><\/section>\n<\/div><\/div>\n","protected":false},"excerpt":{"rendered":"<p>L&rsquo;h\u00f4tel est situ\u00e9 dans un tron\u00e7on pi\u00e9tonnier de la rue Xim\u00e9nez de Enciso, en plein c\u0153ur de Santa Cruz, \u00e0 deux pas de la Giralda et de la Cath\u00e9drale.<\/p>\n","protected":false},"author":1235,"featured_media":0,"parent":890,"menu_order":40,"comment_status":"closed","ping_status":"closed","template":"","meta":{"footnotes":""},"class_list":["post-920","page","type-page","status-publish","hentry"],"yoast_head":"<!-- This site is optimized with the Yoast SEO Premium plugin v27.2 (Yoast SEO v27.4) - https:\/\/yoast.com\/product\/yoast-seo-premium-wordpress\/ -->\n<title>Emplacement imbattable au centre &#8226; Hotel Alc\u00e1ntara Sevilla<\/title>\n<meta name=\"description\" content=\"L&#039;h\u00f4tel est situ\u00e9 dans un tron\u00e7on pi\u00e9tonnier de la rue Xim\u00e9nez de Enciso, en plein c\u0153ur de Santa Cruz, \u00e0 deux pas de la Giralda et de la Cath\u00e9drale.\" \/>\n<meta name=\"robots\" content=\"index, follow, max-snippet:-1, max-image-preview:large, max-video-preview:-1\" \/>\n<link rel=\"canonical\" href=\"https:\/\/www.hotelalcantara.es\/fr\/lhotel\/emplacement\/\" \/>\n<meta property=\"og:locale\" content=\"fr_FR\" \/>\n<meta property=\"og:type\" content=\"article\" \/>\n<meta property=\"og:title\" content=\"Emplacement\" \/>\n<meta property=\"og:description\" content=\"L&#039;h\u00f4tel est situ\u00e9 dans un tron\u00e7on pi\u00e9tonnier de la rue Xim\u00e9nez de Enciso, en plein c\u0153ur de Santa Cruz, \u00e0 deux pas de la Giralda et de la Cath\u00e9drale.\" \/>\n<meta property=\"og:url\" content=\"https:\/\/www.hotelalcantara.es\/fr\/lhotel\/emplacement\/\" \/>\n<meta property=\"og:site_name\" content=\"Hotel Alc\u00e1ntara Sevilla\" \/>\n<meta property=\"article:publisher\" content=\"https:\/\/www.facebook.com\/hotelalcantarasevilla\" \/>\n<meta property=\"article:modified_time\" content=\"2025-10-28T14:35:37+00:00\" \/>\n<meta property=\"og:image\" content=\"https:\/\/www.hotelalcantara.es\/wp-content\/uploads\/2021\/06\/zaguanconflamenco.jpg\" \/>\n\t<meta property=\"og:image:width\" content=\"1000\" \/>\n\t<meta property=\"og:image:height\" content=\"676\" \/>\n\t<meta property=\"og:image:type\" content=\"image\/jpeg\" \/>\n<meta name=\"twitter:card\" content=\"summary_large_image\" \/>\n<meta name=\"twitter:image\" content=\"https:\/\/www.hotelalcantara.es\/wp-content\/uploads\/2021\/06\/zaguanconflamenco.jpg\" \/>\n<meta name=\"twitter:label1\" content=\"Dur\u00e9e de lecture estim\u00e9e\" \/>\n\t<meta name=\"twitter:data1\" content=\"4 minutes\" \/>\n<script type=\"application\/ld+json\" class=\"yoast-schema-graph\">{\"@context\":\"https:\\\/\\\/schema.org\",\"@graph\":[{\"@type\":\"WebPage\",\"@id\":\"https:\\\/\\\/www.hotelalcantara.es\\\/fr\\\/lhotel\\\/emplacement\\\/\",\"url\":\"https:\\\/\\\/www.hotelalcantara.es\\\/fr\\\/lhotel\\\/emplacement\\\/\",\"name\":\"Emplacement imbattable au centre &#8226; Hotel Alc\u00e1ntara Sevilla\",\"isPartOf\":{\"@id\":\"https:\\\/\\\/www.hotelalcantara.es\\\/fr\\\/#website\"},\"datePublished\":\"2018-06-27T12:23:24+00:00\",\"dateModified\":\"2025-10-28T14:35:37+00:00\",\"description\":\"L'h\u00f4tel est situ\u00e9 dans un tron\u00e7on pi\u00e9tonnier de la rue Xim\u00e9nez de Enciso, en plein c\u0153ur de Santa Cruz, \u00e0 deux pas de la Giralda et de la Cath\u00e9drale.\",\"breadcrumb\":{\"@id\":\"https:\\\/\\\/www.hotelalcantara.es\\\/fr\\\/lhotel\\\/emplacement\\\/#breadcrumb\"},\"inLanguage\":\"fr-FR\",\"potentialAction\":[{\"@type\":\"ReadAction\",\"target\":[\"https:\\\/\\\/www.hotelalcantara.es\\\/fr\\\/lhotel\\\/emplacement\\\/\"]}]},{\"@type\":\"BreadcrumbList\",\"@id\":\"https:\\\/\\\/www.hotelalcantara.es\\\/fr\\\/lhotel\\\/emplacement\\\/#breadcrumb\",\"itemListElement\":[{\"@type\":\"ListItem\",\"position\":1,\"name\":\"Portada\",\"item\":\"https:\\\/\\\/www.hotelalcantara.es\\\/fr\\\/\"},{\"@type\":\"ListItem\",\"position\":2,\"name\":\"L&#8217;h\u00f4tel\",\"item\":\"https:\\\/\\\/www.hotelalcantara.es\\\/fr\\\/lhotel\\\/\"},{\"@type\":\"ListItem\",\"position\":3,\"name\":\"Emplacement\"}]},{\"@type\":\"WebSite\",\"@id\":\"https:\\\/\\\/www.hotelalcantara.es\\\/fr\\\/#website\",\"url\":\"https:\\\/\\\/www.hotelalcantara.es\\\/fr\\\/\",\"name\":\"Hotel Alc\u00e1ntara Sevilla\",\"description\":\"Hotel centro de Sevilla\",\"publisher\":{\"@id\":\"https:\\\/\\\/www.hotelalcantara.es\\\/fr\\\/#organization\"},\"potentialAction\":[{\"@type\":\"SearchAction\",\"target\":{\"@type\":\"EntryPoint\",\"urlTemplate\":\"https:\\\/\\\/www.hotelalcantara.es\\\/fr\\\/?s={search_term_string}\"},\"query-input\":{\"@type\":\"PropertyValueSpecification\",\"valueRequired\":true,\"valueName\":\"search_term_string\"}}],\"inLanguage\":\"fr-FR\"},{\"@type\":[\"Organization\",\"Place\",\"Hotel\"],\"@id\":\"https:\\\/\\\/www.hotelalcantara.es\\\/fr\\\/#organization\",\"name\":\"Hotel Alc\u00e1ntara Sevilla\",\"url\":\"https:\\\/\\\/www.hotelalcantara.es\\\/fr\\\/\",\"logo\":{\"@id\":\"https:\\\/\\\/www.hotelalcantara.es\\\/fr\\\/lhotel\\\/emplacement\\\/#local-main-organization-logo\"},\"image\":{\"@id\":\"https:\\\/\\\/www.hotelalcantara.es\\\/fr\\\/lhotel\\\/emplacement\\\/#local-main-organization-logo\"},\"sameAs\":[\"https:\\\/\\\/www.facebook.com\\\/hotelalcantarasevilla\",\"https:\\\/\\\/www.instagram.com\\\/hotelalcantara\\\/\"],\"description\":\"El hotel Alc\u00e1ntara es un precioso hotel de dos estrellas ubicado en Sevilla centro, en pleno coraz\u00f3n del Barrio de Santa Cruz, en el conjunto hist\u00f3rico y monumental de Sevilla, donde la ciudad despega toda su belleza y misterio. El hotel, inaugurado en 2002, ocupaba en sus comienzos las antiguas dependencias de servicio y el huerto de una casa se\u00f1orial del siglo XV.\",\"legalName\":\"YSASI HOTELES S.L.\",\"foundingDate\":\"2002-01-01\",\"ownershipFundingInfo\":\"https:\\\/\\\/www.hotelalcantara.es\\\/aviso-legal\\\/\",\"address\":{\"@id\":\"https:\\\/\\\/www.hotelalcantara.es\\\/fr\\\/lhotel\\\/emplacement\\\/#local-main-place-address\"},\"geo\":{\"@type\":\"GeoCoordinates\",\"latitude\":\"37.38628\",\"longitude\":\"-5.9912469\"},\"telephone\":[\"+34954500595\"],\"openingHoursSpecification\":{\"@type\":\"OpeningHoursSpecification\",\"dayOfWeek\":[\"Monday\",\"Tuesday\",\"Wednesday\",\"Thursday\",\"Friday\",\"Saturday\",\"Sunday\"],\"opens\":\"00:00\",\"closes\":\"23:59\"},\"email\":\"info@hotelalcantara.net\",\"vatID\":\"B91036921\",\"taxID\":\"B91036921\",\"currenciesAccepted\":\"EUR,USD,GBP\",\"paymentAccepted\":\"Cash,Visa,AmericanExpress,MasterCard\"},{\"@type\":\"PostalAddress\",\"@id\":\"https:\\\/\\\/www.hotelalcantara.es\\\/fr\\\/lhotel\\\/emplacement\\\/#local-main-place-address\",\"streetAddress\":\"Xim\u00e9nez de Enciso 28\",\"addressLocality\":\"Sevilla\",\"postalCode\":\"41004\",\"addressRegion\":\"Sevilla\",\"addressCountry\":\"ES\"},{\"@type\":\"ImageObject\",\"inLanguage\":\"fr-FR\",\"@id\":\"https:\\\/\\\/www.hotelalcantara.es\\\/fr\\\/lhotel\\\/emplacement\\\/#local-main-organization-logo\",\"url\":\"https:\\\/\\\/www.hotelalcantara.es\\\/wp-content\\\/uploads\\\/2018\\\/07\\\/hotel-alcantara-logo.png\",\"contentUrl\":\"https:\\\/\\\/www.hotelalcantara.es\\\/wp-content\\\/uploads\\\/2018\\\/07\\\/hotel-alcantara-logo.png\",\"width\":205,\"height\":175,\"caption\":\"Hotel Alc\u00e1ntara Sevilla\"}]}<\/script>\n<meta name=\"geo.placename\" content=\"Sevilla\" \/>\n<meta name=\"geo.position\" content=\"37.38628;-5.9912469\" \/>\n<meta name=\"geo.region\" content=\"Espagne\" \/>\n<!-- \/ Yoast SEO Premium plugin. -->","yoast_head_json":{"title":"Emplacement imbattable au centre &#8226; Hotel Alc\u00e1ntara Sevilla","description":"L'h\u00f4tel est situ\u00e9 dans un tron\u00e7on pi\u00e9tonnier de la rue Xim\u00e9nez de Enciso, en plein c\u0153ur de Santa Cruz, \u00e0 deux pas de la Giralda et de la Cath\u00e9drale.","robots":{"index":"index","follow":"follow","max-snippet":"max-snippet:-1","max-image-preview":"max-image-preview:large","max-video-preview":"max-video-preview:-1"},"canonical":"https:\/\/www.hotelalcantara.es\/fr\/lhotel\/emplacement\/","og_locale":"fr_FR","og_type":"article","og_title":"Emplacement","og_description":"L'h\u00f4tel est situ\u00e9 dans un tron\u00e7on pi\u00e9tonnier de la rue Xim\u00e9nez de Enciso, en plein c\u0153ur de Santa Cruz, \u00e0 deux pas de la Giralda et de la Cath\u00e9drale.","og_url":"https:\/\/www.hotelalcantara.es\/fr\/lhotel\/emplacement\/","og_site_name":"Hotel Alc\u00e1ntara Sevilla","article_publisher":"https:\/\/www.facebook.com\/hotelalcantarasevilla","article_modified_time":"2025-10-28T14:35:37+00:00","og_image":[{"width":1000,"height":676,"url":"https:\/\/www.hotelalcantara.es\/wp-content\/uploads\/2021\/06\/zaguanconflamenco.jpg","type":"image\/jpeg"}],"twitter_card":"summary_large_image","twitter_image":"https:\/\/www.hotelalcantara.es\/wp-content\/uploads\/2021\/06\/zaguanconflamenco.jpg","twitter_misc":{"Dur\u00e9e de lecture estim\u00e9e":"4 minutes"},"schema":{"@context":"https:\/\/schema.org","@graph":[{"@type":"WebPage","@id":"https:\/\/www.hotelalcantara.es\/fr\/lhotel\/emplacement\/","url":"https:\/\/www.hotelalcantara.es\/fr\/lhotel\/emplacement\/","name":"Emplacement imbattable au centre &#8226; Hotel Alc\u00e1ntara Sevilla","isPartOf":{"@id":"https:\/\/www.hotelalcantara.es\/fr\/#website"},"datePublished":"2018-06-27T12:23:24+00:00","dateModified":"2025-10-28T14:35:37+00:00","description":"L'h\u00f4tel est situ\u00e9 dans un tron\u00e7on pi\u00e9tonnier de la rue Xim\u00e9nez de Enciso, en plein c\u0153ur de Santa Cruz, \u00e0 deux pas de la Giralda et de la Cath\u00e9drale.","breadcrumb":{"@id":"https:\/\/www.hotelalcantara.es\/fr\/lhotel\/emplacement\/#breadcrumb"},"inLanguage":"fr-FR","potentialAction":[{"@type":"ReadAction","target":["https:\/\/www.hotelalcantara.es\/fr\/lhotel\/emplacement\/"]}]},{"@type":"BreadcrumbList","@id":"https:\/\/www.hotelalcantara.es\/fr\/lhotel\/emplacement\/#breadcrumb","itemListElement":[{"@type":"ListItem","position":1,"name":"Portada","item":"https:\/\/www.hotelalcantara.es\/fr\/"},{"@type":"ListItem","position":2,"name":"L&#8217;h\u00f4tel","item":"https:\/\/www.hotelalcantara.es\/fr\/lhotel\/"},{"@type":"ListItem","position":3,"name":"Emplacement"}]},{"@type":"WebSite","@id":"https:\/\/www.hotelalcantara.es\/fr\/#website","url":"https:\/\/www.hotelalcantara.es\/fr\/","name":"Hotel Alc\u00e1ntara Sevilla","description":"Hotel centro de Sevilla","publisher":{"@id":"https:\/\/www.hotelalcantara.es\/fr\/#organization"},"potentialAction":[{"@type":"SearchAction","target":{"@type":"EntryPoint","urlTemplate":"https:\/\/www.hotelalcantara.es\/fr\/?s={search_term_string}"},"query-input":{"@type":"PropertyValueSpecification","valueRequired":true,"valueName":"search_term_string"}}],"inLanguage":"fr-FR"},{"@type":["Organization","Place","Hotel"],"@id":"https:\/\/www.hotelalcantara.es\/fr\/#organization","name":"Hotel Alc\u00e1ntara Sevilla","url":"https:\/\/www.hotelalcantara.es\/fr\/","logo":{"@id":"https:\/\/www.hotelalcantara.es\/fr\/lhotel\/emplacement\/#local-main-organization-logo"},"image":{"@id":"https:\/\/www.hotelalcantara.es\/fr\/lhotel\/emplacement\/#local-main-organization-logo"},"sameAs":["https:\/\/www.facebook.com\/hotelalcantarasevilla","https:\/\/www.instagram.com\/hotelalcantara\/"],"description":"El hotel Alc\u00e1ntara es un precioso hotel de dos estrellas ubicado en Sevilla centro, en pleno coraz\u00f3n del Barrio de Santa Cruz, en el conjunto hist\u00f3rico y monumental de Sevilla, donde la ciudad despega toda su belleza y misterio. El hotel, inaugurado en 2002, ocupaba en sus comienzos las antiguas dependencias de servicio y el huerto de una casa se\u00f1orial del siglo XV.","legalName":"YSASI HOTELES S.L.","foundingDate":"2002-01-01","ownershipFundingInfo":"https:\/\/www.hotelalcantara.es\/aviso-legal\/","address":{"@id":"https:\/\/www.hotelalcantara.es\/fr\/lhotel\/emplacement\/#local-main-place-address"},"geo":{"@type":"GeoCoordinates","latitude":"37.38628","longitude":"-5.9912469"},"telephone":["+34954500595","+34954500595"],"openingHoursSpecification":{"@type":"OpeningHoursSpecification","dayOfWeek":["Monday","Tuesday","Wednesday","Thursday","Friday","Saturday","Sunday"],"opens":"00:00","closes":"23:59"},"email":"info@hotelalcantara.net","vatID":"B91036921","taxID":"B91036921","currenciesAccepted":"EUR,USD,GBP","paymentAccepted":"Cash,Visa,AmericanExpress,MasterCard"},{"@type":"PostalAddress","@id":"https:\/\/www.hotelalcantara.es\/fr\/lhotel\/emplacement\/#local-main-place-address","streetAddress":"Xim\u00e9nez de Enciso 28","addressLocality":"Sevilla","postalCode":"41004","addressRegion":"Sevilla","addressCountry":"ES"},{"@type":"ImageObject","inLanguage":"fr-FR","@id":"https:\/\/www.hotelalcantara.es\/fr\/lhotel\/emplacement\/#local-main-organization-logo","url":"https:\/\/www.hotelalcantara.es\/wp-content\/uploads\/2018\/07\/hotel-alcantara-logo.png","contentUrl":"https:\/\/www.hotelalcantara.es\/wp-content\/uploads\/2018\/07\/hotel-alcantara-logo.png","width":205,"height":175,"caption":"Hotel Alc\u00e1ntara Sevilla"}]},"geo.placename":"Sevilla","geo.position":{"lat":"37.38628","long":"-5.9912469"},"geo.region":"Espagne"},"_links":{"self":[{"href":"https:\/\/www.hotelalcantara.es\/fr\/wp-json\/wp\/v2\/pages\/920","targetHints":{"allow":["GET"]}}],"collection":[{"href":"https:\/\/www.hotelalcantara.es\/fr\/wp-json\/wp\/v2\/pages"}],"about":[{"href":"https:\/\/www.hotelalcantara.es\/fr\/wp-json\/wp\/v2\/types\/page"}],"author":[{"embeddable":true,"href":"https:\/\/www.hotelalcantara.es\/fr\/wp-json\/wp\/v2\/users\/1235"}],"replies":[{"embeddable":true,"href":"https:\/\/www.hotelalcantara.es\/fr\/wp-json\/wp\/v2\/comments?post=920"}],"version-history":[{"count":3,"href":"https:\/\/www.hotelalcantara.es\/fr\/wp-json\/wp\/v2\/pages\/920\/revisions"}],"predecessor-version":[{"id":4560,"href":"https:\/\/www.hotelalcantara.es\/fr\/wp-json\/wp\/v2\/pages\/920\/revisions\/4560"}],"up":[{"embeddable":true,"href":"https:\/\/www.hotelalcantara.es\/fr\/wp-json\/wp\/v2\/pages\/890"}],"wp:attachment":[{"href":"https:\/\/www.hotelalcantara.es\/fr\/wp-json\/wp\/v2\/media?parent=920"}],"curies":[{"name":"wp","href":"https:\/\/api.w.org\/{rel}","templated":true}]}}