{"id":2335,"date":"2018-06-27T14:22:56","date_gmt":"2018-06-27T14:22:56","guid":{"rendered":"https:\/\/www.hotelalcantara.es\/hotel\/servicios\/"},"modified":"2024-04-16T11:31:33","modified_gmt":"2024-04-16T09:31:33","slug":"servizi","status":"publish","type":"page","link":"https:\/\/www.hotelalcantara.es\/it\/hotel\/servizi\/","title":{"rendered":"Servizi"},"content":{"rendered":"<div id='full_slider_1'  class='avia-fullwidth-slider main_color avia-shadow   avia-builder-el-0  el_before_av_section  avia-builder-el-first   container_wrap fullsize'  >\n<style type=\"text\/css\" data-created_by=\"avia_inline_auto\" id=\"style-css-av-av_slideshow_full-32de997090c749a8c82b86d1ff824dd4\">\n#top .avia-slideshow .av-slideshow-caption.av-av_slideshow_full-32de997090c749a8c82b86d1ff824dd4__0 .avia-caption-content{\nfont-size:50px;\ncolor:#ffffff;\n}\n#top .avia-slideshow .av-slideshow-caption.av-av_slideshow_full-32de997090c749a8c82b86d1ff824dd4__0 .avia-caption-content p{\nfont-size:50px;\n}\n<\/style>\n<div  class='avia-slideshow av-av_slideshow_full-32de997090c749a8c82b86d1ff824dd4 avia-slideshow-featured av_slideshow_full avia-slide-slider av-slideshow-ui av-control-default av-slideshow-manual av-loop-once av-loop-manual-endless av-default-height-applied   avia-slideshow-1' data-slideshow-options=\"{&quot;animation&quot;:&quot;slide&quot;,&quot;autoplay&quot;:false,&quot;loop_autoplay&quot;:&quot;once&quot;,&quot;interval&quot;:5,&quot;loop_manual&quot;:&quot;manual-endless&quot;,&quot;autoplay_stopper&quot;:false,&quot;noNavigation&quot;:false,&quot;bg_slider&quot;:false,&quot;keep_padding&quot;:false,&quot;hoverpause&quot;:false,&quot;show_slide_delay&quot;:0}\" ><ul class='avia-slideshow-inner ' style='padding-bottom: 23.285714285714%;'><li  class='avia-slideshow-slide av-av_slideshow_full-32de997090c749a8c82b86d1ff824dd4__0  av-single-slide slide-1 slide-odd'><div data-rel='slideshow-1' class='avia-slide-wrap '   ><div class='av-slideshow-caption av-av_slideshow_full-32de997090c749a8c82b86d1ff824dd4__0 caption_fullwidth caption_center'><div class=\"container caption_container\"><div class=\"slideshow_caption\"><div class=\"slideshow_inner_caption\"><div class=\"slideshow_align_caption\"><div class='avia-caption-content av_inherit_color' ><p><span class=\"sombra\">COLAZIONE SOTTO <b>LA LUCE SIVIGLIANA<\/b><\/span><\/p>\n<\/div><\/div><\/div><\/div><\/div><\/div><img decoding=\"async\" fetchpriority=\"high\" class=\"wp-image-2336 avia-img-lazy-loading-not-2336\"  src=\"https:\/\/www.hotelalcantara.es\/wp-content\/uploads\/2018\/07\/bg_servicios.jpg\" width=\"1400\" height=\"326\" title='bg_servicios' alt='' srcset=\"https:\/\/www.hotelalcantara.es\/wp-content\/uploads\/2018\/07\/bg_servicios.jpg 1400w, https:\/\/www.hotelalcantara.es\/wp-content\/uploads\/2018\/07\/bg_servicios-300x70.jpg 300w, https:\/\/www.hotelalcantara.es\/wp-content\/uploads\/2018\/07\/bg_servicios-768x179.jpg 768w, https:\/\/www.hotelalcantara.es\/wp-content\/uploads\/2018\/07\/bg_servicios-1030x240.jpg 1030w, https:\/\/www.hotelalcantara.es\/wp-content\/uploads\/2018\/07\/bg_servicios-1288x300.jpg 1288w, https:\/\/www.hotelalcantara.es\/wp-content\/uploads\/2018\/07\/bg_servicios-705x164.jpg 705w, https:\/\/www.hotelalcantara.es\/wp-content\/uploads\/2018\/07\/bg_servicios-450x105.jpg 450w\" sizes=\"(max-width: 1400px) 100vw, 1400px\" \/><\/div><\/li><\/ul><\/div><\/div>\n<div id='av_section_1'  class='avia-section av-av_section-f3892e610ee9633c68397830e8f2c661 main_color avia-section-default avia-no-border-styling  avia-builder-el-1  el_after_av_slideshow_full  avia-builder-el-last  avia-bg-style-scroll container_wrap fullsize'  ><div class='container av-section-cont-open' ><div class='template-page content  av-content-full alpha units'><div class='post-entry post-entry-type-page post-entry-2335'><div class='entry-content-wrapper clearfix'>\n<div class='flex_column_table av-av_one_half-67adf0f1abfc2242a214758f2160949a sc-av_one_half av-equal-height-column-flextable'>\n<style type=\"text\/css\" data-created_by=\"avia_inline_auto\" id=\"style-css-av-av_one_half-67adf0f1abfc2242a214758f2160949a\">\n.flex_column.av-av_one_half-67adf0f1abfc2242a214758f2160949a{\nborder-radius:0px 0px 0px 0px;\npadding:0px 0px 0px 0px;\n}\n<\/style>\n<div  class='flex_column av-av_one_half-67adf0f1abfc2242a214758f2160949a av_one_half  avia-builder-el-2  el_before_av_one_half  avia-builder-el-first  first flex_column_table_cell av-equal-height-column av-align-top av-zero-column-padding  '     ><section  class='av_textblock_section av-av_textblock-2de302bf1aa3cf4c9157dbe6f50ac7eb '  ><div class='avia_textblock' ><div class=\"grid_3 \">\n<h1><strong>Servizi<\/strong> dall hotel<\/h1>\n<p>Il nostro hotel dispone di tutto il necesario per far si che il tuo soggiorno sia comodo e piacevole, sia nelle nostre strutture sia per visitare la citt\u00e0.<\/p>\n<p>Il nostro personale sar\u00e0 onorato di guidarti e aiutarti per far si che tu possa usufruire al massimo del nostro hotel e dei suoi impressionanti dintorni.<\/p>\n<\/div>\n<\/div><\/section><br \/>\n\n<style type=\"text\/css\" data-created_by=\"avia_inline_auto\" id=\"style-css-av-lp1l1zdl-b30faa2c7a4fde1bb3f682b89ed38cf2\">\n.avia-image-container.av-lp1l1zdl-b30faa2c7a4fde1bb3f682b89ed38cf2 img.avia_image{\nbox-shadow:none;\n}\n.avia-image-container.av-lp1l1zdl-b30faa2c7a4fde1bb3f682b89ed38cf2 .av-image-caption-overlay-center{\ncolor:#ffffff;\n}\n<\/style>\n<div  class='avia-image-container av-lp1l1zdl-b30faa2c7a4fde1bb3f682b89ed38cf2 av-styling- avia-align-center  avia-builder-el-4  el_after_av_textblock  avia-builder-el-last  av-small-hide av-mini-hide'  ><div class=\"avia-image-container-inner\"><div class=\"avia-image-overlay-wrap\"><img decoding=\"async\" fetchpriority=\"high\" class='wp-image-3875 avia-img-lazy-loading-not-3875 avia_image ' src=\"https:\/\/www.hotelalcantara.es\/wp-content\/uploads\/2023\/11\/servicios-del-hotel.jpg\" alt='' title='Servicios-del-Hotel'  height=\"641\" width=\"900\" srcset=\"https:\/\/www.hotelalcantara.es\/wp-content\/uploads\/2023\/11\/servicios-del-hotel.jpg 900w, https:\/\/www.hotelalcantara.es\/wp-content\/uploads\/2023\/11\/servicios-del-hotel-300x214.jpg 300w, https:\/\/www.hotelalcantara.es\/wp-content\/uploads\/2023\/11\/servicios-del-hotel-768x547.jpg 768w, https:\/\/www.hotelalcantara.es\/wp-content\/uploads\/2023\/11\/servicios-del-hotel-260x185.jpg 260w, https:\/\/www.hotelalcantara.es\/wp-content\/uploads\/2023\/11\/servicios-del-hotel-705x502.jpg 705w\" sizes=\"(max-width: 900px) 100vw, 900px\" \/><\/div><\/div><\/div><\/p><\/div><div class='av-flex-placeholder'><\/div>\n<style type=\"text\/css\" data-created_by=\"avia_inline_auto\" id=\"style-css-av-av_one_half-c8fc129dc35fd1ae2a1e410224d39ea8\">\n.flex_column.av-av_one_half-c8fc129dc35fd1ae2a1e410224d39ea8{\nborder-radius:0px 0px 0px 0px;\npadding:0px 0px 0px 0px;\n}\n<\/style>\n<div  class='flex_column av-av_one_half-c8fc129dc35fd1ae2a1e410224d39ea8 av_one_half  avia-builder-el-5  el_after_av_one_half  avia-builder-el-last  flex_column_table_cell av-equal-height-column av-align-top av-zero-column-padding  '     ><div  class='avia-builder-widget-area clearfix  avia-builder-el-6  avia-builder-el-no-sibling '><div id=\"custom_html-5\" class=\"widget_text widget clearfix widget_custom_html\"><div class=\"textwidget custom-html-widget\"><div class=\"servicios\">\r\n<h3>I nostri <strong>Servizi<\/strong><\/h3>\r\n<table>\r\n<tbody>\r\n<tr>\r\n<td><img decoding=\"async\" src=\"\/wp-content\/uploads\/2025\/05\/icono-servicio-00001.png\" alt=\"Servizio sveglia\"><\/td>\r\n<td>Servizio sveglia<\/td>\r\n<\/tr>\r\n<tr>\r\n<td><img decoding=\"async\" src=\"\/wp-content\/uploads\/2025\/05\/icono-servicio-00002.png\" alt=\"Colazione a buffet\"><\/td>\r\n<td>Colazione a buffet dalle 7:30 alle 10:30 (\u20ac10,50 a persona)<\/td>\r\n<\/tr>\r\n<tr>\r\n<td><img decoding=\"async\" src=\"\/wp-content\/uploads\/2025\/05\/icono-servicio-00003.png\" alt=\"Colazione al sacco disponibile\"><\/td>\r\n<td>Colazione al sacco disponibile prima delle 7:30  \r\n(Su richiesta anticipata)<\/td>\r\n<\/tr>\r\n<tr>\r\n<td><img decoding=\"async\" src=\"\/wp-content\/uploads\/2025\/05\/icono-servicio-00004.png\" alt=\"Seggiolone per bambini durante la colazione\"><\/td>\r\n<td>Seggiolone per bambini durante la colazione<\/td>\r\n<\/tr>\r\n<tr>\r\n<td><img decoding=\"async\" src=\"\/wp-content\/uploads\/2025\/05\/icono-servicio-00005.png\" alt=\"Deposito bagagli\"><\/td>\r\n<td>Deposito bagagli<\/td>\r\n<\/tr>\r\n<tr>\r\n<td><img decoding=\"async\" src=\"\/wp-content\/uploads\/2025\/05\/icono-servicio-00006.png\" alt=\"Bilancia per bagagli\"><\/td>\r\n<td>Bilancia per bagagli<\/td>\r\n<\/tr>\r\n<tr>\r\n<td><img decoding=\"async\" src=\"\/wp-content\/uploads\/2025\/05\/icono-servicio-00007.png\" alt=\"Stampa di carte d\u2019imbarco e altri documenti\"><\/td>\r\n<td>Stampa di carte d\u2019imbarco e altri documenti<\/td>\r\n<\/tr>\r\n<tr>\r\n<td><img decoding=\"async\" src=\"\/wp-content\/uploads\/2025\/05\/icono-servicio-00008.png\" alt=\"Caff\u00e8 e infusi gratuiti fuori orario colazione\"><\/td>\r\n<td>Caff\u00e8 e infusi gratuiti fuori orario colazione<\/td>\r\n<\/tr>\r\n<tr>\r\n<td><img decoding=\"async\" src=\"\/wp-content\/uploads\/2025\/05\/icono-servicio-00009.png\" alt=\"Prenotazione scontata a La Casa del Flamenco\"><\/td>\r\n<td>Prenotazione scontata a La Casa del Flamenco<\/td>\r\n<\/tr>\r\n<tr>\r\n<td><img decoding=\"async\" src=\"\/wp-content\/uploads\/2025\/05\/icono-servicio-00010.png\" alt=\"Parcheggio biciclette\"><\/td>\r\n<td>Parcheggio biciclette<\/td>\r\n<\/tr>\r\n<tr>\r\n<td><img decoding=\"async\" src=\"\/wp-content\/uploads\/2025\/05\/icono-servicio-00011.png\" alt=\"Cassetta di sicurezza alla reception\"><\/td>\r\n<td>Cassetta di sicurezza alla reception<\/td>\r\n<\/tr>\r\n<tr>\r\n<td><img decoding=\"async\" src=\"\/wp-content\/uploads\/2025\/05\/icono-servicio-00012.png\" alt=\"Ferro e asse da stiro\"><\/td>\r\n<td>Ferro e asse da stiro<\/td>\r\n<\/tr>\r\n<tr>\r\n<td><img decoding=\"async\" src=\"\/wp-content\/uploads\/2025\/05\/icono-servicio-00013.png\" alt=\"Adattatori per prese elettriche\"><\/td>\r\n<td>Adattatori per prese elettriche<\/td>\r\n<\/tr>\r\n<tr>\r\n<td><img decoding=\"async\" src=\"\/wp-content\/uploads\/2025\/05\/icono-servicio-00014.png\" alt=\"Prenotazione taxi\"><\/td>\r\n<td>Prenotazione taxi<\/td>\r\n<\/tr>\r\n<tr>\r\n<td><img decoding=\"async\" src=\"\/wp-content\/uploads\/2025\/05\/icono-servicio-00015.png\" alt=\"Prestito di ombrelli\"><\/td>\r\n<td>Prestito di ombrelli<\/td>\r\n<\/tr>\r\n<tr>\r\n<td><img decoding=\"async\" src=\"\/wp-content\/uploads\/2025\/05\/icono-servicio-00016.png\" alt=\"Distributore automatico di bibite\"><\/td>\r\n<td>Distributore automatico di bibite<\/td>\r\n<\/tr>\r\n<tr>\r\n<td><img decoding=\"async\" src=\"\/wp-content\/uploads\/2023\/09\/pets.svg\" alt=\"animali non ammessi\"><\/td>\r\n<td>Animali non ammessi (eccetto animali di assistenza)<\/td>\r\n<\/tr>\r\n<tr>\r\n<td><img decoding=\"async\" src=\"\/wp-content\/uploads\/2025\/05\/icono-servicio-00017.png\" alt=\"i migliori consigli su Siviglia\"><\/td>\r\n<td>E naturalmente i nostri migliori consigli per vivere Siviglia<\/td>\r\n<\/tr>\r\n<\/tbody>\r\n<\/table>\r\n<\/div>\r\n<\/div><\/div><\/div><\/div><\/div><!--close column table wrapper. Autoclose: 1 -->\n","protected":false},"excerpt":{"rendered":"<p>Il nostro hotel dispone di tutto ci\u00f2 di cui hai bisogno per rendere il tuo soggiorno confortevole e piacevole, sia nelle nostre strutture che durante la tua visita in citt\u00e0.<\/p>\n","protected":false},"author":1235,"featured_media":0,"parent":2309,"menu_order":30,"comment_status":"closed","ping_status":"closed","template":"","meta":{"footnotes":""},"class_list":["post-2335","page","type-page","status-publish","hentry"],"yoast_head":"<!-- This site is optimized with the Yoast SEO Premium plugin v27.2 (Yoast SEO v27.4) - https:\/\/yoast.com\/product\/yoast-seo-premium-wordpress\/ -->\n<title>Servizi dell&#039;hotel &#8226; Hotel Alc\u00e1ntara Sevilla<\/title>\n<meta name=\"description\" content=\"Il nostro hotel dispone di tutto ci\u00f2 di cui hai bisogno per rendere il tuo soggiorno confortevole e piacevole, sia nelle nostre strutture che durante la tua visita in citt\u00e0.\" \/>\n<meta name=\"robots\" content=\"index, follow, max-snippet:-1, max-image-preview:large, max-video-preview:-1\" \/>\n<link rel=\"canonical\" href=\"https:\/\/www.hotelalcantara.es\/it\/hotel\/servizi\/\" \/>\n<meta property=\"og:locale\" content=\"it_IT\" \/>\n<meta property=\"og:type\" content=\"article\" \/>\n<meta property=\"og:title\" content=\"Servizi\" \/>\n<meta property=\"og:description\" content=\"Il nostro hotel dispone di tutto ci\u00f2 di cui hai bisogno per rendere il tuo soggiorno confortevole e piacevole, sia nelle nostre strutture che durante la tua visita in citt\u00e0.\" \/>\n<meta property=\"og:url\" content=\"https:\/\/www.hotelalcantara.es\/it\/hotel\/servizi\/\" \/>\n<meta property=\"og:site_name\" content=\"Hotel Alc\u00e1ntara Sevilla\" \/>\n<meta property=\"article:publisher\" content=\"https:\/\/www.facebook.com\/hotelalcantarasevilla\" \/>\n<meta property=\"article:modified_time\" content=\"2024-04-16T09:31:33+00:00\" \/>\n<meta property=\"og:image\" content=\"https:\/\/www.hotelalcantara.es\/wp-content\/uploads\/2021\/06\/zaguanconflamenco.jpg\" \/>\n\t<meta property=\"og:image:width\" content=\"1000\" \/>\n\t<meta property=\"og:image:height\" content=\"676\" \/>\n\t<meta property=\"og:image:type\" content=\"image\/jpeg\" \/>\n<meta name=\"twitter:card\" content=\"summary_large_image\" \/>\n<meta name=\"twitter:image\" content=\"https:\/\/www.hotelalcantara.es\/wp-content\/uploads\/2021\/06\/zaguanconflamenco.jpg\" \/>\n<meta name=\"twitter:label1\" content=\"Tempo di lettura stimato\" \/>\n\t<meta name=\"twitter:data1\" content=\"4 minuti\" \/>\n<script type=\"application\/ld+json\" class=\"yoast-schema-graph\">{\"@context\":\"https:\\\/\\\/schema.org\",\"@graph\":[{\"@type\":\"WebPage\",\"@id\":\"https:\\\/\\\/www.hotelalcantara.es\\\/it\\\/hotel\\\/servizi\\\/\",\"url\":\"https:\\\/\\\/www.hotelalcantara.es\\\/it\\\/hotel\\\/servizi\\\/\",\"name\":\"Servizi dell'hotel &#8226; Hotel Alc\u00e1ntara Sevilla\",\"isPartOf\":{\"@id\":\"https:\\\/\\\/www.hotelalcantara.es\\\/it\\\/#website\"},\"datePublished\":\"2018-06-27T14:22:56+00:00\",\"dateModified\":\"2024-04-16T09:31:33+00:00\",\"description\":\"Il nostro hotel dispone di tutto ci\u00f2 di cui hai bisogno per rendere il tuo soggiorno confortevole e piacevole, sia nelle nostre strutture che durante la tua visita in citt\u00e0.\",\"breadcrumb\":{\"@id\":\"https:\\\/\\\/www.hotelalcantara.es\\\/it\\\/hotel\\\/servizi\\\/#breadcrumb\"},\"inLanguage\":\"it-IT\",\"potentialAction\":[{\"@type\":\"ReadAction\",\"target\":[\"https:\\\/\\\/www.hotelalcantara.es\\\/it\\\/hotel\\\/servizi\\\/\"]}]},{\"@type\":\"BreadcrumbList\",\"@id\":\"https:\\\/\\\/www.hotelalcantara.es\\\/it\\\/hotel\\\/servizi\\\/#breadcrumb\",\"itemListElement\":[{\"@type\":\"ListItem\",\"position\":1,\"name\":\"Portada\",\"item\":\"https:\\\/\\\/www.hotelalcantara.es\\\/it\\\/\"},{\"@type\":\"ListItem\",\"position\":2,\"name\":\"Hotel\",\"item\":\"https:\\\/\\\/www.hotelalcantara.es\\\/it\\\/hotel\\\/\"},{\"@type\":\"ListItem\",\"position\":3,\"name\":\"Servizi\"}]},{\"@type\":\"WebSite\",\"@id\":\"https:\\\/\\\/www.hotelalcantara.es\\\/it\\\/#website\",\"url\":\"https:\\\/\\\/www.hotelalcantara.es\\\/it\\\/\",\"name\":\"Hotel Alc\u00e1ntara Sevilla\",\"description\":\"Hotel centro de Sevilla\",\"publisher\":{\"@id\":\"https:\\\/\\\/www.hotelalcantara.es\\\/it\\\/#organization\"},\"potentialAction\":[{\"@type\":\"SearchAction\",\"target\":{\"@type\":\"EntryPoint\",\"urlTemplate\":\"https:\\\/\\\/www.hotelalcantara.es\\\/it\\\/?s={search_term_string}\"},\"query-input\":{\"@type\":\"PropertyValueSpecification\",\"valueRequired\":true,\"valueName\":\"search_term_string\"}}],\"inLanguage\":\"it-IT\"},{\"@type\":[\"Organization\",\"Place\",\"Hotel\"],\"@id\":\"https:\\\/\\\/www.hotelalcantara.es\\\/it\\\/#organization\",\"name\":\"Hotel Alc\u00e1ntara Sevilla\",\"url\":\"https:\\\/\\\/www.hotelalcantara.es\\\/it\\\/\",\"logo\":{\"@id\":\"https:\\\/\\\/www.hotelalcantara.es\\\/it\\\/hotel\\\/servizi\\\/#local-main-organization-logo\"},\"image\":{\"@id\":\"https:\\\/\\\/www.hotelalcantara.es\\\/it\\\/hotel\\\/servizi\\\/#local-main-organization-logo\"},\"sameAs\":[\"https:\\\/\\\/www.facebook.com\\\/hotelalcantarasevilla\",\"https:\\\/\\\/www.instagram.com\\\/hotelalcantara\\\/\"],\"description\":\"El hotel Alc\u00e1ntara es un precioso hotel de dos estrellas ubicado en Sevilla centro, en pleno coraz\u00f3n del Barrio de Santa Cruz, en el conjunto hist\u00f3rico y monumental de Sevilla, donde la ciudad despega toda su belleza y misterio. El hotel, inaugurado en 2002, ocupaba en sus comienzos las antiguas dependencias de servicio y el huerto de una casa se\u00f1orial del siglo XV.\",\"legalName\":\"YSASI HOTELES S.L.\",\"foundingDate\":\"2002-01-01\",\"ownershipFundingInfo\":\"https:\\\/\\\/www.hotelalcantara.es\\\/aviso-legal\\\/\",\"address\":{\"@id\":\"https:\\\/\\\/www.hotelalcantara.es\\\/it\\\/hotel\\\/servizi\\\/#local-main-place-address\"},\"geo\":{\"@type\":\"GeoCoordinates\",\"latitude\":\"37.38628\",\"longitude\":\"-5.9912469\"},\"telephone\":[\"+34954500595\"],\"openingHoursSpecification\":{\"@type\":\"OpeningHoursSpecification\",\"dayOfWeek\":[\"Monday\",\"Tuesday\",\"Wednesday\",\"Thursday\",\"Friday\",\"Saturday\",\"Sunday\"],\"opens\":\"00:00\",\"closes\":\"23:59\"},\"email\":\"info@hotelalcantara.net\",\"vatID\":\"B91036921\",\"taxID\":\"B91036921\",\"currenciesAccepted\":\"EUR,USD,GBP\",\"paymentAccepted\":\"Cash,Visa,AmericanExpress,MasterCard\"},{\"@type\":\"PostalAddress\",\"@id\":\"https:\\\/\\\/www.hotelalcantara.es\\\/it\\\/hotel\\\/servizi\\\/#local-main-place-address\",\"streetAddress\":\"Xim\u00e9nez de Enciso 28\",\"addressLocality\":\"Sevilla\",\"postalCode\":\"41004\",\"addressRegion\":\"Sevilla\",\"addressCountry\":\"ES\"},{\"@type\":\"ImageObject\",\"inLanguage\":\"it-IT\",\"@id\":\"https:\\\/\\\/www.hotelalcantara.es\\\/it\\\/hotel\\\/servizi\\\/#local-main-organization-logo\",\"url\":\"https:\\\/\\\/www.hotelalcantara.es\\\/wp-content\\\/uploads\\\/2018\\\/07\\\/hotel-alcantara-logo.png\",\"contentUrl\":\"https:\\\/\\\/www.hotelalcantara.es\\\/wp-content\\\/uploads\\\/2018\\\/07\\\/hotel-alcantara-logo.png\",\"width\":205,\"height\":175,\"caption\":\"Hotel Alc\u00e1ntara Sevilla\"}]}<\/script>\n<meta name=\"geo.placename\" content=\"Sevilla\" \/>\n<meta name=\"geo.position\" content=\"37.38628;-5.9912469\" \/>\n<meta name=\"geo.region\" content=\"Spagna\" \/>\n<!-- \/ Yoast SEO Premium plugin. -->","yoast_head_json":{"title":"Servizi dell'hotel &#8226; Hotel Alc\u00e1ntara Sevilla","description":"Il nostro hotel dispone di tutto ci\u00f2 di cui hai bisogno per rendere il tuo soggiorno confortevole e piacevole, sia nelle nostre strutture che durante la tua visita in citt\u00e0.","robots":{"index":"index","follow":"follow","max-snippet":"max-snippet:-1","max-image-preview":"max-image-preview:large","max-video-preview":"max-video-preview:-1"},"canonical":"https:\/\/www.hotelalcantara.es\/it\/hotel\/servizi\/","og_locale":"it_IT","og_type":"article","og_title":"Servizi","og_description":"Il nostro hotel dispone di tutto ci\u00f2 di cui hai bisogno per rendere il tuo soggiorno confortevole e piacevole, sia nelle nostre strutture che durante la tua visita in citt\u00e0.","og_url":"https:\/\/www.hotelalcantara.es\/it\/hotel\/servizi\/","og_site_name":"Hotel Alc\u00e1ntara Sevilla","article_publisher":"https:\/\/www.facebook.com\/hotelalcantarasevilla","article_modified_time":"2024-04-16T09:31:33+00:00","og_image":[{"width":1000,"height":676,"url":"https:\/\/www.hotelalcantara.es\/wp-content\/uploads\/2021\/06\/zaguanconflamenco.jpg","type":"image\/jpeg"}],"twitter_card":"summary_large_image","twitter_image":"https:\/\/www.hotelalcantara.es\/wp-content\/uploads\/2021\/06\/zaguanconflamenco.jpg","twitter_misc":{"Tempo di lettura stimato":"4 minuti"},"schema":{"@context":"https:\/\/schema.org","@graph":[{"@type":"WebPage","@id":"https:\/\/www.hotelalcantara.es\/it\/hotel\/servizi\/","url":"https:\/\/www.hotelalcantara.es\/it\/hotel\/servizi\/","name":"Servizi dell'hotel &#8226; Hotel Alc\u00e1ntara Sevilla","isPartOf":{"@id":"https:\/\/www.hotelalcantara.es\/it\/#website"},"datePublished":"2018-06-27T14:22:56+00:00","dateModified":"2024-04-16T09:31:33+00:00","description":"Il nostro hotel dispone di tutto ci\u00f2 di cui hai bisogno per rendere il tuo soggiorno confortevole e piacevole, sia nelle nostre strutture che durante la tua visita in citt\u00e0.","breadcrumb":{"@id":"https:\/\/www.hotelalcantara.es\/it\/hotel\/servizi\/#breadcrumb"},"inLanguage":"it-IT","potentialAction":[{"@type":"ReadAction","target":["https:\/\/www.hotelalcantara.es\/it\/hotel\/servizi\/"]}]},{"@type":"BreadcrumbList","@id":"https:\/\/www.hotelalcantara.es\/it\/hotel\/servizi\/#breadcrumb","itemListElement":[{"@type":"ListItem","position":1,"name":"Portada","item":"https:\/\/www.hotelalcantara.es\/it\/"},{"@type":"ListItem","position":2,"name":"Hotel","item":"https:\/\/www.hotelalcantara.es\/it\/hotel\/"},{"@type":"ListItem","position":3,"name":"Servizi"}]},{"@type":"WebSite","@id":"https:\/\/www.hotelalcantara.es\/it\/#website","url":"https:\/\/www.hotelalcantara.es\/it\/","name":"Hotel Alc\u00e1ntara Sevilla","description":"Hotel centro de Sevilla","publisher":{"@id":"https:\/\/www.hotelalcantara.es\/it\/#organization"},"potentialAction":[{"@type":"SearchAction","target":{"@type":"EntryPoint","urlTemplate":"https:\/\/www.hotelalcantara.es\/it\/?s={search_term_string}"},"query-input":{"@type":"PropertyValueSpecification","valueRequired":true,"valueName":"search_term_string"}}],"inLanguage":"it-IT"},{"@type":["Organization","Place","Hotel"],"@id":"https:\/\/www.hotelalcantara.es\/it\/#organization","name":"Hotel Alc\u00e1ntara Sevilla","url":"https:\/\/www.hotelalcantara.es\/it\/","logo":{"@id":"https:\/\/www.hotelalcantara.es\/it\/hotel\/servizi\/#local-main-organization-logo"},"image":{"@id":"https:\/\/www.hotelalcantara.es\/it\/hotel\/servizi\/#local-main-organization-logo"},"sameAs":["https:\/\/www.facebook.com\/hotelalcantarasevilla","https:\/\/www.instagram.com\/hotelalcantara\/"],"description":"El hotel Alc\u00e1ntara es un precioso hotel de dos estrellas ubicado en Sevilla centro, en pleno coraz\u00f3n del Barrio de Santa Cruz, en el conjunto hist\u00f3rico y monumental de Sevilla, donde la ciudad despega toda su belleza y misterio. El hotel, inaugurado en 2002, ocupaba en sus comienzos las antiguas dependencias de servicio y el huerto de una casa se\u00f1orial del siglo XV.","legalName":"YSASI HOTELES S.L.","foundingDate":"2002-01-01","ownershipFundingInfo":"https:\/\/www.hotelalcantara.es\/aviso-legal\/","address":{"@id":"https:\/\/www.hotelalcantara.es\/it\/hotel\/servizi\/#local-main-place-address"},"geo":{"@type":"GeoCoordinates","latitude":"37.38628","longitude":"-5.9912469"},"telephone":["+34954500595","+34954500595"],"openingHoursSpecification":{"@type":"OpeningHoursSpecification","dayOfWeek":["Monday","Tuesday","Wednesday","Thursday","Friday","Saturday","Sunday"],"opens":"00:00","closes":"23:59"},"email":"info@hotelalcantara.net","vatID":"B91036921","taxID":"B91036921","currenciesAccepted":"EUR,USD,GBP","paymentAccepted":"Cash,Visa,AmericanExpress,MasterCard"},{"@type":"PostalAddress","@id":"https:\/\/www.hotelalcantara.es\/it\/hotel\/servizi\/#local-main-place-address","streetAddress":"Xim\u00e9nez de Enciso 28","addressLocality":"Sevilla","postalCode":"41004","addressRegion":"Sevilla","addressCountry":"ES"},{"@type":"ImageObject","inLanguage":"it-IT","@id":"https:\/\/www.hotelalcantara.es\/it\/hotel\/servizi\/#local-main-organization-logo","url":"https:\/\/www.hotelalcantara.es\/wp-content\/uploads\/2018\/07\/hotel-alcantara-logo.png","contentUrl":"https:\/\/www.hotelalcantara.es\/wp-content\/uploads\/2018\/07\/hotel-alcantara-logo.png","width":205,"height":175,"caption":"Hotel Alc\u00e1ntara Sevilla"}]},"geo.placename":"Sevilla","geo.position":{"lat":"37.38628","long":"-5.9912469"},"geo.region":"Spagna"},"_links":{"self":[{"href":"https:\/\/www.hotelalcantara.es\/it\/wp-json\/wp\/v2\/pages\/2335","targetHints":{"allow":["GET"]}}],"collection":[{"href":"https:\/\/www.hotelalcantara.es\/it\/wp-json\/wp\/v2\/pages"}],"about":[{"href":"https:\/\/www.hotelalcantara.es\/it\/wp-json\/wp\/v2\/types\/page"}],"author":[{"embeddable":true,"href":"https:\/\/www.hotelalcantara.es\/it\/wp-json\/wp\/v2\/users\/1235"}],"replies":[{"embeddable":true,"href":"https:\/\/www.hotelalcantara.es\/it\/wp-json\/wp\/v2\/comments?post=2335"}],"version-history":[{"count":0,"href":"https:\/\/www.hotelalcantara.es\/it\/wp-json\/wp\/v2\/pages\/2335\/revisions"}],"up":[{"embeddable":true,"href":"https:\/\/www.hotelalcantara.es\/it\/wp-json\/wp\/v2\/pages\/2309"}],"wp:attachment":[{"href":"https:\/\/www.hotelalcantara.es\/it\/wp-json\/wp\/v2\/media?parent=2335"}],"curies":[{"name":"wp","href":"https:\/\/api.w.org\/{rel}","templated":true}]}}