{"id":2342,"date":"2018-06-27T14:23:24","date_gmt":"2018-06-27T14:23:24","guid":{"rendered":"https:\/\/www.hotelalcantara.es\/hotel\/ubicacion\/"},"modified":"2025-10-28T15:36:20","modified_gmt":"2025-10-28T14:36:20","slug":"posizione","status":"publish","type":"page","link":"https:\/\/www.hotelalcantara.es\/it\/hotel\/posizione\/","title":{"rendered":"Posizione"},"content":{"rendered":"<div id='full_slider_1'  class='avia-fullwidth-slider main_color avia-shadow   avia-builder-el-0  el_before_av_section  avia-builder-el-first   container_wrap fullsize'  >\n<style type=\"text\/css\" data-created_by=\"avia_inline_auto\" id=\"style-css-av-cftvly-27ff1c31533a96f8a7378cdb994348e2\">\n#top .avia-slideshow .av-slideshow-caption.av-cftvly-27ff1c31533a96f8a7378cdb994348e2__0 .avia-caption-content{\nfont-size:50px;\ncolor:#ffffff;\n}\n#top .avia-slideshow .av-slideshow-caption.av-cftvly-27ff1c31533a96f8a7378cdb994348e2__0 .avia-caption-content p{\nfont-size:50px;\n}\n<\/style>\n<div  class='avia-slideshow av-cftvly-27ff1c31533a96f8a7378cdb994348e2 avia-slideshow-featured av_slideshow_full avia-slide-slider av-slideshow-ui av-control-default av-slideshow-manual av-loop-once av-loop-manual-endless av-default-height-applied   avia-slideshow-1' data-slideshow-options=\"{&quot;animation&quot;:&quot;slide&quot;,&quot;autoplay&quot;:false,&quot;loop_autoplay&quot;:&quot;once&quot;,&quot;interval&quot;:5,&quot;loop_manual&quot;:&quot;manual-endless&quot;,&quot;autoplay_stopper&quot;:false,&quot;noNavigation&quot;:false,&quot;bg_slider&quot;:false,&quot;keep_padding&quot;:false,&quot;hoverpause&quot;:false,&quot;show_slide_delay&quot;:0}\" ><ul class='avia-slideshow-inner ' style='padding-bottom: 23.285714285714%;'><li  class='avia-slideshow-slide av-cftvly-27ff1c31533a96f8a7378cdb994348e2__0  av-single-slide slide-1 slide-odd'><div data-rel='slideshow-1' class='avia-slide-wrap '   ><div class='av-slideshow-caption av-cftvly-27ff1c31533a96f8a7378cdb994348e2__0 caption_fullwidth caption_center'><div class=\"container caption_container\"><div class=\"slideshow_caption\"><div class=\"slideshow_inner_caption\"><div class=\"slideshow_align_caption\"><div class='avia-caption-content av_inherit_color' ><p><span class=\"sombra\"><b>LA GIRALDA<\/b> TI DA IL BUONGIORNO<\/span><\/p>\n<\/div><\/div><\/div><\/div><\/div><\/div><img decoding=\"async\" fetchpriority=\"high\" class=\"wp-image-2343 avia-img-lazy-loading-not-2343\"  src=\"https:\/\/www.hotelalcantara.es\/wp-content\/uploads\/2018\/06\/giralda.png\" width=\"1400\" height=\"326\" title='giralda' alt='' srcset=\"https:\/\/www.hotelalcantara.es\/wp-content\/uploads\/2018\/06\/giralda.png 1400w, https:\/\/www.hotelalcantara.es\/wp-content\/uploads\/2018\/06\/giralda-300x70.png 300w, https:\/\/www.hotelalcantara.es\/wp-content\/uploads\/2018\/06\/giralda-768x179.png 768w, https:\/\/www.hotelalcantara.es\/wp-content\/uploads\/2018\/06\/giralda-1030x240.png 1030w, https:\/\/www.hotelalcantara.es\/wp-content\/uploads\/2018\/06\/giralda-705x164.png 705w, https:\/\/www.hotelalcantara.es\/wp-content\/uploads\/2018\/06\/giralda-450x105.png 450w\" sizes=\"(max-width: 1400px) 100vw, 1400px\" \/><\/div><\/li><\/ul><\/div><\/div>\n<div id='av_section_1'  class='avia-section av-y3bwm-2432139a5cd2ba4d12ecde24fa1e9904 main_color avia-section-default avia-no-shadow  avia-builder-el-1  el_after_av_slideshow_full  avia-builder-el-last  avia-bg-style-scroll container_wrap fullsize'  ><div class='container av-section-cont-open' ><div class='template-page content  av-content-full alpha units'><div class='post-entry post-entry-type-page post-entry-2342'><div class='entry-content-wrapper clearfix'>\n\n<style type=\"text\/css\" data-created_by=\"avia_inline_auto\" id=\"style-css-av-7yg4di-5e6b720743931f80022ca83e13da73aa\">\n.flex_column.av-7yg4di-5e6b720743931f80022ca83e13da73aa{\nborder-radius:0px 0px 0px 0px;\npadding:0px 0px 0px 0px;\n}\n<\/style>\n<div  class='flex_column av-7yg4di-5e6b720743931f80022ca83e13da73aa av_one_fourth  avia-builder-el-2  el_before_av_three_fourth  avia-builder-el-first  first flex_column_div av-zero-column-padding  '     ><section  class='av_textblock_section av-mc8fa-454030eba86ffcd3e965ea3557fdad64 '  ><div class='avia_textblock' ><div class=\"grid_3 \">\n<h1>Posizione <strong>ideale<\/strong><\/h1>\n<p>L\u2019hotel \u00e9 situato in una via pedonale, Xim\u00e9nez de Enciso, nel cuore di Santa Cruz, ad un passo dalla Giralda e dalla cattedrale.<\/p>\n<p>La viabilit\u00e0 dei trasporti \u00e8 a meno di 20 metri scarsi dall\u2019accesso all\u2019hotel, dunque \u00e9 anche possibile utilizzare varie opzioni di trasporti pubblici.<\/p>\n<p>E, se vieni con la tua macchina, il parking pubblico pi\u00f9 vicino \u00e9 situato a 2 minuti a piedi dall\u2019hotel.<\/p>\n<\/div>\n<\/div><\/section><\/div>\n<style type=\"text\/css\" data-created_by=\"avia_inline_auto\" id=\"style-css-av-4efxba-2df6a4cd89ef485d4eda5ac7b6062c69\">\n.flex_column.av-4efxba-2df6a4cd89ef485d4eda5ac7b6062c69{\nborder-radius:0px 0px 0px 0px;\npadding:0px 0px 0px 0px;\n}\n<\/style>\n<div  class='flex_column av-4efxba-2df6a4cd89ef485d4eda5ac7b6062c69 av_three_fourth  avia-builder-el-4  el_after_av_one_fourth  avia-builder-el-last  flex_column_div av-zero-column-padding  '     ><div  class='tabcontainer av-mgmo5e6s-a6ab62122619d3ecc7159f89d99d8984 top_tab  avia-builder-el-5  avia-builder-el-no-sibling '>\n<section class='av_tab_section av_tab_section av-1yj24m-1590183b3aebfbc0ae8a9c7b9dff2121' ><div id='tab-id-1-tab' class='tab active_tab' role='tab' aria-selected=\"true\" tabindex=\"0\" data-fake-id='#tab-id-1' aria-controls='tab-id-1-content' ><span class='tab_icon avia-iconfont avia-font-entypo-fontello' data-av_icon='\ue842' data-av_iconfont='entypo-fontello' ><\/span>Posizione<\/div><div id='tab-id-1-content' class='tab_content active_tab_content' role='tabpanel' aria-labelledby='tab-id-1-tab' aria-hidden=\"false\"><div class='tab_inner_content invers-color' ><p><iframe style=\"width: 100%;\" src=\"https:\/\/www.google.com\/maps\/embed?pb=!1m14!1m8!1m3!1d3170.1512168668705!2d-5.988921!3d37.386256!3m2!1i1024!2i768!4f13.1!3m3!1m2!1s0x0%3A0x2ce8c8bdd2e6a425!2sHotel+Alc%C3%A1ntara!5e0!3m2!1ses!2sus!4v1530293270100\" height=\"380\" frameborder=\"0\" allowfullscreen=\"allowfullscreen\"><\/iframe><\/p>\n<\/div><\/div><\/section>\n<section class='av_tab_section av_tab_section av-mgmo3zg5-0a650ab3ed960f7067d3ae34225c42d7' ><div id='tab-id-2-tab' class='tab' role='tab' aria-selected=\"false\" tabindex=\"0\" data-fake-id='#tab-id-2' aria-controls='tab-id-2-content' ><span class='tab_icon avia-iconfont avia-font-entypo-fontello' data-av_icon='\ue842' data-av_iconfont='entypo-fontello' ><\/span>Dall\u2019aeroporto<\/div><div id='tab-id-2-content' class='tab_content' role='tabpanel' aria-labelledby='tab-id-2-tab' aria-hidden=\"true\"><div class='tab_inner_content invers-color' ><p><iframe loading=\"lazy\" style=\"width: 100%;\" src=\"https:\/\/www.google.com\/maps\/d\/embed?mid=15r-trG0Ky1AnvNyJ4PNTH9uL3Q4\" width=\"640\" height=\"380\"><\/iframe><\/p>\n<p><strong>In taxi.<\/strong>\u00a0Chiedi al tassista di lasciarti all\u2019angolo della via Fabiola che incrocia la nostra via (Xim\u00e9nez de Enciso). Il taxi ti pu\u00f3 lasciare all\u2019altezza del numero 30 della via Xim\u00e9nez de Enciso mentre noi siamo situati al numero 28. Il costo sar\u00e0 di 25\u201330 \u20ac.<\/p>\n<p><strong>Autobus dell\u2019aeroporto.<\/strong>\u00a0Per arrivare al nostro hotel dall\u2019aeroporto \u201cSan Pablo\u201d puoi prendere l\u2019autobus \u201cEA\u201d dell\u2019aeroporto che arriva fino al centro della citt\u00e0. Il biglietto costa 6 \u20ac a persona compreso il trasporto della valigia, e dura approssimatamente 25 minuti fino alla fermata \u201cPrado de San Sebastian\u201d, di fronte al tribunale. Da l\u00ec si ha bisogno di 10-15 minuti a piedi per arrivare all\u2019hotel.<\/p>\n<\/div><\/div><\/section>\n<section class='av_tab_section av_tab_section av-mgmo4wtk-5d5d50ecc25a840279494061ff081f24' ><div id='tab-id-3-tab' class='tab' role='tab' aria-selected=\"false\" tabindex=\"0\" data-fake-id='#tab-id-3' aria-controls='tab-id-3-content' ><span class='tab_icon avia-iconfont avia-font-entypo-fontello' data-av_icon='\ue842' data-av_iconfont='entypo-fontello' ><\/span>Dalla stazione dei treni \u201cSanta Justa\u201d<\/div><div id='tab-id-3-content' class='tab_content' role='tabpanel' aria-labelledby='tab-id-3-tab' aria-hidden=\"true\"><div class='tab_inner_content invers-color' ><p><iframe loading=\"lazy\" style=\"width: 100%;\" src=\"https:\/\/www.google.com\/maps\/d\/embed?mid=19VOamgmWM_5JvnJuvAUXBzQ-fgg\" width=\"640\" height=\"380\"><\/iframe><\/p>\n<p><strong>In taxi.<\/strong>\u00a0Chiedi al tassista di lasciarti all\u2019angolo della via Fabiola che incrocia la nostra via (Xim\u00e9nez de Enciso). Il taxi ti pu\u00f3 lasciare all\u2019altezza del numero 30 della via Xim\u00e9nenz de Enciso mentre noi siamo situati al numero 28. Il costo sar\u00e1 approssimatamente 12\u201315 \u20ac.<\/p>\n<p><strong>In autobus.<\/strong>\u00a0La linea 21 copre quasi tutto il tragitto per arrivare all\u2019hotel. Il resto \u00e9 da percorrere a piedi. Il biglietto si pu\u00f2 acquistare sull\u2019autobus e il prezzo \u00e9 di 1,40 \u20ac a persona.<\/p>\n<\/div><\/div><\/section>\n<section class='av_tab_section av_tab_section av-mgmo5dr6-52b70542244418edfaacff33c8340424' ><div id='tab-id-4-tab' class='tab' role='tab' aria-selected=\"false\" tabindex=\"0\" data-fake-id='#tab-id-4' aria-controls='tab-id-4-content' ><span class='tab_icon avia-iconfont avia-font-entypo-fontello' data-av_icon='\ue842' data-av_iconfont='entypo-fontello' ><\/span>In macchina o a piedi dal parking<\/div><div id='tab-id-4-content' class='tab_content' role='tabpanel' aria-labelledby='tab-id-4-tab' aria-hidden=\"true\"><div class='tab_inner_content invers-color' ><p><iframe loading=\"lazy\" style=\"width: 100%;\" src=\"https:\/\/www.google.com\/maps\/d\/embed?mid=14Pv6hJQhoT_eHWH-3p2PpwvnFHo\" width=\"640\" height=\"380\"><\/iframe><\/p>\n<p>Si vieni in macchina, puoi trovare un parking pubblico a 2 minuti a piedi dall\u2019hotel, al lato dei giardini de Murillo. Il prezzo per 24h \u00e9 di 29,95 \u20ac approssimatamente. Ti consigliamo prima di parcheggiare e poi di raggiungere l\u2019hotel a piedi.<\/p>\n<\/div><\/div><\/section>\n<\/div><\/div>\n","protected":false},"excerpt":{"rendered":"<p>L&#8217;hotel si trova in una zona pedonale di calle Xim\u00e9nez de Enciso, nel cuore di Santa Cruz, a due passi dalla Giralda e dalla Cattedrale.<\/p>\n","protected":false},"author":1235,"featured_media":0,"parent":2309,"menu_order":40,"comment_status":"closed","ping_status":"closed","template":"","meta":{"footnotes":""},"class_list":["post-2342","page","type-page","status-publish","hentry"],"yoast_head":"<!-- This site is optimized with the Yoast SEO Premium plugin v27.2 (Yoast SEO v27.4) - https:\/\/yoast.com\/product\/yoast-seo-premium-wordpress\/ -->\n<title>Posizione imbattibile nel centro &#8226; Hotel Alc\u00e1ntara Sevilla<\/title>\n<meta name=\"description\" content=\"L&#039;hotel si trova in una zona pedonale di calle Xim\u00e9nez de Enciso, nel cuore di Santa Cruz, a due passi dalla Giralda e dalla Cattedrale.\" \/>\n<meta name=\"robots\" content=\"index, follow, max-snippet:-1, max-image-preview:large, max-video-preview:-1\" \/>\n<link rel=\"canonical\" href=\"https:\/\/www.hotelalcantara.es\/it\/hotel\/posizione\/\" \/>\n<meta property=\"og:locale\" content=\"it_IT\" \/>\n<meta property=\"og:type\" content=\"article\" \/>\n<meta property=\"og:title\" content=\"Posizione\" \/>\n<meta property=\"og:description\" content=\"L&#039;hotel si trova in una zona pedonale di calle Xim\u00e9nez de Enciso, nel cuore di Santa Cruz, a due passi dalla Giralda e dalla Cattedrale.\" \/>\n<meta property=\"og:url\" content=\"https:\/\/www.hotelalcantara.es\/it\/hotel\/posizione\/\" \/>\n<meta property=\"og:site_name\" content=\"Hotel Alc\u00e1ntara Sevilla\" \/>\n<meta property=\"article:publisher\" content=\"https:\/\/www.facebook.com\/hotelalcantarasevilla\" \/>\n<meta property=\"article:modified_time\" content=\"2025-10-28T14:36:20+00:00\" \/>\n<meta property=\"og:image\" content=\"https:\/\/www.hotelalcantara.es\/wp-content\/uploads\/2021\/06\/zaguanconflamenco.jpg\" \/>\n\t<meta property=\"og:image:width\" content=\"1000\" \/>\n\t<meta property=\"og:image:height\" content=\"676\" \/>\n\t<meta property=\"og:image:type\" content=\"image\/jpeg\" \/>\n<meta name=\"twitter:card\" content=\"summary_large_image\" \/>\n<meta name=\"twitter:image\" content=\"https:\/\/www.hotelalcantara.es\/wp-content\/uploads\/2021\/06\/zaguanconflamenco.jpg\" \/>\n<meta name=\"twitter:label1\" content=\"Tempo di lettura stimato\" \/>\n\t<meta name=\"twitter:data1\" content=\"4 minuti\" \/>\n<script type=\"application\/ld+json\" class=\"yoast-schema-graph\">{\"@context\":\"https:\\\/\\\/schema.org\",\"@graph\":[{\"@type\":\"WebPage\",\"@id\":\"https:\\\/\\\/www.hotelalcantara.es\\\/it\\\/hotel\\\/posizione\\\/\",\"url\":\"https:\\\/\\\/www.hotelalcantara.es\\\/it\\\/hotel\\\/posizione\\\/\",\"name\":\"Posizione imbattibile nel centro &#8226; Hotel Alc\u00e1ntara Sevilla\",\"isPartOf\":{\"@id\":\"https:\\\/\\\/www.hotelalcantara.es\\\/it\\\/#website\"},\"datePublished\":\"2018-06-27T14:23:24+00:00\",\"dateModified\":\"2025-10-28T14:36:20+00:00\",\"description\":\"L'hotel si trova in una zona pedonale di calle Xim\u00e9nez de Enciso, nel cuore di Santa Cruz, a due passi dalla Giralda e dalla Cattedrale.\",\"breadcrumb\":{\"@id\":\"https:\\\/\\\/www.hotelalcantara.es\\\/it\\\/hotel\\\/posizione\\\/#breadcrumb\"},\"inLanguage\":\"it-IT\",\"potentialAction\":[{\"@type\":\"ReadAction\",\"target\":[\"https:\\\/\\\/www.hotelalcantara.es\\\/it\\\/hotel\\\/posizione\\\/\"]}]},{\"@type\":\"BreadcrumbList\",\"@id\":\"https:\\\/\\\/www.hotelalcantara.es\\\/it\\\/hotel\\\/posizione\\\/#breadcrumb\",\"itemListElement\":[{\"@type\":\"ListItem\",\"position\":1,\"name\":\"Portada\",\"item\":\"https:\\\/\\\/www.hotelalcantara.es\\\/it\\\/\"},{\"@type\":\"ListItem\",\"position\":2,\"name\":\"Hotel\",\"item\":\"https:\\\/\\\/www.hotelalcantara.es\\\/it\\\/hotel\\\/\"},{\"@type\":\"ListItem\",\"position\":3,\"name\":\"Posizione\"}]},{\"@type\":\"WebSite\",\"@id\":\"https:\\\/\\\/www.hotelalcantara.es\\\/it\\\/#website\",\"url\":\"https:\\\/\\\/www.hotelalcantara.es\\\/it\\\/\",\"name\":\"Hotel Alc\u00e1ntara Sevilla\",\"description\":\"Hotel centro de Sevilla\",\"publisher\":{\"@id\":\"https:\\\/\\\/www.hotelalcantara.es\\\/it\\\/#organization\"},\"potentialAction\":[{\"@type\":\"SearchAction\",\"target\":{\"@type\":\"EntryPoint\",\"urlTemplate\":\"https:\\\/\\\/www.hotelalcantara.es\\\/it\\\/?s={search_term_string}\"},\"query-input\":{\"@type\":\"PropertyValueSpecification\",\"valueRequired\":true,\"valueName\":\"search_term_string\"}}],\"inLanguage\":\"it-IT\"},{\"@type\":[\"Organization\",\"Place\",\"Hotel\"],\"@id\":\"https:\\\/\\\/www.hotelalcantara.es\\\/it\\\/#organization\",\"name\":\"Hotel Alc\u00e1ntara Sevilla\",\"url\":\"https:\\\/\\\/www.hotelalcantara.es\\\/it\\\/\",\"logo\":{\"@id\":\"https:\\\/\\\/www.hotelalcantara.es\\\/it\\\/hotel\\\/posizione\\\/#local-main-organization-logo\"},\"image\":{\"@id\":\"https:\\\/\\\/www.hotelalcantara.es\\\/it\\\/hotel\\\/posizione\\\/#local-main-organization-logo\"},\"sameAs\":[\"https:\\\/\\\/www.facebook.com\\\/hotelalcantarasevilla\",\"https:\\\/\\\/www.instagram.com\\\/hotelalcantara\\\/\"],\"description\":\"El hotel Alc\u00e1ntara es un precioso hotel de dos estrellas ubicado en Sevilla centro, en pleno coraz\u00f3n del Barrio de Santa Cruz, en el conjunto hist\u00f3rico y monumental de Sevilla, donde la ciudad despega toda su belleza y misterio. El hotel, inaugurado en 2002, ocupaba en sus comienzos las antiguas dependencias de servicio y el huerto de una casa se\u00f1orial del siglo XV.\",\"legalName\":\"YSASI HOTELES S.L.\",\"foundingDate\":\"2002-01-01\",\"ownershipFundingInfo\":\"https:\\\/\\\/www.hotelalcantara.es\\\/aviso-legal\\\/\",\"address\":{\"@id\":\"https:\\\/\\\/www.hotelalcantara.es\\\/it\\\/hotel\\\/posizione\\\/#local-main-place-address\"},\"geo\":{\"@type\":\"GeoCoordinates\",\"latitude\":\"37.38628\",\"longitude\":\"-5.9912469\"},\"telephone\":[\"+34954500595\"],\"openingHoursSpecification\":{\"@type\":\"OpeningHoursSpecification\",\"dayOfWeek\":[\"Monday\",\"Tuesday\",\"Wednesday\",\"Thursday\",\"Friday\",\"Saturday\",\"Sunday\"],\"opens\":\"00:00\",\"closes\":\"23:59\"},\"email\":\"info@hotelalcantara.net\",\"vatID\":\"B91036921\",\"taxID\":\"B91036921\",\"currenciesAccepted\":\"EUR,USD,GBP\",\"paymentAccepted\":\"Cash,Visa,AmericanExpress,MasterCard\"},{\"@type\":\"PostalAddress\",\"@id\":\"https:\\\/\\\/www.hotelalcantara.es\\\/it\\\/hotel\\\/posizione\\\/#local-main-place-address\",\"streetAddress\":\"Xim\u00e9nez de Enciso 28\",\"addressLocality\":\"Sevilla\",\"postalCode\":\"41004\",\"addressRegion\":\"Sevilla\",\"addressCountry\":\"ES\"},{\"@type\":\"ImageObject\",\"inLanguage\":\"it-IT\",\"@id\":\"https:\\\/\\\/www.hotelalcantara.es\\\/it\\\/hotel\\\/posizione\\\/#local-main-organization-logo\",\"url\":\"https:\\\/\\\/www.hotelalcantara.es\\\/wp-content\\\/uploads\\\/2018\\\/07\\\/hotel-alcantara-logo.png\",\"contentUrl\":\"https:\\\/\\\/www.hotelalcantara.es\\\/wp-content\\\/uploads\\\/2018\\\/07\\\/hotel-alcantara-logo.png\",\"width\":205,\"height\":175,\"caption\":\"Hotel Alc\u00e1ntara Sevilla\"}]}<\/script>\n<meta name=\"geo.placename\" content=\"Sevilla\" \/>\n<meta name=\"geo.position\" content=\"37.38628;-5.9912469\" \/>\n<meta name=\"geo.region\" content=\"Spagna\" \/>\n<!-- \/ Yoast SEO Premium plugin. -->","yoast_head_json":{"title":"Posizione imbattibile nel centro &#8226; Hotel Alc\u00e1ntara Sevilla","description":"L'hotel si trova in una zona pedonale di calle Xim\u00e9nez de Enciso, nel cuore di Santa Cruz, a due passi dalla Giralda e dalla Cattedrale.","robots":{"index":"index","follow":"follow","max-snippet":"max-snippet:-1","max-image-preview":"max-image-preview:large","max-video-preview":"max-video-preview:-1"},"canonical":"https:\/\/www.hotelalcantara.es\/it\/hotel\/posizione\/","og_locale":"it_IT","og_type":"article","og_title":"Posizione","og_description":"L'hotel si trova in una zona pedonale di calle Xim\u00e9nez de Enciso, nel cuore di Santa Cruz, a due passi dalla Giralda e dalla Cattedrale.","og_url":"https:\/\/www.hotelalcantara.es\/it\/hotel\/posizione\/","og_site_name":"Hotel Alc\u00e1ntara Sevilla","article_publisher":"https:\/\/www.facebook.com\/hotelalcantarasevilla","article_modified_time":"2025-10-28T14:36:20+00:00","og_image":[{"width":1000,"height":676,"url":"https:\/\/www.hotelalcantara.es\/wp-content\/uploads\/2021\/06\/zaguanconflamenco.jpg","type":"image\/jpeg"}],"twitter_card":"summary_large_image","twitter_image":"https:\/\/www.hotelalcantara.es\/wp-content\/uploads\/2021\/06\/zaguanconflamenco.jpg","twitter_misc":{"Tempo di lettura stimato":"4 minuti"},"schema":{"@context":"https:\/\/schema.org","@graph":[{"@type":"WebPage","@id":"https:\/\/www.hotelalcantara.es\/it\/hotel\/posizione\/","url":"https:\/\/www.hotelalcantara.es\/it\/hotel\/posizione\/","name":"Posizione imbattibile nel centro &#8226; Hotel Alc\u00e1ntara Sevilla","isPartOf":{"@id":"https:\/\/www.hotelalcantara.es\/it\/#website"},"datePublished":"2018-06-27T14:23:24+00:00","dateModified":"2025-10-28T14:36:20+00:00","description":"L'hotel si trova in una zona pedonale di calle Xim\u00e9nez de Enciso, nel cuore di Santa Cruz, a due passi dalla Giralda e dalla Cattedrale.","breadcrumb":{"@id":"https:\/\/www.hotelalcantara.es\/it\/hotel\/posizione\/#breadcrumb"},"inLanguage":"it-IT","potentialAction":[{"@type":"ReadAction","target":["https:\/\/www.hotelalcantara.es\/it\/hotel\/posizione\/"]}]},{"@type":"BreadcrumbList","@id":"https:\/\/www.hotelalcantara.es\/it\/hotel\/posizione\/#breadcrumb","itemListElement":[{"@type":"ListItem","position":1,"name":"Portada","item":"https:\/\/www.hotelalcantara.es\/it\/"},{"@type":"ListItem","position":2,"name":"Hotel","item":"https:\/\/www.hotelalcantara.es\/it\/hotel\/"},{"@type":"ListItem","position":3,"name":"Posizione"}]},{"@type":"WebSite","@id":"https:\/\/www.hotelalcantara.es\/it\/#website","url":"https:\/\/www.hotelalcantara.es\/it\/","name":"Hotel Alc\u00e1ntara Sevilla","description":"Hotel centro de Sevilla","publisher":{"@id":"https:\/\/www.hotelalcantara.es\/it\/#organization"},"potentialAction":[{"@type":"SearchAction","target":{"@type":"EntryPoint","urlTemplate":"https:\/\/www.hotelalcantara.es\/it\/?s={search_term_string}"},"query-input":{"@type":"PropertyValueSpecification","valueRequired":true,"valueName":"search_term_string"}}],"inLanguage":"it-IT"},{"@type":["Organization","Place","Hotel"],"@id":"https:\/\/www.hotelalcantara.es\/it\/#organization","name":"Hotel Alc\u00e1ntara Sevilla","url":"https:\/\/www.hotelalcantara.es\/it\/","logo":{"@id":"https:\/\/www.hotelalcantara.es\/it\/hotel\/posizione\/#local-main-organization-logo"},"image":{"@id":"https:\/\/www.hotelalcantara.es\/it\/hotel\/posizione\/#local-main-organization-logo"},"sameAs":["https:\/\/www.facebook.com\/hotelalcantarasevilla","https:\/\/www.instagram.com\/hotelalcantara\/"],"description":"El hotel Alc\u00e1ntara es un precioso hotel de dos estrellas ubicado en Sevilla centro, en pleno coraz\u00f3n del Barrio de Santa Cruz, en el conjunto hist\u00f3rico y monumental de Sevilla, donde la ciudad despega toda su belleza y misterio. El hotel, inaugurado en 2002, ocupaba en sus comienzos las antiguas dependencias de servicio y el huerto de una casa se\u00f1orial del siglo XV.","legalName":"YSASI HOTELES S.L.","foundingDate":"2002-01-01","ownershipFundingInfo":"https:\/\/www.hotelalcantara.es\/aviso-legal\/","address":{"@id":"https:\/\/www.hotelalcantara.es\/it\/hotel\/posizione\/#local-main-place-address"},"geo":{"@type":"GeoCoordinates","latitude":"37.38628","longitude":"-5.9912469"},"telephone":["+34954500595","+34954500595"],"openingHoursSpecification":{"@type":"OpeningHoursSpecification","dayOfWeek":["Monday","Tuesday","Wednesday","Thursday","Friday","Saturday","Sunday"],"opens":"00:00","closes":"23:59"},"email":"info@hotelalcantara.net","vatID":"B91036921","taxID":"B91036921","currenciesAccepted":"EUR,USD,GBP","paymentAccepted":"Cash,Visa,AmericanExpress,MasterCard"},{"@type":"PostalAddress","@id":"https:\/\/www.hotelalcantara.es\/it\/hotel\/posizione\/#local-main-place-address","streetAddress":"Xim\u00e9nez de Enciso 28","addressLocality":"Sevilla","postalCode":"41004","addressRegion":"Sevilla","addressCountry":"ES"},{"@type":"ImageObject","inLanguage":"it-IT","@id":"https:\/\/www.hotelalcantara.es\/it\/hotel\/posizione\/#local-main-organization-logo","url":"https:\/\/www.hotelalcantara.es\/wp-content\/uploads\/2018\/07\/hotel-alcantara-logo.png","contentUrl":"https:\/\/www.hotelalcantara.es\/wp-content\/uploads\/2018\/07\/hotel-alcantara-logo.png","width":205,"height":175,"caption":"Hotel Alc\u00e1ntara Sevilla"}]},"geo.placename":"Sevilla","geo.position":{"lat":"37.38628","long":"-5.9912469"},"geo.region":"Spagna"},"_links":{"self":[{"href":"https:\/\/www.hotelalcantara.es\/it\/wp-json\/wp\/v2\/pages\/2342","targetHints":{"allow":["GET"]}}],"collection":[{"href":"https:\/\/www.hotelalcantara.es\/it\/wp-json\/wp\/v2\/pages"}],"about":[{"href":"https:\/\/www.hotelalcantara.es\/it\/wp-json\/wp\/v2\/types\/page"}],"author":[{"embeddable":true,"href":"https:\/\/www.hotelalcantara.es\/it\/wp-json\/wp\/v2\/users\/1235"}],"replies":[{"embeddable":true,"href":"https:\/\/www.hotelalcantara.es\/it\/wp-json\/wp\/v2\/comments?post=2342"}],"version-history":[{"count":3,"href":"https:\/\/www.hotelalcantara.es\/it\/wp-json\/wp\/v2\/pages\/2342\/revisions"}],"predecessor-version":[{"id":4562,"href":"https:\/\/www.hotelalcantara.es\/it\/wp-json\/wp\/v2\/pages\/2342\/revisions\/4562"}],"up":[{"embeddable":true,"href":"https:\/\/www.hotelalcantara.es\/it\/wp-json\/wp\/v2\/pages\/2309"}],"wp:attachment":[{"href":"https:\/\/www.hotelalcantara.es\/it\/wp-json\/wp\/v2\/media?parent=2342"}],"curies":[{"name":"wp","href":"https:\/\/api.w.org\/{rel}","templated":true}]}}