{"id":2643,"date":"2018-06-04T16:13:41","date_gmt":"2018-06-04T16:13:41","guid":{"rendered":"https:\/\/www.hotelalcantara.es\/aviso-legal\/"},"modified":"2018-09-19T11:28:16","modified_gmt":"2018-09-19T09:28:16","slug":"avviso-legal","status":"publish","type":"page","link":"https:\/\/www.hotelalcantara.es\/it\/avviso-legal\/","title":{"rendered":"Avviso Legal"},"content":{"rendered":"\n<style type=\"text\/css\" data-created_by=\"avia_inline_auto\" id=\"style-css-av-av_one_full-15d750bd1b332b34c6e70b077ebbccdf\">\n.flex_column.av-av_one_full-15d750bd1b332b34c6e70b077ebbccdf{\nborder-radius:0px 0px 0px 0px;\npadding:0px 0px 0px 0px;\n}\n<\/style>\n<div  class='flex_column av-av_one_full-15d750bd1b332b34c6e70b077ebbccdf av_one_full  avia-builder-el-0  el_before_av_textblock  avia-builder-el-first  first flex_column_div av-zero-column-padding  '     ><\/div>\n<section  class='av_textblock_section av-av_textblock-2de302bf1aa3cf4c9157dbe6f50ac7eb '  ><div class='avia_textblock' ><p>Il seguente avviso legale \u00e9 stato elaborato da YSASI HOTELES S.L., come societ\u00e0 titolare del sito web <a href=\"https:\/\/www.hotelalcantara.es\">www.hotelalcantara.es<\/a> con cui intende osservare gli obblighi indicati nella Legge 34\/2002, dei Servizi della Societ\u00e0 dell\u2019Informazione e del commercio Elettronico, la Legge Organica 15\/1999, del 13 dicembre, di Protezione Dati di Carattere Personale e il Decreto Real 1720\/2007 (RDLOPD) del Reglamento de desarrollo de la LOPD. Tutti coloro che accedono e utilizzano il sito web www.hotelalcantara.es , propriet\u00e0 di YSASI HOTELE S.L., e prenotano le camere attraverso la pagina web, assumono il ruolo di utente, compromettendosi ad osservare e rispettare rigorosamente le disposizioni qui indicate, cos\u00ec come qualsiasi altra disposizione legale che fosse applicabile.<\/p>\n<ol>\n<li><strong>Informazione generale<\/strong><\/li>\n<\/ol>\n<p>Il titolare del sito web <a href=\"https:\/\/www.hotelalcantara.es\">www.hotelalcantara.es<\/a> \u00e9 YSASI HOTELES S.L., societ\u00e0 iscritta nel Registro Mercantil de Sevilla, 3025, Libro 0, Folio 215, Seccion 8, Hoja SE 9706, RTA H\/SE\/00990- Ciudad, dedicata al settore alberghiero, con CIF B91036921, e domicilio nella via Xim\u00e9nez de Enciso, 28. Siviglia, 41004. Il suo indirizzo e-mail \u00e8 <a href=\"mailto:info@hotelalcantara.net\">info@hotelalcantara.net<\/a> e il suo numero di telefono \u00e9 954 500 595.<\/p>\n<ol start=\"2\">\n<li><strong> Politica sulla Privacy e Protezione Dati<\/strong><\/li>\n<\/ol>\n<p>Ai sensi della Legge Organica 15\/1999 di Protezione Dati di Carattere Personale, le informiamo che i suoi dati personali nel caso in cui facesse una prenotazione saranno incorporati a un archivio automatizzato chiamato CLIENTES-PROOVEDORES del quale \u00e9 responsabile YSASI HOTELES S.L., e la cui finalit\u00e0 \u00e9 la gestione dei dati dei clienti necessari per lo svolgimento delle attivit\u00e0 dell\u2019azienda.<\/p>\n<p>I suoi dati saranno utilizzari per le finalit\u00e0 sopra indicate e non saranno ceduti a terze parti.<\/p>\n<p>Pu\u00f2 esercitare i sui diritti (accesso, modificazione, canecellazione) rivolgendosi per iscritto al seguente indirizzo: Via XIMENEZ DE ENCISO 28, 41004, SIVIGLIA o tramite indirizzo elettronico a info@hotelalcantara.net<\/p>\n<ol start=\"3\">\n<li><strong>Propriet\u00e0 <\/strong><strong>Intellettuale e Industriale<\/strong><\/li>\n<\/ol>\n<p>Il sito web, includendo a titolo informativo ma non limitativo la sua programmazione, edizione, compilazione e ulteriori elementi necessari per il suo funzionamento, i disegni, i loghi, testo e\/o grafici sono propriet\u00e0 del fornitore YSASI HOTELES S.L. o dispone eventualmente di licenza o autorizzazione esplicita da parte degli autori. Tutti i contenuti del sito web sono regolarmente protetti dalla normativa sulla propriet\u00e0 intellettuale e industriale, e sono iscritti nei registri pubblici corrispondenti. Indipendentemente dalla finalit\u00e0 per cui sono destinati, la riproduzione totale o parziale, l&#8217;uso, la gestione, la distribuzione e la commercializzazione, richiedono in ogni caso la previa autorizzazione scritta del fornitore. Qualsiasi utilizzo non autorizzato precedentemente dal fornitore sar\u00e0 considerato un grave inadempimento dei diritti sulla propriet\u00e0 intellettuale o industriale dell&#8217;autore.<\/p>\n<ol start=\"4\">\n<li><strong> Legislazione e Giurisdizione<\/strong><\/li>\n<\/ol>\n<p>Le condizioni presenti in questo Avviso Legale sono stabilite dalla legislazione spagnola. Nel caso di denuncia, controversia, o contestazione delle stesse, avranno giurisdizione i Tribunali e i Giudici di Siviglia.<\/p>\n<\/div><\/section>\n","protected":false},"excerpt":{"rendered":"","protected":false},"author":1235,"featured_media":0,"parent":0,"menu_order":200,"comment_status":"closed","ping_status":"closed","template":"","meta":{"footnotes":""},"class_list":["post-2643","page","type-page","status-publish","hentry"],"yoast_head":"<!-- This site is optimized with the Yoast SEO Premium plugin v27.2 (Yoast SEO v27.4) - https:\/\/yoast.com\/product\/yoast-seo-premium-wordpress\/ -->\n<title>Avviso Legal &#8226; Hotel Alc\u00e1ntara Sevilla<\/title>\n<meta name=\"robots\" content=\"noindex, follow\" \/>\n<meta property=\"og:locale\" content=\"it_IT\" \/>\n<meta property=\"og:type\" content=\"article\" \/>\n<meta property=\"og:title\" content=\"Avviso Legal\" \/>\n<meta property=\"og:url\" content=\"https:\/\/www.hotelalcantara.es\/it\/avviso-legal\/\" \/>\n<meta property=\"og:site_name\" content=\"Hotel Alc\u00e1ntara Sevilla\" \/>\n<meta property=\"article:publisher\" content=\"https:\/\/www.facebook.com\/hotelalcantarasevilla\" \/>\n<meta property=\"article:modified_time\" content=\"2018-09-19T09:28:16+00:00\" \/>\n<meta property=\"og:image\" content=\"https:\/\/www.hotelalcantara.es\/wp-content\/uploads\/2021\/06\/zaguanconflamenco.jpg\" \/>\n\t<meta property=\"og:image:width\" content=\"1000\" \/>\n\t<meta property=\"og:image:height\" content=\"676\" \/>\n\t<meta property=\"og:image:type\" content=\"image\/jpeg\" \/>\n<meta name=\"twitter:card\" content=\"summary_large_image\" \/>\n<meta name=\"twitter:image\" content=\"https:\/\/www.hotelalcantara.es\/wp-content\/uploads\/2021\/06\/zaguanconflamenco.jpg\" \/>\n<meta name=\"twitter:label1\" content=\"Tempo di lettura stimato\" \/>\n\t<meta name=\"twitter:data1\" content=\"3 minuti\" \/>\n<script type=\"application\/ld+json\" class=\"yoast-schema-graph\">{\"@context\":\"https:\\\/\\\/schema.org\",\"@graph\":[{\"@type\":\"WebPage\",\"@id\":\"https:\\\/\\\/www.hotelalcantara.es\\\/it\\\/avviso-legal\\\/\",\"url\":\"https:\\\/\\\/www.hotelalcantara.es\\\/it\\\/avviso-legal\\\/\",\"name\":\"Avviso Legal &#8226; Hotel Alc\u00e1ntara Sevilla\",\"isPartOf\":{\"@id\":\"https:\\\/\\\/www.hotelalcantara.es\\\/it\\\/#website\"},\"datePublished\":\"2018-06-04T16:13:41+00:00\",\"dateModified\":\"2018-09-19T09:28:16+00:00\",\"breadcrumb\":{\"@id\":\"https:\\\/\\\/www.hotelalcantara.es\\\/it\\\/avviso-legal\\\/#breadcrumb\"},\"inLanguage\":\"it-IT\",\"potentialAction\":[{\"@type\":\"ReadAction\",\"target\":[\"https:\\\/\\\/www.hotelalcantara.es\\\/it\\\/avviso-legal\\\/\"]}]},{\"@type\":\"BreadcrumbList\",\"@id\":\"https:\\\/\\\/www.hotelalcantara.es\\\/it\\\/avviso-legal\\\/#breadcrumb\",\"itemListElement\":[{\"@type\":\"ListItem\",\"position\":1,\"name\":\"Portada\",\"item\":\"https:\\\/\\\/www.hotelalcantara.es\\\/it\\\/\"},{\"@type\":\"ListItem\",\"position\":2,\"name\":\"Avviso Legal\"}]},{\"@type\":\"WebSite\",\"@id\":\"https:\\\/\\\/www.hotelalcantara.es\\\/it\\\/#website\",\"url\":\"https:\\\/\\\/www.hotelalcantara.es\\\/it\\\/\",\"name\":\"Hotel Alc\u00e1ntara Sevilla\",\"description\":\"Hotel centro de Sevilla\",\"publisher\":{\"@id\":\"https:\\\/\\\/www.hotelalcantara.es\\\/it\\\/#organization\"},\"potentialAction\":[{\"@type\":\"SearchAction\",\"target\":{\"@type\":\"EntryPoint\",\"urlTemplate\":\"https:\\\/\\\/www.hotelalcantara.es\\\/it\\\/?s={search_term_string}\"},\"query-input\":{\"@type\":\"PropertyValueSpecification\",\"valueRequired\":true,\"valueName\":\"search_term_string\"}}],\"inLanguage\":\"it-IT\"},{\"@type\":[\"Organization\",\"Place\",\"Hotel\"],\"@id\":\"https:\\\/\\\/www.hotelalcantara.es\\\/it\\\/#organization\",\"name\":\"Hotel Alc\u00e1ntara Sevilla\",\"url\":\"https:\\\/\\\/www.hotelalcantara.es\\\/it\\\/\",\"logo\":{\"@id\":\"https:\\\/\\\/www.hotelalcantara.es\\\/it\\\/avviso-legal\\\/#local-main-organization-logo\"},\"image\":{\"@id\":\"https:\\\/\\\/www.hotelalcantara.es\\\/it\\\/avviso-legal\\\/#local-main-organization-logo\"},\"sameAs\":[\"https:\\\/\\\/www.facebook.com\\\/hotelalcantarasevilla\",\"https:\\\/\\\/www.instagram.com\\\/hotelalcantara\\\/\"],\"description\":\"El hotel Alc\u00e1ntara es un precioso hotel de dos estrellas ubicado en Sevilla centro, en pleno coraz\u00f3n del Barrio de Santa Cruz, en el conjunto hist\u00f3rico y monumental de Sevilla, donde la ciudad despega toda su belleza y misterio. El hotel, inaugurado en 2002, ocupaba en sus comienzos las antiguas dependencias de servicio y el huerto de una casa se\u00f1orial del siglo XV.\",\"legalName\":\"YSASI HOTELES S.L.\",\"foundingDate\":\"2002-01-01\",\"ownershipFundingInfo\":\"https:\\\/\\\/www.hotelalcantara.es\\\/aviso-legal\\\/\",\"address\":{\"@id\":\"https:\\\/\\\/www.hotelalcantara.es\\\/it\\\/avviso-legal\\\/#local-main-place-address\"},\"geo\":{\"@type\":\"GeoCoordinates\",\"latitude\":\"37.38628\",\"longitude\":\"-5.9912469\"},\"telephone\":[\"+34954500595\"],\"openingHoursSpecification\":{\"@type\":\"OpeningHoursSpecification\",\"dayOfWeek\":[\"Monday\",\"Tuesday\",\"Wednesday\",\"Thursday\",\"Friday\",\"Saturday\",\"Sunday\"],\"opens\":\"00:00\",\"closes\":\"23:59\"},\"email\":\"info@hotelalcantara.net\",\"vatID\":\"B91036921\",\"taxID\":\"B91036921\",\"currenciesAccepted\":\"EUR,USD,GBP\",\"paymentAccepted\":\"Cash,Visa,AmericanExpress,MasterCard\"},{\"@type\":\"PostalAddress\",\"@id\":\"https:\\\/\\\/www.hotelalcantara.es\\\/it\\\/avviso-legal\\\/#local-main-place-address\",\"streetAddress\":\"Xim\u00e9nez de Enciso 28\",\"addressLocality\":\"Sevilla\",\"postalCode\":\"41004\",\"addressRegion\":\"Sevilla\",\"addressCountry\":\"ES\"},{\"@type\":\"ImageObject\",\"inLanguage\":\"it-IT\",\"@id\":\"https:\\\/\\\/www.hotelalcantara.es\\\/it\\\/avviso-legal\\\/#local-main-organization-logo\",\"url\":\"https:\\\/\\\/www.hotelalcantara.es\\\/wp-content\\\/uploads\\\/2018\\\/07\\\/hotel-alcantara-logo.png\",\"contentUrl\":\"https:\\\/\\\/www.hotelalcantara.es\\\/wp-content\\\/uploads\\\/2018\\\/07\\\/hotel-alcantara-logo.png\",\"width\":205,\"height\":175,\"caption\":\"Hotel Alc\u00e1ntara Sevilla\"}]}<\/script>\n<meta name=\"geo.placename\" content=\"Sevilla\" \/>\n<meta name=\"geo.position\" content=\"37.38628;-5.9912469\" \/>\n<meta name=\"geo.region\" content=\"Spagna\" \/>\n<!-- \/ Yoast SEO Premium plugin. -->","yoast_head_json":{"title":"Avviso Legal &#8226; Hotel Alc\u00e1ntara Sevilla","robots":{"index":"noindex","follow":"follow"},"og_locale":"it_IT","og_type":"article","og_title":"Avviso Legal","og_url":"https:\/\/www.hotelalcantara.es\/it\/avviso-legal\/","og_site_name":"Hotel Alc\u00e1ntara Sevilla","article_publisher":"https:\/\/www.facebook.com\/hotelalcantarasevilla","article_modified_time":"2018-09-19T09:28:16+00:00","og_image":[{"width":1000,"height":676,"url":"https:\/\/www.hotelalcantara.es\/wp-content\/uploads\/2021\/06\/zaguanconflamenco.jpg","type":"image\/jpeg"}],"twitter_card":"summary_large_image","twitter_image":"https:\/\/www.hotelalcantara.es\/wp-content\/uploads\/2021\/06\/zaguanconflamenco.jpg","twitter_misc":{"Tempo di lettura stimato":"3 minuti"},"schema":{"@context":"https:\/\/schema.org","@graph":[{"@type":"WebPage","@id":"https:\/\/www.hotelalcantara.es\/it\/avviso-legal\/","url":"https:\/\/www.hotelalcantara.es\/it\/avviso-legal\/","name":"Avviso Legal &#8226; Hotel Alc\u00e1ntara Sevilla","isPartOf":{"@id":"https:\/\/www.hotelalcantara.es\/it\/#website"},"datePublished":"2018-06-04T16:13:41+00:00","dateModified":"2018-09-19T09:28:16+00:00","breadcrumb":{"@id":"https:\/\/www.hotelalcantara.es\/it\/avviso-legal\/#breadcrumb"},"inLanguage":"it-IT","potentialAction":[{"@type":"ReadAction","target":["https:\/\/www.hotelalcantara.es\/it\/avviso-legal\/"]}]},{"@type":"BreadcrumbList","@id":"https:\/\/www.hotelalcantara.es\/it\/avviso-legal\/#breadcrumb","itemListElement":[{"@type":"ListItem","position":1,"name":"Portada","item":"https:\/\/www.hotelalcantara.es\/it\/"},{"@type":"ListItem","position":2,"name":"Avviso Legal"}]},{"@type":"WebSite","@id":"https:\/\/www.hotelalcantara.es\/it\/#website","url":"https:\/\/www.hotelalcantara.es\/it\/","name":"Hotel Alc\u00e1ntara Sevilla","description":"Hotel centro de Sevilla","publisher":{"@id":"https:\/\/www.hotelalcantara.es\/it\/#organization"},"potentialAction":[{"@type":"SearchAction","target":{"@type":"EntryPoint","urlTemplate":"https:\/\/www.hotelalcantara.es\/it\/?s={search_term_string}"},"query-input":{"@type":"PropertyValueSpecification","valueRequired":true,"valueName":"search_term_string"}}],"inLanguage":"it-IT"},{"@type":["Organization","Place","Hotel"],"@id":"https:\/\/www.hotelalcantara.es\/it\/#organization","name":"Hotel Alc\u00e1ntara Sevilla","url":"https:\/\/www.hotelalcantara.es\/it\/","logo":{"@id":"https:\/\/www.hotelalcantara.es\/it\/avviso-legal\/#local-main-organization-logo"},"image":{"@id":"https:\/\/www.hotelalcantara.es\/it\/avviso-legal\/#local-main-organization-logo"},"sameAs":["https:\/\/www.facebook.com\/hotelalcantarasevilla","https:\/\/www.instagram.com\/hotelalcantara\/"],"description":"El hotel Alc\u00e1ntara es un precioso hotel de dos estrellas ubicado en Sevilla centro, en pleno coraz\u00f3n del Barrio de Santa Cruz, en el conjunto hist\u00f3rico y monumental de Sevilla, donde la ciudad despega toda su belleza y misterio. El hotel, inaugurado en 2002, ocupaba en sus comienzos las antiguas dependencias de servicio y el huerto de una casa se\u00f1orial del siglo XV.","legalName":"YSASI HOTELES S.L.","foundingDate":"2002-01-01","ownershipFundingInfo":"https:\/\/www.hotelalcantara.es\/aviso-legal\/","address":{"@id":"https:\/\/www.hotelalcantara.es\/it\/avviso-legal\/#local-main-place-address"},"geo":{"@type":"GeoCoordinates","latitude":"37.38628","longitude":"-5.9912469"},"telephone":["+34954500595","+34954500595"],"openingHoursSpecification":{"@type":"OpeningHoursSpecification","dayOfWeek":["Monday","Tuesday","Wednesday","Thursday","Friday","Saturday","Sunday"],"opens":"00:00","closes":"23:59"},"email":"info@hotelalcantara.net","vatID":"B91036921","taxID":"B91036921","currenciesAccepted":"EUR,USD,GBP","paymentAccepted":"Cash,Visa,AmericanExpress,MasterCard"},{"@type":"PostalAddress","@id":"https:\/\/www.hotelalcantara.es\/it\/avviso-legal\/#local-main-place-address","streetAddress":"Xim\u00e9nez de Enciso 28","addressLocality":"Sevilla","postalCode":"41004","addressRegion":"Sevilla","addressCountry":"ES"},{"@type":"ImageObject","inLanguage":"it-IT","@id":"https:\/\/www.hotelalcantara.es\/it\/avviso-legal\/#local-main-organization-logo","url":"https:\/\/www.hotelalcantara.es\/wp-content\/uploads\/2018\/07\/hotel-alcantara-logo.png","contentUrl":"https:\/\/www.hotelalcantara.es\/wp-content\/uploads\/2018\/07\/hotel-alcantara-logo.png","width":205,"height":175,"caption":"Hotel Alc\u00e1ntara Sevilla"}]},"geo.placename":"Sevilla","geo.position":{"lat":"37.38628","long":"-5.9912469"},"geo.region":"Spagna"},"_links":{"self":[{"href":"https:\/\/www.hotelalcantara.es\/it\/wp-json\/wp\/v2\/pages\/2643","targetHints":{"allow":["GET"]}}],"collection":[{"href":"https:\/\/www.hotelalcantara.es\/it\/wp-json\/wp\/v2\/pages"}],"about":[{"href":"https:\/\/www.hotelalcantara.es\/it\/wp-json\/wp\/v2\/types\/page"}],"author":[{"embeddable":true,"href":"https:\/\/www.hotelalcantara.es\/it\/wp-json\/wp\/v2\/users\/1235"}],"replies":[{"embeddable":true,"href":"https:\/\/www.hotelalcantara.es\/it\/wp-json\/wp\/v2\/comments?post=2643"}],"version-history":[{"count":0,"href":"https:\/\/www.hotelalcantara.es\/it\/wp-json\/wp\/v2\/pages\/2643\/revisions"}],"wp:attachment":[{"href":"https:\/\/www.hotelalcantara.es\/it\/wp-json\/wp\/v2\/media?parent=2643"}],"curies":[{"name":"wp","href":"https:\/\/api.w.org\/{rel}","templated":true}]}}